{"id":21892,"date":"2024-12-17T18:07:16","date_gmt":"2024-12-17T15:07:16","guid":{"rendered":"http:\/\/labostera.lt\/?post_type=product&#038;p=21892"},"modified":"2024-12-17T18:11:21","modified_gmt":"2024-12-17T15:11:21","slug":"plonos-pleveles-garinimo-bandomoji-stotis","status":"publish","type":"product","link":"https:\/\/labostera.lt\/lv\/priemones-ir-iranga\/mokymo-priemones-ir-iranga\/plonos-pleveles-garinimo-bandomoji-stotis\/","title":{"rendered":"Pl\u0101n\u0101s pl\u0113ves iztvaiko\u0161anas pilotstacija"},"content":{"rendered":"<p>Pl\u0101n\u0101s pl\u0113ves iztvaiko\u0161anas pilotstacija <strong>PL\u0100NAS PL\u0100TNES IZTVAIC\u0112\u0160ANAS IZM\u0112\u0122IN\u0100JUMA IEK\u0100RTA<\/strong> \u2013 ir \u0161\u0137\u012bdumu koncentr\u0113\u0161anas apm\u0101c\u012bbas sist\u0113ma, kas \u012bpa\u0161i piem\u0113rota karstumjut\u012bgiem, viskoziem vai viegli pies\u0101r\u0146ojamiem produktiem, piem\u0113ram, cukura, vitam\u012bnu, olbaltumvielu \u0161\u0137\u012bdumiem, aug\u013cu sul\u0101m vai ferment\u0101cijas buljoniem. Iztvaiko\u0161anas process notiek cilindrisk\u0101 trauk\u0101, kas apr\u012bkots ar tvaika sild\u012b\u0161anas apvalku un tr\u012bs l\u0101psti\u0146u rotoru, veidojot uz sien\u0101m \u0101rk\u0101rt\u012bgi pl\u0101nu \u0161\u0137idruma sl\u0101ni.<\/p>\n<p><strong>Automatiz\u0113t\u0101 versija (ESSa\/EV)<\/strong> \u013cauj autom\u0101tiski kontrol\u0113t tvaika pl\u016bsmu un sist\u0113mas vakuumu, izmantojot PID regulatoru, un uzraudz\u012bt procesu ar datoru.<\/p>\n<p><strong>M\u0101c\u012bbu programma:<\/strong><br \/>\n\u0160\u012b stacija sniedz iesp\u0113ju detaliz\u0113ti izp\u0113t\u012bt \u0161\u0101dus procesus:<\/p>\n<ul>\n<li>Masas un ener\u0123ijas bilances;<\/li>\n<li>Kop\u0113j\u0101 siltuma p\u0101rneses koeficienta noteik\u0161ana;<\/li>\n<li>Iztvaiko\u0161anas procesa optimiz\u0101cija;<\/li>\n<li>Autom\u0101tiska pl\u016bsmas un vakuuma kontrole (tikai <strong>ES\/EEZ<\/strong> modelis);<\/li>\n<li>Sist\u0113mas uzraudz\u012bba un vad\u012bba, izmantojot datoru (tikai <strong>ES\/EEZ<\/strong> modelis).<\/li>\n<\/ul>\n<p><strong>Tehnisk\u0101s specifik\u0101cijas (ESS\/EV):<\/strong><\/p>\n<ul>\n<li>AISI 304 ner\u016bs\u0113jo\u0161\u0101 t\u0113rauda r\u0101mis ar rite\u0146iem;<\/li>\n<li>Borosilik\u0101ta stikla trauki:\n<ul>\n<li>Bar\u012bbai (10 l),<\/li>\n<li>Koncentr\u0113tam \u0161\u0137\u012bdumam (10 l),<\/li>\n<li>Iztvaic\u0113tam \u0161\u0137\u012bdin\u0101t\u0101jam (10 l);<\/li>\n<\/ul>\n<\/li>\n<li>AISI 316 ner\u016bs\u0113jo\u0161\u0101 t\u0113rauda pl\u0113ves iztvaic\u0113t\u0101js ar:\n<ul>\n<li>Tr\u012bs l\u0101psti\u0146u rotators (0\u20131500 apgr.\/min),<\/li>\n<li>Siltummai\u0146as virsma 0,12 m\u00b2,<\/li>\n<li>Iztvaiko\u0161anas jauda l\u012bdz 10 kg\/h H\u2082O;<\/li>\n<\/ul>\n<\/li>\n<li>AISI 304 ner\u016bs\u0113jo\u0161\u0101 t\u0113rauda cauru\u013cvadi, v\u0101rsti un siltummainis (1,1 m\u00b2);<\/li>\n<li>Pneimatiskais doz\u0113\u0161anas s\u016bknis ar regul\u0113jamu pl\u016bsmu (0\u201320 l\/h);<\/li>\n<li>\u0160\u0137idruma gredzena vakuums\u016bknis ar gaisa\/\u016bdens separatoru;<\/li>\n<li>PID regulators un pneimatiskie v\u0101rsti tvaika pl\u016bsmas un vakuuma kontrolei (ESSa\/EV);<\/li>\n<li>6 Pt100 temperat\u016bras sensori un elektroniskie indikatori;<\/li>\n<li>Diferenci\u0101l\u0101 spiediena un vakuuma raid\u012bt\u0101ji ar 4\u201320 mA sign\u0101la izeju (ESSc\/EV un ESSa\/EV);<\/li>\n<li>IP55 sl\u0113dzis ar CE mar\u0137\u0113jumu, av\u0101rijas pogu un ELCB aizsardz\u012bbu.<\/li>\n<\/ul>\n<p><strong>Izm\u0113ri un svars:<\/strong><\/p>\n<ul>\n<li>Izm\u0113ri: 2100 \u00d7 800 \u00d7 3000 mm;<\/li>\n<li>Svars: 260 kg.<\/li>\n<\/ul>","protected":false},"excerpt":{"rendered":"<p>Pl\u0101n\u0101s pl\u0113ves iztvaiko\u0161anas testa stacija ir apm\u0101c\u012bbu sist\u0113ma \u0161\u0137\u012bdumu koncentr\u0113\u0161anai, izmantojot pl\u0101nu \u0161\u0137idruma sl\u0101ni, kas veidojas uz iztvaic\u0113t\u0101ja sien\u0101m. Ier\u012bce ir piem\u0113rota termiski jut\u012bgiem un viskoziem materi\u0101liem, un tai ir automatiz\u0113ta pl\u016bsmas un vakuuma kontrole (ESSa\/EV). T\u0101 ir ide\u0101li piem\u0113rota masas un ener\u0123ijas bilances p\u0113t\u012bjumiem un iztvaiko\u0161anas procesa p\u0113t\u012bjumiem.<\/p>","protected":false},"featured_media":21890,"template":"","meta":[],"product_cat":[79,1098],"product_tag":[],"class_list":{"0":"post-21892","1":"product","2":"type-product","3":"status-publish","4":"has-post-thumbnail","6":"product_cat-mokymo-priemones-ir-iranga","7":"product_cat-didaktine-iranga-techniniam-ugdymui","9":"first","10":"instock","11":"shipping-taxable","12":"product-type-simple"},"_links":{"self":[{"href":"https:\/\/labostera.lt\/lv\/wp-json\/wp\/v2\/product\/21892","targetHints":{"allow":["GET"]}}],"collection":[{"href":"https:\/\/labostera.lt\/lv\/wp-json\/wp\/v2\/product"}],"about":[{"href":"https:\/\/labostera.lt\/lv\/wp-json\/wp\/v2\/types\/product"}],"wp:featuredmedia":[{"embeddable":true,"href":"https:\/\/labostera.lt\/lv\/wp-json\/wp\/v2\/media\/21890"}],"wp:attachment":[{"href":"https:\/\/labostera.lt\/lv\/wp-json\/wp\/v2\/media?parent=21892"}],"wp:term":[{"taxonomy":"product_cat","embeddable":true,"href":"https:\/\/labostera.lt\/lv\/wp-json\/wp\/v2\/product_cat?post=21892"},{"taxonomy":"product_tag","embeddable":true,"href":"https:\/\/labostera.lt\/lv\/wp-json\/wp\/v2\/product_tag?post=21892"}],"curies":[{"name":"wp","href":"https:\/\/api.w.org\/{rel}","templated":true}]}}