{"id":21889,"date":"2024-12-17T18:03:35","date_gmt":"2024-12-17T15:03:35","guid":{"rendered":"http:\/\/labostera.lt\/?post_type=product&#038;p=21889"},"modified":"2024-12-17T18:08:01","modified_gmt":"2024-12-17T15:08:01","slug":"kietuju-skysciu-ekstrakcijos-bandomoji-stotis","status":"publish","type":"product","link":"https:\/\/labostera.lt\/lv\/priemones-ir-iranga\/mokymo-priemones-ir-iranga\/kietuju-skysciu-ekstrakcijos-bandomoji-stotis\/","title":{"rendered":"Cietvielu-\u0161\u0137idruma ekstrakcijas pilotstacija"},"content":{"rendered":"<p><strong>Cietvielu-\u0161\u0137idruma ekstrakcijas pilotiek\u0101rta CIETVIELU-\u0160\u0136IDRUMU EKSTRAKCIJAS PILOTIK\u0100LIJA<\/strong> ir paredz\u0113ta nep\u0101rtrauktai pretpl\u016bsmas ekstrakcijai \u0137\u012bmisk\u0101s in\u017eenierijas eksperimentos. Ier\u012bce izmanto Arhim\u0113da skr\u016bvi, lai nodro\u0161in\u0101tu nep\u0101rtrauktu cietvielu kust\u012bbu, kam\u0113r \u0161\u0137\u012bdin\u0101t\u0101js p\u0101rvietojas pretpl\u016bsm\u0101 gravit\u0101cijas ietekm\u0113.<\/p>\n<p>Ciet\u0101 f\u0101ze tiek padota caur AISI 304 ner\u016bs\u0113jo\u0161\u0101 t\u0113rauda piltuvi, un \u0161\u0137\u012bdin\u0101t\u0101js ekstraktor\u0101 tiek padots no aug\u0161as, izmantojot peristaltisku s\u016bkni. Automatiz\u0113ts modelis. <strong>SLa\/EV<\/strong> ir ar\u012b PID regulators, kas \u013cauj autom\u0101tiski regul\u0113t \u0161\u0137\u012bdin\u0101t\u0101ja uzsild\u012b\u0161anas temperat\u016bru, nodro\u0161inot prec\u012bz\u0101ku procesa kontroli.<\/p>\n<p><strong>M\u0101c\u012bbu programma:<\/strong><br \/>\n\u0160\u012b eksperiment\u0101l\u0101 stacija \u013cauj jums padzi\u013cin\u0101t zin\u0101\u0161anas par:<\/p>\n<ul>\n<li>Teor\u0113tisk\u0101s stadijas apr\u0113\u0137ini;<\/li>\n<li>Ekstrakcijas efektivit\u0101tes anal\u012bze, mainot cietvielu un \u0161\u0137\u012bdin\u0101t\u0101ja pl\u016bsmu, \u012bpa\u0161\u012bbas un temperat\u016bru;<\/li>\n<li>Da\u017e\u0101du materi\u0101lu ieguve:\n<ul>\n<li>Sojas pupi\u0146u e\u013c\u013ca ar heks\u0101nu,<\/li>\n<li>Hlorofils no spin\u0101tiem ar etanolu,<\/li>\n<li>Ol\u012bve\u013c\u013ca ar heks\u0101nu,<\/li>\n<li>Kartupe\u013cu ciete ar \u016bdeni.<\/li>\n<\/ul>\n<\/li>\n<li>Autom\u0101tiska temperat\u016bras kontrole (tikai <strong>SLa\/EV<\/strong> modelis);<\/li>\n<li>Iek\u0101rtas sist\u0113mas uzraudz\u012bba, izmantojot datoru (tikai <strong>SLa\/EV<\/strong> modelis).<\/li>\n<\/ul>\n<p><strong>Tehnisk\u0101s specifik\u0101cijas (Mod. SL\/EV):<\/strong><\/p>\n<ul>\n<li>AISI 304 ner\u016bs\u0113jo\u0161\u0101 t\u0113rauda r\u0101mis ar rite\u0146iem;<\/li>\n<li>Borsilik\u0101ta stikla ekstraktors (DN 100, garums 1000 mm) ar PTFE Arhim\u0113da skr\u016bvi;<\/li>\n<li>AISI 304 ner\u016bs\u0113jo\u0161\u0101 t\u0113rauda piltuve (2 l tilpums);<\/li>\n<li>\u0100trgaitas dzin\u0113ji:\n<ul>\n<li>Cietu materi\u0101lu padevei (0\u201320 apgr.\/min.),<\/li>\n<li>Arhim\u0113da skr\u016bves ekstraktoram (0\u201310 apgr.\/min);<\/li>\n<\/ul>\n<\/li>\n<li>2 programm\u0113jami taimeri;<\/li>\n<li>Borsilik\u0101ta stikla trauki \u0161\u0137\u012bdin\u0101t\u0101jam, ekstrah\u0113tajai f\u0101zei un izlietotajam cietajam atlikumam (katrs 10 l);<\/li>\n<li>AISI 304 ner\u016bs\u0113jo\u0161\u0101 t\u0113rauda kondensators ar 0,1 m\u00b2 siltumapmai\u0146as virsmu;<\/li>\n<li>3 Pt100 termop\u0101ri ar AISI 316 apvalku;<\/li>\n<li>Elektroniskas temperat\u016bras indik\u0101cijas;<\/li>\n<li>Kvarca elektriskais sild\u012bt\u0101js (0,3 kW);<\/li>\n<li>Doz\u0113\u0161anas s\u016bknis (AISI 316) ar regul\u0113jamu pl\u016bsmu 0\u201312 l\/h;<\/li>\n<li>AISI 304 un AISI 316 ner\u016bs\u0113jo\u0161\u0101 t\u0113rauda cauru\u013cvadi un v\u0101rsti;<\/li>\n<li>IP55 panelis ar av\u0101rijas pogu un ELCB aizsardz\u012bbu.<\/li>\n<\/ul>\n<p><strong>Automatiz\u0113t\u0101 versija (Mod. SLa\/EV):<\/strong><\/p>\n<ul>\n<li>PID regulators \u0161\u0137\u012bdin\u0101t\u0101ja temperat\u016bras kontrolei;<\/li>\n<li>Sist\u0113mas uztur\u0113\u0161ana un p\u0101rvald\u012bba, izmantojot datoru.<\/li>\n<\/ul>","protected":false},"excerpt":{"rendered":"<p><strong>Cietvielu-\u0161\u0137idruma ekstrakcijas pilotiek\u0101rta CIETVIELU-\u0160\u0136IDRUMU EKSTRAKCIJAS PILOTIK\u0100LIJA<\/strong> \u2013 ir moderna m\u0101c\u012bbu programma revers\u0101s ekstrakcijas veik\u0161anai \u0137\u012bmisk\u0101s in\u017eenierijas jom\u0101. Izmantojot Arhim\u0113da skr\u016bvi un automatiz\u0113tu \u0161\u0137\u012bdin\u0101t\u0101ja temperat\u016bras kontroli (SLa\/EV modelim), ier\u012bce \u013cauj p\u0113t\u012bt ekstrakcijas efektivit\u0101ti main\u012bgos cietvielu un \u0161\u0137\u012bdin\u0101t\u0101ja parametros. Lieliski piem\u0113rota apm\u0101c\u012bbas programm\u0101m, kas veic e\u013c\u013cas, hlorofila un cietes ekstrakciju.<\/p>","protected":false},"featured_media":21891,"template":"","meta":[],"product_cat":[79,1098],"product_tag":[],"class_list":{"0":"post-21889","1":"product","2":"type-product","3":"status-publish","4":"has-post-thumbnail","6":"product_cat-mokymo-priemones-ir-iranga","7":"product_cat-didaktine-iranga-techniniam-ugdymui","9":"first","10":"instock","11":"shipping-taxable","12":"product-type-simple"},"_links":{"self":[{"href":"https:\/\/labostera.lt\/lv\/wp-json\/wp\/v2\/product\/21889","targetHints":{"allow":["GET"]}}],"collection":[{"href":"https:\/\/labostera.lt\/lv\/wp-json\/wp\/v2\/product"}],"about":[{"href":"https:\/\/labostera.lt\/lv\/wp-json\/wp\/v2\/types\/product"}],"wp:featuredmedia":[{"embeddable":true,"href":"https:\/\/labostera.lt\/lv\/wp-json\/wp\/v2\/media\/21891"}],"wp:attachment":[{"href":"https:\/\/labostera.lt\/lv\/wp-json\/wp\/v2\/media?parent=21889"}],"wp:term":[{"taxonomy":"product_cat","embeddable":true,"href":"https:\/\/labostera.lt\/lv\/wp-json\/wp\/v2\/product_cat?post=21889"},{"taxonomy":"product_tag","embeddable":true,"href":"https:\/\/labostera.lt\/lv\/wp-json\/wp\/v2\/product_tag?post=21889"}],"curies":[{"name":"wp","href":"https:\/\/api.w.org\/{rel}","templated":true}]}}