{"id":21885,"date":"2024-12-16T12:23:22","date_gmt":"2024-12-16T09:23:22","guid":{"rendered":"http:\/\/labostera.lt\/?post_type=product&#038;p=21885"},"modified":"2024-12-16T12:26:35","modified_gmt":"2024-12-16T09:26:35","slug":"silumos-perdavimo-bandomoji-iranga-su-vamzdis-vamzdyje-bei-oro-silumokaiciais-utc-3-ev","status":"publish","type":"product","link":"https:\/\/labostera.lt\/lv\/priemones-ir-iranga\/mokymo-priemones-ir-iranga\/silumos-perdavimo-bandomoji-iranga-su-vamzdis-vamzdyje-bei-oro-silumokaiciais-utc-3-ev\/","title":{"rendered":"Siltuma p\u0101rneses testa iek\u0101rta ar caurule-caurul\u0113 un gaisa siltummai\u0146iem UTC-3\/EV"},"content":{"rendered":"<p>Siltuma p\u0101rneses testa iek\u0101rta ar caurule-caurul\u0113 un gaisa siltummai\u0146iem UTC-3\/EV ir ier\u012bce, kas paredz\u0113ta siltuma p\u0101rneses p\u0113t\u012bjumiem, izmantojot caurule-caurul\u0113 un gaisa siltummai\u0146u sist\u0113mas. Ier\u012bce \u013cauj veikt eksperimentus gan l\u012bdzpl\u016bsm\u0101, gan pretpl\u016bsm\u0101, t\u0101d\u0113j\u0101di padzi\u013c\u0101k iedzi\u013cinoties siltumapmai\u0146as principos un efektivit\u0101tes apr\u0113\u0137inos. Automatiz\u0113ts modelis <strong>Mod. UTC-3a\/EV<\/strong> ir PID regulators, kas autom\u0101tiski kontrol\u0113 pl\u016bsmas \u0101trumu, izmantojot divus pneimatiskos v\u0101rstus.<\/p>\n<ul>\n<li><strong>Mod. UTC-3\/EV<\/strong> Ietver cauru\u013cveida siltummaini caurul\u0113-caurul\u0113 konstrukcij\u0101 (0,3 m\u00b2 apmai\u0146as virsma), kas izgatavots no AISI 304 ner\u016bs\u0113jo\u0161\u0101 t\u0113rauda, un radiatoru ar main\u012bga \u0101truma ventilatoru. Ier\u012bcei ir elektronisks anemometrs, divi pl\u016bsmas m\u0113r\u012bt\u0101ji ar diapazonu no 100 l\u012bdz 1000 l\/h (tikai <strong>Mod. UTC-3\/EV<\/strong> modelis) un se\u0161i Pt 100 pretest\u012bbas termometri ar AISI 316 ner\u016bs\u0113jo\u0161\u0101 t\u0113rauda korpusu.<\/li>\n<li><strong>Mod. UTC-3c\/EV<\/strong> pievieno visu <strong>Mod. UTC-3\/EV<\/strong> priek\u0161roc\u012bbas, k\u0101 ar\u012b elektroniskie magn\u0113tisk\u0101s indukcijas pl\u016bsmas m\u0113r\u012bt\u0101ji (AISI 316 ner\u016bs\u0113jo\u0161ais t\u0113rauds, diapazons no 0 l\u012bdz 1000 l\/h, 4\u201320 mA izejas sign\u0101ls), datora piesl\u0113guma saskarne un datu ieguves programmat\u016bra.<\/li>\n<li><strong>Mod. UTC-3a\/EV<\/strong> bez neviena <strong>Mod. UTC-3\/EV<\/strong> un <strong>Mod. UTC-3c\/EV<\/strong> funkcijas, ietver divus pneimatiskos v\u0101rstus (AISI 316 ner\u016bs\u0113jo\u0161ais t\u0113rauds, Cv = 2,5) pl\u016bsmas kontrolei, mikroprocesora digit\u0101lo PID regulatoru ar seri\u0101l\u0101s kartes savienojumu un Windows balst\u012btu uzraudz\u012bbas programmat\u016bru. Tas \u013cauj kontrol\u0113t IESL\u0112G\u0160ANAS\/IZSL\u0112G\u0160ANAS sign\u0101lus, analogos sign\u0101lus no PID regulatora un uzraudz\u012bt re\u0101llaika tendences un v\u0113sturiskos datus.<\/li>\n<\/ul>\n<p><strong>Tehniskie dati<\/strong>:<\/p>\n<ul>\n<li>Ier\u012bces r\u0101mis: AISI 304 ner\u016bs\u0113jo\u0161ais t\u0113rauds, ar rite\u0146iem.<\/li>\n<li>Caurule-caurul\u0113 siltummainis: AISI 304 ner\u016bs\u0113jo\u0161ais t\u0113rauds, ar 0,3 m\u00b2 apmai\u0146as virsmu.<\/li>\n<li>Radiators ar ventilatoru: main\u012bgs \u0101trums.<\/li>\n<li>Elektroniskais anemometrs.<\/li>\n<li>Pl\u016bsmas m\u0113r\u012bt\u0101ji: 2 caursp\u012bd\u012bgi, regul\u0113jama laukuma pl\u016bsmas m\u0113r\u012bt\u0101ji (100\u20131000 l\/h).<\/li>\n<li>Termorezistences: 6 gab. Pt 100 ar AISI 316 ner\u016bs\u0113jo\u0161\u0101 t\u0113rauda korpusu.<\/li>\n<li>Elektroniskie temperat\u016bras indikatori: 6 gab.<\/li>\n<li>Cauru\u013cvadi un v\u0101rsti: AISI 304 un AISI 316 ner\u016bs\u0113jo\u0161ais t\u0113rauds.<\/li>\n<li>Datorsist\u0113mu uzraudz\u012bba: tikai <strong>Mod. UTC-3a\/EV<\/strong> model\u012b.<\/li>\n<li>Baro\u0161ana: 230 V mai\u0146str\u0101va, 50 Hz vienf\u0101zes frekvence, 1,5 kVA (citas sprieguma un frekvences opcijas p\u0113c piepras\u012bjuma).<\/li>\n<li>Izm\u0113ri: 1400 \u00d7 800 \u00d7 1800 mm.<\/li>\n<li>Svars: 130 kg.<\/li>\n<\/ul>","protected":false},"excerpt":{"rendered":"<p>Siltuma p\u0101rneses testa iek\u0101rta ar caurul\u012bte-caurul\u012bt\u0113 un gaisa siltummai\u0146iem UTC-3\/EV ir ier\u012bce, kas paredz\u0113ta siltuma p\u0101rneses p\u0113t\u012bjumiem, izmantojot cauru\u013cu un gaisa siltummai\u0146us. Mode\u013ci ietver manu\u0101lu un autom\u0101tisku vad\u012bbu, PID regulatoru, pl\u016bsmas m\u0113r\u012bt\u0101jus un temperat\u016bras sensorus. \u0160is ir ide\u0101ls risin\u0101jums apm\u0101c\u012bbai, iedzi\u013cinoties siltumapmai\u0146as principos un efektivit\u0101tes apr\u0113\u0137in\u0101\u0161an\u0101.<\/p>","protected":false},"featured_media":21886,"template":"","meta":[],"product_cat":[79,1098],"product_tag":[],"class_list":{"0":"post-21885","1":"product","2":"type-product","3":"status-publish","4":"has-post-thumbnail","6":"product_cat-mokymo-priemones-ir-iranga","7":"product_cat-didaktine-iranga-techniniam-ugdymui","9":"first","10":"instock","11":"shipping-taxable","12":"product-type-simple"},"_links":{"self":[{"href":"https:\/\/labostera.lt\/lv\/wp-json\/wp\/v2\/product\/21885","targetHints":{"allow":["GET"]}}],"collection":[{"href":"https:\/\/labostera.lt\/lv\/wp-json\/wp\/v2\/product"}],"about":[{"href":"https:\/\/labostera.lt\/lv\/wp-json\/wp\/v2\/types\/product"}],"wp:featuredmedia":[{"embeddable":true,"href":"https:\/\/labostera.lt\/lv\/wp-json\/wp\/v2\/media\/21886"}],"wp:attachment":[{"href":"https:\/\/labostera.lt\/lv\/wp-json\/wp\/v2\/media?parent=21885"}],"wp:term":[{"taxonomy":"product_cat","embeddable":true,"href":"https:\/\/labostera.lt\/lv\/wp-json\/wp\/v2\/product_cat?post=21885"},{"taxonomy":"product_tag","embeddable":true,"href":"https:\/\/labostera.lt\/lv\/wp-json\/wp\/v2\/product_tag?post=21885"}],"curies":[{"name":"wp","href":"https:\/\/api.w.org\/{rel}","templated":true}]}}