{"id":21883,"date":"2024-12-16T12:13:59","date_gmt":"2024-12-16T09:13:59","guid":{"rendered":"http:\/\/labostera.lt\/?post_type=product&#038;p=21883"},"modified":"2024-12-16T12:18:06","modified_gmt":"2024-12-16T09:18:06","slug":"silumos-perdavimo-bandomoji-iranga-su-korpuso-vamzdzio-bei-ritiniu-silumokaiciais","status":"publish","type":"product","link":"https:\/\/labostera.lt\/lv\/priemones-ir-iranga\/mokymo-priemones-ir-iranga\/silumos-perdavimo-bandomoji-iranga-su-korpuso-vamzdzio-bei-ritiniu-silumokaiciais\/","title":{"rendered":"Siltuma p\u0101rneses testa iek\u0101rtas ar cauru\u013cveida un spir\u0101lveida siltummai\u0146iem"},"content":{"rendered":"<p>Siltuma p\u0101rneses testa iek\u0101rta ar apvalka un cauru\u013cu un spir\u0101les siltummai\u0146iem ir ier\u012bce, kas paredz\u0113ta siltuma p\u0101rneses p\u0113t\u012bjumiem, izmantojot cauru\u013cu un spir\u0101les siltummai\u0146u sist\u0113mas. Ier\u012bce \u013cauj padzi\u013cin\u0101ti p\u0113t\u012bt siltuma apmai\u0146u starp \u0161\u0137idrumiem, kas ir atdal\u012bti ar sienu, gan l\u012bdzpl\u016bsm\u0101, gan pretpl\u016bsm\u0101. Mode\u013ci at\u0161\u0137iras p\u0113c funkcij\u0101m: no manu\u0101las vad\u012bbas l\u012bdz piln\u012bb\u0101 automatiz\u0113tai sist\u0113mai ar PID regulatoru.<\/p>\n<ul>\n<li><strong>Mod. UTC-2\/EV<\/strong> Ietver spir\u0101lveida siltummaini ar AISI 304 ner\u016bs\u0113jo\u0161\u0101 t\u0113rauda caurul\u0113m un borsilik\u0101ta stikla apvalku (0,1 m\u00b2 apmai\u0146as virsma), k\u0101 ar\u012b cauru\u013cveida siltummaini ar AISI 304 ner\u016bs\u0113jo\u0161\u0101 t\u0113rauda caurul\u0113m un borsilik\u0101ta stikla apvalku (0,1 m\u00b2 apmai\u0146as virsma). Ier\u012bcei ir divi regul\u0113jama laukuma caursp\u012bd\u012bgi pl\u016bsmas m\u0113r\u012bt\u0101ji (diapazons no 100 l\u012bdz 1000 l\/h) un \u010detri Pt 100 termorezistori ar AISI 304 ner\u016bs\u0113jo\u0161\u0101 t\u0113rauda korpusu.<\/li>\n<li><strong>Mod. UTC-2c\/EV<\/strong> bez neviena <strong>Mod. UTC-2\/EV<\/strong> funkcijas, pievieno elektroniskos magn\u0113tisk\u0101s indukcijas pl\u016bsmas m\u0113r\u012bt\u0101jus (AISI 316 ner\u016bs\u0113jo\u0161ais t\u0113rauds, diapazons no 0 l\u012bdz 1000 l\/h, 4\u201320 mA izejas sign\u0101ls) un datora savienojuma saskarni, tostarp datu ieguves programmat\u016bru oper\u0113t\u0101jsist\u0113mai Windows.<\/li>\n<li><strong>Mod. UTC-2a\/EV<\/strong> bez neviena <strong>Mod. UTC-2\/EV<\/strong> un <strong>Mod. UTC-2c\/EV<\/strong> funkcijas, pievieno divus pneimatiskos v\u0101rstus (AISI 316 ner\u016bs\u0113jo\u0161ais t\u0113rauds, Cv = 2,5) pl\u016bsmas kontrolei, mikroprocesora digit\u0101lo PID regulatoru ar seri\u0101l\u0101s kartes savienojumu un Windows balst\u012btu uzraudz\u012bbas programmat\u016bru. Tas \u013cauj kontrol\u0113t IESL\u0112G\u0160ANAS\/IZSL\u0112G\u0160ANAS sign\u0101lus, analogos sign\u0101lus no PID regulatora, uzraudz\u012bt re\u0101llaika tendences un v\u0113sturiskos datus.<\/li>\n<\/ul>\n<p><strong>Tehniskie dati<\/strong>:<\/p>\n<ul>\n<li>Ier\u012bces r\u0101mis: AISI 304 ner\u016bs\u0113jo\u0161ais t\u0113rauds, ar rite\u0146iem.<\/li>\n<li>Siltummai\u0146a apmai\u0146as virsma: 0,1 m\u00b2 katram siltummainim.<\/li>\n<li>Pl\u016bsmas m\u0113r\u012bt\u0101ji: 2 caursp\u012bd\u012bgi, regul\u0113jama laukuma pl\u016bsmas m\u0113r\u012bt\u0101ji (100\u20131000 l\/h).<\/li>\n<li>Termorezistences: 4 gab. Pt 100 ar AISI 304 ner\u016bs\u0113jo\u0161\u0101 t\u0113rauda korpusu.<\/li>\n<li>Elektroniskie temperat\u016bras indikatori: 4 gab.<\/li>\n<li>Cauru\u013cvadi un v\u0101rsti: AISI 304 un AISI 316 ner\u016bs\u0113jo\u0161ais t\u0113rauds.<\/li>\n<li>Datorsist\u0113mu uzraudz\u012bba: tikai <strong>Mod. UTC-2a\/EV<\/strong> model\u012b.<\/li>\n<li>Baro\u0161ana: 230 V mai\u0146str\u0101va, 50 Hz vienf\u0101zes frekvence, 0,5 kVA (citas sprieguma un frekvences opcijas p\u0113c piepras\u012bjuma).<\/li>\n<li>Izm\u0113ri: 1500 \u00d7 700 \u00d7 2000 mm.<\/li>\n<li>Svars: 130 kg.<\/li>\n<\/ul>","protected":false},"excerpt":{"rendered":"<p>Siltuma p\u0101rneses testa iek\u0101rtas ar cauru\u013cveida un spir\u0101lveida siltummai\u0146iem \u2013 paredz\u0113tas siltuma p\u0101rneses p\u0113t\u012bjumiem, izmantojot cauru\u013cveida un spir\u0101lveida siltummai\u0146us. Mode\u013ci ietver manu\u0101lu un autom\u0101tisku vad\u012bbu, PID regulatoru, pl\u016bsmas m\u0113r\u012bt\u0101jus un temperat\u016bras sensorus. \u0160is ir ide\u0101ls risin\u0101jums apm\u0101c\u012bbai, iedzi\u013cinoties siltumapmai\u0146as principos un efektivit\u0101tes apr\u0113\u0137in\u0101\u0161an\u0101.<\/p>","protected":false},"featured_media":21884,"template":"","meta":[],"product_cat":[79,1098],"product_tag":[],"class_list":{"0":"post-21883","1":"product","2":"type-product","3":"status-publish","4":"has-post-thumbnail","6":"product_cat-mokymo-priemones-ir-iranga","7":"product_cat-didaktine-iranga-techniniam-ugdymui","9":"first","10":"instock","11":"shipping-taxable","12":"product-type-simple"},"_links":{"self":[{"href":"https:\/\/labostera.lt\/lv\/wp-json\/wp\/v2\/product\/21883","targetHints":{"allow":["GET"]}}],"collection":[{"href":"https:\/\/labostera.lt\/lv\/wp-json\/wp\/v2\/product"}],"about":[{"href":"https:\/\/labostera.lt\/lv\/wp-json\/wp\/v2\/types\/product"}],"wp:featuredmedia":[{"embeddable":true,"href":"https:\/\/labostera.lt\/lv\/wp-json\/wp\/v2\/media\/21884"}],"wp:attachment":[{"href":"https:\/\/labostera.lt\/lv\/wp-json\/wp\/v2\/media?parent=21883"}],"wp:term":[{"taxonomy":"product_cat","embeddable":true,"href":"https:\/\/labostera.lt\/lv\/wp-json\/wp\/v2\/product_cat?post=21883"},{"taxonomy":"product_tag","embeddable":true,"href":"https:\/\/labostera.lt\/lv\/wp-json\/wp\/v2\/product_tag?post=21883"}],"curies":[{"name":"wp","href":"https:\/\/api.w.org\/{rel}","templated":true}]}}