{"id":21880,"date":"2024-12-16T11:58:26","date_gmt":"2024-12-16T08:58:26","guid":{"rendered":"http:\/\/labostera.lt\/?post_type=product&#038;p=21880"},"modified":"2024-12-16T12:02:42","modified_gmt":"2024-12-16T09:02:42","slug":"silumos-perdavimo-bandomasis-irenginys-su-ploksciu-ir-u-formos-silumokaiciu-utc-1-ev","status":"publish","type":"product","link":"https:\/\/labostera.lt\/lv\/priemones-ir-iranga\/mokymo-priemones-ir-iranga\/silumos-perdavimo-bandomasis-irenginys-su-ploksciu-ir-u-formos-silumokaiciu-utc-1-ev\/","title":{"rendered":"Siltuma p\u0101rneses testa iek\u0101rta ar pl\u0101k\u0161\u0146u un U veida siltummaini UTC-1\/EV"},"content":{"rendered":"<p><strong>Siltuma p\u0101rneses testa iek\u0101rta ar pl\u0101k\u0161\u0146u un U veida siltummaini UTC-1\/EV<\/strong><\/p>\n<p><strong>Pilns apraksts:<\/strong><br \/>\n\u0160\u012b testa iek\u0101rta ir paredz\u0113ta siltumapmai\u0146as p\u0113t\u012bjumiem, izmantojot U-veida un plakanos pl\u0101k\u0161\u0146u siltummai\u0146us. Automatiz\u0113taj\u0101 versij\u0101 (mod. UTC-1a\/EV) ir iek\u013cauts PID regulators, kas autom\u0101tiski regul\u0113 pl\u016bsmas \u0101trumu, izmantojot divus pneimatiskos v\u0101rstus.<\/p>\n<p><strong>Apm\u0101c\u012bbas programma<\/strong> \u013cauj jums s\u012bk\u0101k izp\u0113t\u012bt \u0161\u0101das t\u0113mas:<\/p>\n<ul>\n<li>Siltuma p\u0101rne\u0161ana starp \u0161\u0137idrumiem, kurus atdala siena<\/li>\n<li>Ener\u0123ijas bilances un efektivit\u0101tes apr\u0113\u0137ins<\/li>\n<li>Logaritmisk\u0101s vid\u0113j\u0101s temperat\u016bras starp\u012bbas (LMTD) noteik\u0161ana<\/li>\n<li>Kop\u0113jais siltuma p\u0101rneses koeficients (U)<\/li>\n<li>K\u0101 pl\u016bsmas \u0101trums un temperat\u016bras starp\u012bba var ietekm\u0113t p\u0101rneses koeficientu<\/li>\n<li>Da\u017e\u0101du veidu siltummai\u0146u darb\u012bbas re\u017e\u012bmu un efektivit\u0101tes sal\u012bdzin\u0101jums<\/li>\n<li>Autom\u0101tiska pl\u016bsmas kontrole ar PID regulatoru (tikai mod. UTC-1a\/EV)<\/li>\n<li>Sist\u0113mas apkope, izmantojot datoru (tikai mod. UTC-1a\/EV)<\/li>\n<\/ul>\n<p><strong>Tehnisk\u0101s specifik\u0101cijas:<\/strong><br \/>\n<strong>Mod. UTC-1\/EV<\/strong><\/p>\n<ul>\n<li>R\u0101mis izgatavots no AISI 304 ner\u016bs\u0113jo\u0161\u0101 t\u0113rauda ar ritenti\u0146iem<\/li>\n<li>U-veida siltummainis ar AISI 304 ner\u016bs\u0113jo\u0161\u0101 t\u0113rauda caurul\u0113m un borsilik\u0101ta stikla korpusu, siltuma p\u0101rneses virsma \u2013 0,6 m\u00b2<\/li>\n<li>Pl\u0101k\u0161\u0146u siltummainis izgatavots no AISI 316 ner\u016bs\u0113jo\u0161\u0101 t\u0113rauda, siltuma p\u0101rneses virsma \u2013 0,6 m\u00b2<\/li>\n<li>2 main\u0101ma laukuma digit\u0101lie pl\u016bsmas m\u0113r\u012bt\u0101ji, stikls un t\u0113rauds, pl\u016bsmas diapazons 100\u20131000 l\/h (tikai mod. UTC-1\/EV)<\/li>\n<li>4 Pt 100 temperat\u016bras sensori ar AISI 316 ner\u016bs\u0113jo\u0161\u0101 t\u0113rauda korpusu<\/li>\n<li>4 elektroniski temperat\u016bras indikatori<\/li>\n<li>Cauru\u013cvadi un v\u0101rsti no AISI 304 un AISI 316 ner\u016bs\u0113jo\u0161\u0101 t\u0113rauda<\/li>\n<li>IP55 vad\u012bbas panelis, kas atbilst EK mar\u0137\u0113juma pras\u012bb\u0101m, ar uzst\u0101d\u012b\u0161anas sh\u0113mu un nopl\u016bdes aizsargsl\u0113dzi (ELCB)<\/li>\n<li>Av\u0101rijas poga<\/li>\n<\/ul>\n<p><strong>Mod. UTC-1c\/EV<\/strong><\/p>\n<ul>\n<li>Papildus vis\u0101m UTC-1\/EV mode\u013ca funkcij\u0101m, \u0161im modelim ir ar\u012b:\n<ul>\n<li>2 elektroniski magn\u0113tisk\u0101s indukcijas pl\u016bsmas m\u0113r\u012bt\u0101ji no AISI 316 ner\u016bs\u0113jo\u0161\u0101 t\u0113rauda, pl\u016bsmas diapazons 0\u20131000 l\/h, izejas sign\u0101ls 4\u201320 mA<\/li>\n<li>Vad\u012bbas panel\u012b ieb\u016bv\u0113ta datora saskarne<\/li>\n<li>Datu ieguves programmat\u016bra Windows oper\u0113t\u0101jsist\u0113mai<\/li>\n<\/ul>\n<\/li>\n<\/ul>\n<p><strong>Mod. UTC-1a\/EV<\/strong><\/p>\n<ul>\n<li>Papildus vis\u0101m UTC-1\/EV mode\u013ca funkcij\u0101m, \u0161im modelim ir ar\u012b:\n<ul>\n<li>2 elektroniski magn\u0113tisk\u0101s indukcijas pl\u016bsmas m\u0113r\u012bt\u0101ji no AISI 316 ner\u016bs\u0113jo\u0161\u0101 t\u0113rauda, pl\u016bsmas diapazons 0\u20131000 l\/h, izejas sign\u0101ls 4\u201320 mA<\/li>\n<li>2 pneimatiskie v\u0101rsti no AISI 316 ner\u016bs\u0113jo\u0161\u0101 t\u0113rauda (Cv = 2,5) pl\u016bsmas kontrolei<\/li>\n<li>Mikro\u010dipa digit\u0101lais PID kontrolieris ar seri\u0101lo karti<\/li>\n<li>Sist\u0113mas apkopes programmat\u016bra oper\u0113t\u0101jsist\u0113mai Windows: t\u0101 \u013cauj kontrol\u0113t iesl\u0113g\u0161anas\/izsl\u0113g\u0161anas sign\u0101lus, analogos sign\u0101lus no PID regulatora, re\u0101llaika un v\u0113sturisk\u0101s tendences<\/li>\n<\/ul>\n<\/li>\n<\/ul>\n<p><strong>Baro\u0161anas avots:<\/strong> 230 V mai\u0146str\u0101va, 50 Hz, vienf\u0101zes \u2013 0,5 kVA (cits spriegums un frekvence p\u0113c piepras\u012bjuma)<br \/>\n<strong>Izm\u0113ri:<\/strong> 1500 \u00d7 700 \u00d7 1800 mm<br \/>\n<strong>Svars:<\/strong> 130 kg<\/p>","protected":false},"excerpt":{"rendered":"<p><strong>Siltuma p\u0101rneses testa iek\u0101rta ar pl\u0101k\u0161\u0146u un U veida siltummaini UTC-1\/EV<\/strong> \u2013 \u0161\u012b ier\u012bce ir paredz\u0113ta siltuma p\u0101rneses izp\u0113tei, izmantojot U-veida un plakanus siltummai\u0146us. Automatiz\u0113tajai versijai (UTC-1a\/EV) ir PID regulators, kas autom\u0101tiski regul\u0113 pl\u016bsmas \u0101trumu caur pneimatisko v\u0101rstu.<\/p>","protected":false},"featured_media":21881,"template":"","meta":[],"product_cat":[79,1098],"product_tag":[],"class_list":{"0":"post-21880","1":"product","2":"type-product","3":"status-publish","4":"has-post-thumbnail","6":"product_cat-mokymo-priemones-ir-iranga","7":"product_cat-didaktine-iranga-techniniam-ugdymui","9":"first","10":"instock","11":"shipping-taxable","12":"product-type-simple"},"_links":{"self":[{"href":"https:\/\/labostera.lt\/lv\/wp-json\/wp\/v2\/product\/21880","targetHints":{"allow":["GET"]}}],"collection":[{"href":"https:\/\/labostera.lt\/lv\/wp-json\/wp\/v2\/product"}],"about":[{"href":"https:\/\/labostera.lt\/lv\/wp-json\/wp\/v2\/types\/product"}],"wp:featuredmedia":[{"embeddable":true,"href":"https:\/\/labostera.lt\/lv\/wp-json\/wp\/v2\/media\/21881"}],"wp:attachment":[{"href":"https:\/\/labostera.lt\/lv\/wp-json\/wp\/v2\/media?parent=21880"}],"wp:term":[{"taxonomy":"product_cat","embeddable":true,"href":"https:\/\/labostera.lt\/lv\/wp-json\/wp\/v2\/product_cat?post=21880"},{"taxonomy":"product_tag","embeddable":true,"href":"https:\/\/labostera.lt\/lv\/wp-json\/wp\/v2\/product_tag?post=21880"}],"curies":[{"name":"wp","href":"https:\/\/api.w.org\/{rel}","templated":true}]}}