{"id":21878,"date":"2024-12-16T11:51:34","date_gmt":"2024-12-16T08:51:34","guid":{"rendered":"http:\/\/labostera.lt\/?post_type=product&#038;p=21878"},"modified":"2024-12-16T11:53:48","modified_gmt":"2024-12-16T08:53:48","slug":"filtravimo-presu-bandomasis-irenginys-fp-2s-ev","status":"publish","type":"product","link":"https:\/\/labostera.lt\/lv\/priemones-ir-iranga\/mokymo-priemones-ir-iranga\/filtravimo-presu-bandomasis-irenginys-fp-2s-ev\/","title":{"rendered":"Filtra preses testa stends FP-2S\/EV"},"content":{"rendered":"<p>FP-2S\/EV filtra preses testa iek\u0101rta ir ier\u012bce, kas izmanto filtra presi, ko darbina main\u012bga \u0101truma skr\u016bves s\u016bknis, kas savienots ar trauku ar filtr\u0113jamo \u0161\u0137\u012bdumu. Filtr\u0101ts iziet cauri pl\u016bsmas m\u0113r\u012bt\u0101jam un tiek sav\u0101kts cit\u0101 trauk\u0101. S\u016bknis \u013cauj darboties ar nemain\u012bgu spiedienu un pl\u016bsmas \u0101trumu. Iek\u0101rtas \u013cauj veikt padzi\u013cin\u0101tu filtr\u0101cijas raksturlielumu anal\u012bzi, filtr\u0113\u0161anu ar nemain\u012bgu pl\u016bsmas \u0101trumu vai spiedienu, k\u0101 ar\u012b t\u0101das izplat\u012btas filtra preses proced\u016bras k\u0101 mont\u0101\u017ea, filtr\u0113\u0161ana, demont\u0101\u017ea un t\u012br\u012b\u0161ana.<\/p>\n<p><strong>Tehnisk\u0101s specifik\u0101cijas:<\/strong><\/p>\n<ul>\n<li>AISI 304 ner\u016bs\u0113jo\u0161\u0101 t\u0113rauda r\u0101mis ar ritenti\u0146iem<\/li>\n<li>100 l AISI 304 ner\u016bs\u0113jo\u0161\u0101 t\u0113rauda padeves tvertne ar mais\u012b\u0161anas sist\u0113mu, ko darbina iegremd\u0113jams s\u016bknis<\/li>\n<li>100 l AISI 304 ner\u016bs\u0113jo\u0161\u0101 t\u0113rauda tvertne filtr\u0113ta \u016bdens sav\u0101k\u0161anai<\/li>\n<li>Skr\u016bvs\u016bknis ar \u0101truma regulatoru<\/li>\n<li>Main\u012bga laukuma pl\u016bsmas m\u0113r\u012bt\u0101js filtr\u0101tam<\/li>\n<li>AISI 304 ner\u016bs\u0113jo\u0161\u0101 t\u0113rauda filtra prese ar caursp\u012bd\u012bgiem Plexiglas r\u0101mjiem, kas \u013cauj uzraudz\u012bt procesu<\/li>\n<li>IP55 vad\u012bbas panelis ar EC mar\u0137\u0113jumu, ieskaitot sinoptisko diagrammu un nopl\u016bdes aizsargsl\u0113dzi (ELCB)<\/li>\n<li>Caurules un v\u0101rsti izgatavoti no AISI 304 un AISI 316 ner\u016bs\u0113jo\u0161\u0101 t\u0113rauda<\/li>\n<li>Av\u0101rijas poga<\/li>\n<\/ul>","protected":false},"excerpt":{"rendered":"<p>FP-2S\/EV filtra preses testa iek\u0101rta ir filtr\u0101cijas sist\u0113ma, kas \u0161\u0137\u012bduma pieg\u0101dei filtra presei izmanto main\u012bga \u0101truma skr\u016bves s\u016bkni. Filtr\u0101tu sav\u0101c atsevi\u0161\u0137\u0101 trauk\u0101, un iek\u0101rta \u013cauj filtr\u0113t ar nemain\u012bgu pl\u016bsmas \u0101trumu vai spiedienu, k\u0101 ar\u012b veikt parast\u0101s proced\u016bras: sav\u0101k\u0161anu, filtr\u0113\u0161anu, demont\u0101\u017eu un t\u012br\u012b\u0161anu.<\/p>","protected":false},"featured_media":21879,"template":"","meta":[],"product_cat":[79,1098],"product_tag":[],"class_list":{"0":"post-21878","1":"product","2":"type-product","3":"status-publish","4":"has-post-thumbnail","6":"product_cat-mokymo-priemones-ir-iranga","7":"product_cat-didaktine-iranga-techniniam-ugdymui","9":"first","10":"instock","11":"shipping-taxable","12":"product-type-simple"},"_links":{"self":[{"href":"https:\/\/labostera.lt\/lv\/wp-json\/wp\/v2\/product\/21878","targetHints":{"allow":["GET"]}}],"collection":[{"href":"https:\/\/labostera.lt\/lv\/wp-json\/wp\/v2\/product"}],"about":[{"href":"https:\/\/labostera.lt\/lv\/wp-json\/wp\/v2\/types\/product"}],"wp:featuredmedia":[{"embeddable":true,"href":"https:\/\/labostera.lt\/lv\/wp-json\/wp\/v2\/media\/21879"}],"wp:attachment":[{"href":"https:\/\/labostera.lt\/lv\/wp-json\/wp\/v2\/media?parent=21878"}],"wp:term":[{"taxonomy":"product_cat","embeddable":true,"href":"https:\/\/labostera.lt\/lv\/wp-json\/wp\/v2\/product_cat?post=21878"},{"taxonomy":"product_tag","embeddable":true,"href":"https:\/\/labostera.lt\/lv\/wp-json\/wp\/v2\/product_tag?post=21878"}],"curies":[{"name":"wp","href":"https:\/\/api.w.org\/{rel}","templated":true}]}}