{"id":21876,"date":"2024-12-16T11:49:15","date_gmt":"2024-12-16T08:49:15","guid":{"rendered":"http:\/\/labostera.lt\/?post_type=product&#038;p=21876"},"modified":"2024-12-16T11:55:48","modified_gmt":"2024-12-16T08:55:48","slug":"nuolatines-reakcijos-cstr-bandomoji-iranga-rec1-ev","status":"publish","type":"product","link":"https:\/\/labostera.lt\/lv\/priemones-ir-iranga\/mokymo-priemones-ir-iranga\/nuolatines-reakcijos-cstr-bandomoji-iranga-rec1-ev\/","title":{"rendered":"Nep\u0101rtrauktas reakcijas (CSTR) testa apr\u012bkojums REC1\/EV"},"content":{"rendered":"<p><strong>Nep\u0101rtrauktas reakcijas (CSTR) testa apr\u012bkojums REC1\/EV<\/strong> paredz\u0113ts nep\u0101rtrauktas reakcijas kin\u0113tikas izp\u0113tei, mainot reaktora elektrovad\u012btsp\u0113jas r\u0101d\u012bjumus. \u0160is reaktors ir apr\u012bkots ar elektrisko sild\u012bt\u0101ju un destil\u0101cijas kolonnu ar kondensatoru. Automatiz\u0113ta versija <strong>Mod. REC1a\/EV<\/strong> ir PID regulators, kas autom\u0101tiski kontrol\u0113 reakcijas temperat\u016bru. Iek\u0101rta \u013cauj iedzi\u013cin\u0101ties reakcijas kin\u0113tik\u0101, termodinamik\u0101, masas un ener\u0123ijas bilanc\u0113. Iesp\u0113jamie uzdevumi ietver etilacet\u0101ta hidrol\u012bzes kin\u0113tiku un eti\u0137sk\u0101bes anhidr\u012bda p\u0101rveido\u0161anu par eti\u0137sk\u0101bi, par\u0101dot reakcijas kin\u0113tiku, m\u0113rot vad\u012btsp\u0113ju.<\/p>\n<p>Tehnisk\u0101s specifik\u0101cijas:<\/p>\n<ul>\n<li>AISI 304 ner\u016bs\u0113jo\u0161\u0101 t\u0113rauda r\u0101mis ar ritenti\u0146iem<\/li>\n<li>Divas 10 litru AISI 316 ner\u016bs\u0113jo\u0161\u0101 t\u0113rauda padeves tvertnes<\/li>\n<li>20 litru AISI 316 ner\u016bs\u0113jo\u0161\u0101 t\u0113rauda produktu sav\u0101k\u0161anas tvertne<\/li>\n<li>Divi AISI 316 ner\u016bs\u0113jo\u0161\u0101 t\u0113rauda doz\u0113\u0161anas s\u016bk\u0146i (pl\u016bsmas \u0101trums 0\u20138,4 l\/h)<\/li>\n<li>3 litru borsilik\u0101ta stikla reaktors ar 1,0 kW elektrisko sild\u012bt\u0101ju<\/li>\n<li>Reaktora mais\u012bt\u0101js ar meh\u0101nisku bl\u012bv\u0113jumu, iee\u013c\u013cots ar silikona e\u013c\u013cu, 0\u2013400 apgr.\/min.<\/li>\n<li>Destil\u0101cijas kolonna, kas izgatavota no borsilik\u0101ta stikla, DN25<\/li>\n<li>AISI 304 ner\u016bs\u0113jo\u0161\u0101 t\u0113rauda kondensators<\/li>\n<li>Borsilik\u0101ta rea\u0123entu trauki (1 l tilpums) un sav\u0101k\u0161anas trauki (2 l tilpums)<\/li>\n<li>2 Pt 100 temperat\u016bras sensori, AISI 316 ner\u016bs\u0113jo\u0161\u0101 t\u0113rauda korpuss<\/li>\n<li>Elektronisks vad\u012btsp\u0113jas m\u0113r\u012bt\u0101js ar autom\u0101tisku temperat\u016bras kompens\u0101ciju<\/li>\n<li>Vakuuma savienojuma sist\u0113ma ar pretv\u0101rstu<\/li>\n<li>Vakuuma m\u0113r\u012bt\u0101js no AISI 304 ner\u016bs\u0113jo\u0161\u0101 t\u0113rauda, ar diapazonu no 0 l\u012bdz -1 bar<\/li>\n<li>Caurules un v\u0101rsti izgatavoti no AISI 304 un AISI 316 ner\u016bs\u0113jo\u0161\u0101 t\u0113rauda<\/li>\n<li>IP55 aizsardz\u012bbas pak\u0101pes vad\u012bbas panelis ar EC mar\u0137\u0113jumu<\/li>\n<\/ul>","protected":false},"excerpt":{"rendered":"<div class=\"flex max-w-full flex-col flex-grow\">\n<div class=\"min-h-8 text-message flex w-full flex-col items-end gap-2 whitespace-normal break-words text-start [.text-message+&amp;]:mt-5\" dir=\"auto\" data-message-author-role=\"assistant\" data-message-id=\"9929180f-1b20-4e3e-bdd4-97097a7b5998\" data-message-model-slug=\"gpt-4o-mini\">\n<div class=\"flex w-full flex-col gap-1 empty:hidden first:pt-[3px]\">\n<div class=\"markdown prose w-full break-words dark:prose-invert dark\">\n<p><strong>Nuolatin\u0117s reakcijos (CSTR) bandomoji \u012franga REC1\/EV<\/strong> skirta nuolatin\u0117s reakcijos kinetikai tirti, naudojant borosilikatinio stiklo reaktori\u0173, distiliacijos kolon\u0105 ir kondensatori\u0173. \u012eranga leid\u017eia atlikti reakcijos kinetikos tyrimus, energijos ir mas\u0117s balansus, taip pat automati\u0161kai valdyti reakcijos temperat\u016br\u0105 (tik <strong>Mod. REC1a\/EV<\/strong> modelyje).<\/p>\n<\/div>\n<\/div>\n<\/div>\n<\/div>\n","protected":false},"featured_media":21877,"template":"","meta":[],"product_cat":[79,1098],"product_tag":[],"class_list":{"0":"post-21876","1":"product","2":"type-product","3":"status-publish","4":"has-post-thumbnail","6":"product_cat-mokymo-priemones-ir-iranga","7":"product_cat-didaktine-iranga-techniniam-ugdymui","9":"first","10":"instock","11":"shipping-taxable","12":"product-type-simple"},"_links":{"self":[{"href":"https:\/\/labostera.lt\/lv\/wp-json\/wp\/v2\/product\/21876","targetHints":{"allow":["GET"]}}],"collection":[{"href":"https:\/\/labostera.lt\/lv\/wp-json\/wp\/v2\/product"}],"about":[{"href":"https:\/\/labostera.lt\/lv\/wp-json\/wp\/v2\/types\/product"}],"wp:featuredmedia":[{"embeddable":true,"href":"https:\/\/labostera.lt\/lv\/wp-json\/wp\/v2\/media\/21877"}],"wp:attachment":[{"href":"https:\/\/labostera.lt\/lv\/wp-json\/wp\/v2\/media?parent=21876"}],"wp:term":[{"taxonomy":"product_cat","embeddable":true,"href":"https:\/\/labostera.lt\/lv\/wp-json\/wp\/v2\/product_cat?post=21876"},{"taxonomy":"product_tag","embeddable":true,"href":"https:\/\/labostera.lt\/lv\/wp-json\/wp\/v2\/product_tag?post=21876"}],"curies":[{"name":"wp","href":"https:\/\/api.w.org\/{rel}","templated":true}]}}