{"id":21874,"date":"2024-12-16T11:42:05","date_gmt":"2024-12-16T08:42:05","guid":{"rendered":"http:\/\/labostera.lt\/?post_type=product&#038;p=21874"},"modified":"2024-12-16T11:56:03","modified_gmt":"2024-12-16T08:56:03","slug":"nuolatines-distiliacijos-pilotinis-stendas-dc-ev","status":"publish","type":"product","link":"https:\/\/labostera.lt\/lv\/priemones-ir-iranga\/mokymo-priemones-ir-iranga\/nuolatines-distiliacijos-pilotinis-stendas-dc-ev\/","title":{"rendered":"Nep\u0101rtrauktas destil\u0101cijas pilotiek\u0101rta DC\/EV"},"content":{"rendered":"<p><strong>Nep\u0101rtrauktas destil\u0101cijas pilotiek\u0101rta DC\/EV<\/strong> ir uzlabota apm\u0101c\u012bbas un p\u0113tniec\u012bbas sist\u0113ma destil\u0101cijas procesu apguvei, izmantojot da\u017e\u0101dus mais\u012bjumus (piem\u0113ram, \u016bdeni un etanolu, \u016bdeni un metanolu, metanolu un propanolu). \u0160is apr\u012bkojums \u013cauj p\u0113t\u012bt procesa parametru ietekmi un ieg\u016bt zin\u0101\u0161anas par masas un ener\u0123ijas bilanc\u0113m, appl\u016b\u0161anas par\u0101d\u012bb\u0101m un teor\u0113tiskajiem pl\u0101t\u0146u apr\u0113\u0137iniem.<\/p>\n<p>Automatiz\u0113ta versija <strong>Mod. DCa\/EV<\/strong> papildus apr\u012bkots ar PID regulatoriem, kas \u013cauj prec\u012bzi kontrol\u0113t temperat\u016bru, spiedienu un pl\u016bsmas \u0101trumu, k\u0101 ar\u012b uzraudz\u012bt procesu re\u0101llaik\u0101, izmantojot datorprogrammat\u016bru.<\/p>\n<h5><strong>Apm\u0101c\u012bbas iesp\u0113jas:<\/strong><\/h5>\n<ul>\n<li>Mais\u012bjumu destil\u0101cijas p\u0113t\u012bjumi, mainot \u0161\u0101dus parametrus:\n<ul>\n<li>Apkures temperat\u016bra.<\/li>\n<li>Atpl\u016bdes attiec\u012bba.<\/li>\n<li>Jaudas pl\u016bsmas \u0101trums.<\/li>\n<li>Katla sild\u012b\u0161anas jauda.<\/li>\n<li>Uzturv\u0113rt\u012bbas sast\u0101vs.<\/li>\n<li>Atliku\u0161ais spiediens.<\/li>\n<\/ul>\n<\/li>\n<li>Masas un ener\u0123ijas bilances apr\u0113\u0137ini.<\/li>\n<li>Pl\u016bdu par\u0101d\u012bbas anal\u012bze.<\/li>\n<li>Teor\u0113tisko pl\u0101k\u0161\u0146u skaita noteik\u0161ana.<\/li>\n<li>Autom\u0101tiska pl\u016bsmas, spiediena un temperat\u016bras kontrole (tikai mod. DCa\/EV).<\/li>\n<li>Iek\u0101rtas uzraudz\u012bba, izmantojot datoru (tikai DCa\/EV mod.).<\/li>\n<\/ul>\n<h5><strong>Tehnisk\u0101s specifik\u0101cijas (Mod. DC\/EV):<\/strong><\/h5>\n<ul>\n<li><strong>R\u0101mis:<\/strong> AISI 304 ner\u016bs\u0113jo\u0161ais t\u0113rauds, ar rite\u0146iem.<\/li>\n<li><strong>Jaudas jauda:<\/strong> borsilik\u0101ta stikls, 15 l tilpums.<\/li>\n<li><strong>Destil\u0101cijas kolonna:<\/strong> borsilik\u0101ta stikls, DN 50, augstums 1100 mm, pild\u012bts ar AISI 316 ner\u016bs\u0113jo\u0161\u0101 t\u0113rauda sietu.<\/li>\n<li><strong>P\u0101rtvaic\u0113t\u0101js:<\/strong> borsilik\u0101ta stikls, 5 l tilpums, ar kvarca apvalku elektriskajam sild\u012bt\u0101jam (2,5 kW).<\/li>\n<li><strong>Kondensators:<\/strong> borsilik\u0101ta stikls, siltumapmai\u0146as laukums 0,4 m\u00b2.<\/li>\n<li><strong>Konteineri produktu sav\u0101k\u0161anai:<\/strong> 4 l (apak\u0161\u0101) un 1 l (destil\u0101tam), borsilik\u0101ta stikls.<\/li>\n<li><strong>Siltummai\u0146i:<\/strong> ner\u016bs\u0113jo\u0161\u0101 t\u0113rauda caurules.<\/li>\n<li><strong>S\u016bknis:<\/strong> \u0160\u0137idruma gredzena vakuums\u016bknis ar gaisa\/\u016bdens separatoru.<\/li>\n<li><strong>Jaudas doz\u0113\u0161anas s\u016bknis:<\/strong> AISI 316 ner\u016bs\u0113jo\u0161ais t\u0113rauds, maks. pl\u016bsmas \u0101trums \u2013 12 l\/h.<\/li>\n<li><strong>Temperat\u016bras un spiediena m\u0113r\u012b\u0161ana:<\/strong>\n<ul>\n<li>12 Pt 100 termistori ar AISI 316 ner\u016bs\u0113jo\u0161\u0101 t\u0113rauda korpusiem.<\/li>\n<li>Elektronisks diferenci\u0101l\u0101 spiediena m\u0113r\u012bt\u0101js (kolonnas aug\u0161pus\u0113 un apak\u0161\u0101).<\/li>\n<\/ul>\n<\/li>\n<li><strong>Izm\u0113ri:<\/strong> 2200 \u00d7 800 \u00d7 3000 mm.<\/li>\n<li><strong>Svars:<\/strong> 390 kg.<\/li>\n<li><strong>Baro\u0161anas avots:<\/strong> 400 V, 50 Hz, tr\u012bsf\u0101\u017eu, 4,5 kVA.<\/li>\n<\/ul>","protected":false},"excerpt":{"rendered":"<p><strong>Nep\u0101rtrauktas destil\u0101cijas pilotiek\u0101rta DC\/EV<\/strong> ir paredz\u0113ts destil\u0101cijas procesu p\u0113t\u012bjumiem, tostarp mais\u012bjumu (piem\u0113ram, \u016bdens un etanola) atdal\u012b\u0161anai, masas un ener\u0123ijas bilances apr\u0113\u0137iniem un teor\u0113tiskajai pl\u0101k\u0161\u0146u anal\u012bzei. Automatiz\u0113t\u0101 versija <strong>Mod. DCa\/EV<\/strong> \u013cauj prec\u012bzi kontrol\u0113t parametrus (temperat\u016bru, spiedienu, pl\u016bsmu) un uzraudz\u012bt procesu re\u0101llaik\u0101, izmantojot datorprogrammat\u016bru. \u0160\u012b sist\u0113ma ir lielisks risin\u0101jums m\u0101c\u012bbu un p\u0113tniec\u012bbas vajadz\u012bb\u0101m.<\/p>","protected":false},"featured_media":21875,"template":"","meta":[],"product_cat":[79,1098],"product_tag":[],"class_list":{"0":"post-21874","1":"product","2":"type-product","3":"status-publish","4":"has-post-thumbnail","6":"product_cat-mokymo-priemones-ir-iranga","7":"product_cat-didaktine-iranga-techniniam-ugdymui","9":"first","10":"instock","11":"shipping-taxable","12":"product-type-simple"},"_links":{"self":[{"href":"https:\/\/labostera.lt\/lv\/wp-json\/wp\/v2\/product\/21874","targetHints":{"allow":["GET"]}}],"collection":[{"href":"https:\/\/labostera.lt\/lv\/wp-json\/wp\/v2\/product"}],"about":[{"href":"https:\/\/labostera.lt\/lv\/wp-json\/wp\/v2\/types\/product"}],"wp:featuredmedia":[{"embeddable":true,"href":"https:\/\/labostera.lt\/lv\/wp-json\/wp\/v2\/media\/21875"}],"wp:attachment":[{"href":"https:\/\/labostera.lt\/lv\/wp-json\/wp\/v2\/media?parent=21874"}],"wp:term":[{"taxonomy":"product_cat","embeddable":true,"href":"https:\/\/labostera.lt\/lv\/wp-json\/wp\/v2\/product_cat?post=21874"},{"taxonomy":"product_tag","embeddable":true,"href":"https:\/\/labostera.lt\/lv\/wp-json\/wp\/v2\/product_tag?post=21874"}],"curies":[{"name":"wp","href":"https:\/\/api.w.org\/{rel}","templated":true}]}}