{"id":21872,"date":"2024-12-16T11:17:54","date_gmt":"2024-12-16T08:17:54","guid":{"rendered":"http:\/\/labostera.lt\/?post_type=product&#038;p=21872"},"modified":"2024-12-16T11:25:51","modified_gmt":"2024-12-16T08:25:51","slug":"biodyzelino-gamybos-pilotinis-stendas-upb-ev","status":"publish","type":"product","link":"https:\/\/labostera.lt\/lv\/priemones-ir-iranga\/mokymo-priemones-ir-iranga\/biodyzelino-gamybos-pilotinis-stendas-upb-ev\/","title":{"rendered":"Biod\u012bze\u013ca ra\u017eo\u0161anas pilotr\u016bpn\u012bca UPB\/EV"},"content":{"rendered":"<p><strong>Biod\u012bze\u013ca ra\u017eo\u0161anas pilotr\u016bpn\u012bca UPB\/EV<\/strong> ir paredz\u0113ts, lai apg\u016btu biod\u012bze\u013cdegvielas ra\u017eo\u0161anas principus, veicot esterifik\u0101cijas, transesterifik\u0101cijas, mazg\u0101\u0161anas un metanola re\u0123ener\u0101cijas procesus. Biod\u012bze\u013cdegviela ir \u0161\u0137idra degviela, kas ra\u017eota no atjaunojamiem avotiem, piem\u0113ram, augu e\u013c\u013c\u0101m vai dz\u012bvnieku taukiem, un tai ir daudz priek\u0161roc\u012bbu sal\u012bdzin\u0101jum\u0101 ar fosilo kurin\u0101mo:<\/p>\n<ul>\n<li>\u013boti zems s\u0113ra saturs (&lt;0,001 ppm), kas samazina sk\u0101b\u0101 lietus risku.<\/li>\n<li>Putek\u013cu emisijas tiek samazin\u0101tas l\u012bdz 50 %.<\/li>\n<li>Nesatur benzolu un citas kancerog\u0113nas sast\u0101vda\u013cas.<\/li>\n<li>Augst\u0101s uzliesmo\u0161anas temperat\u016bras d\u0113\u013c t\u0101 netiek klasific\u0113ta k\u0101 b\u012bstama viela, t\u0101p\u0113c to ir dro\u0161i lietot.<\/li>\n<li>Augsta biopieejam\u012bba (p\u0113c izlie\u0161anas nav ilgtermi\u0146a ietekmes uz vidi).<\/li>\n<li>Labas e\u013c\u013co\u0161anas \u012bpa\u0161\u012bbas, samazina dzin\u0113ja nodilumu.<\/li>\n<li>CO\u2082 cikla nosl\u0113gt\u012bba \u2014 sadeg\u0161anas laik\u0101 izdal\u0101s t\u0101ds pats CO\u2082 daudzums, cik augi absorb\u0113 aug\u0161anas laik\u0101.<\/li>\n<\/ul>\n<p><strong>Apm\u0101c\u012bbas iesp\u0113jas:<\/strong><\/p>\n<ul>\n<li>Augu e\u013c\u013cas transesterifik\u0101cija.<\/li>\n<li>Glicer\u012bna atdal\u012b\u0161ana.<\/li>\n<li>Biod\u012bze\u013ca mazg\u0101\u0161ana.<\/li>\n<li>Metanola re\u0123ener\u0101cija.<\/li>\n<\/ul>\n<p><strong>Tehnisk\u0101s specifik\u0101cijas (UPB\/EV):<\/strong><\/p>\n<ul>\n<li><strong>Reaktors:<\/strong> borsilik\u0101ta stikls un AISI 304 ner\u016bs\u0113jo\u0161ais t\u0113rauds, tilpums \u2013 18 litri, ar motoriz\u0113tu mais\u012bt\u0101ju un kondensatoru.<\/li>\n<li><strong>Apkures sist\u0113ma:<\/strong> elektriskie sild\u012bt\u0101ji ar termostatu.<\/li>\n<li><strong>Rea\u0123enta un katalizatora trauks:<\/strong> borsilik\u0101ta stikls un AISI 304 ner\u016bs\u0113jo\u0161ais t\u0113rauds, ar mais\u012b\u0161anas sist\u0113mu.<\/li>\n<li><strong>Metanola re\u0123ener\u0101cijas tvertnes:<\/strong> 2 borsilik\u0101ta stikla trauki.<\/li>\n<li><strong>R\u0101mis:<\/strong> AISI 304 ner\u016bs\u0113jo\u0161ais t\u0113rauds, ar rite\u0146iem.<\/li>\n<li><strong>Vad\u012bbas skapis:<\/strong> IP55, atbilst CE pras\u012bb\u0101m, ar sinoptisko diagrammu un zem\u0113juma nopl\u016bdes aizsardz\u012bbas ier\u012bci (ELCB).<\/li>\n<li><strong>Izm\u0113ri:<\/strong> 1300 \u00d7 700 \u00d7 1900 mm.<\/li>\n<li><strong>Svars:<\/strong> 180 kg.<\/li>\n<li><strong>Baro\u0161anas avots:<\/strong> 230 V, 50 Hz, vienf\u0101zes, 2 kVA.<\/li>\n<li><strong>\u016adens un saspiests gaiss:<\/strong> klienta pieg\u0101d\u0101ts.<\/li>\n<\/ul>\n<p><strong>Mod. UPBa\/EV papildu funkcijas:<\/strong><\/p>\n<ul>\n<li>PID regulators ar mikroprocesoru un seri\u0101lo datu komunik\u0101cijas karti.<\/li>\n<li>Piln\u012bga automatiz\u0101cija, kas \u013cauj kontrol\u0113t procesus un uzraudz\u012bt parametrus re\u0101llaik\u0101, izmantojot Windows programmat\u016bru.<\/li>\n<\/ul>\n<p><strong>Papildus apr\u012bkojums:<\/strong><\/p>\n<ul>\n<li>Skr\u016bves prese e\u013c\u013cas ieguvei no s\u0113kl\u0101m (mod. VIT\/EV).<\/li>\n<\/ul>","protected":false},"excerpt":{"rendered":"<p><strong>Biod\u012bze\u013ca ra\u017eo\u0161anas pilotr\u016bpn\u012bca UPB\/EV<\/strong> \u2013 ir m\u016bsdien\u012bgs m\u0101c\u012bbu l\u012bdzeklis, kas \u013cauj ieg\u016bt praktiskas zin\u0101\u0161anas par biog\u0101zes ra\u017eo\u0161anas procesiem, piem\u0113ram, esterifik\u0101ciju, transesterifik\u0101ciju un metanola re\u0123ener\u0101ciju. Automatiz\u0113tais modelis (UPBa\/EV) nodro\u0161ina iesp\u0113ju prec\u012bzi regul\u0113t un uzraudz\u012bt procesus re\u0101llaik\u0101.<\/p>","protected":false},"featured_media":21873,"template":"","meta":[],"product_cat":[79,1098],"product_tag":[],"class_list":{"0":"post-21872","1":"product","2":"type-product","3":"status-publish","4":"has-post-thumbnail","6":"product_cat-mokymo-priemones-ir-iranga","7":"product_cat-didaktine-iranga-techniniam-ugdymui","9":"first","10":"instock","11":"shipping-taxable","12":"product-type-simple"},"_links":{"self":[{"href":"https:\/\/labostera.lt\/lv\/wp-json\/wp\/v2\/product\/21872","targetHints":{"allow":["GET"]}}],"collection":[{"href":"https:\/\/labostera.lt\/lv\/wp-json\/wp\/v2\/product"}],"about":[{"href":"https:\/\/labostera.lt\/lv\/wp-json\/wp\/v2\/types\/product"}],"wp:featuredmedia":[{"embeddable":true,"href":"https:\/\/labostera.lt\/lv\/wp-json\/wp\/v2\/media\/21873"}],"wp:attachment":[{"href":"https:\/\/labostera.lt\/lv\/wp-json\/wp\/v2\/media?parent=21872"}],"wp:term":[{"taxonomy":"product_cat","embeddable":true,"href":"https:\/\/labostera.lt\/lv\/wp-json\/wp\/v2\/product_cat?post=21872"},{"taxonomy":"product_tag","embeddable":true,"href":"https:\/\/labostera.lt\/lv\/wp-json\/wp\/v2\/product_tag?post=21872"}],"curies":[{"name":"wp","href":"https:\/\/api.w.org\/{rel}","templated":true}]}}