{"id":21870,"date":"2024-12-16T11:16:28","date_gmt":"2024-12-16T08:16:28","guid":{"rendered":"http:\/\/labostera.lt\/?post_type=product&#038;p=21870"},"modified":"2024-12-16T11:17:48","modified_gmt":"2024-12-16T08:17:48","slug":"partines-distiliacijos-pilotinis-stendas-dis-ev","status":"publish","type":"product","link":"https:\/\/labostera.lt\/lv\/priemones-ir-iranga\/mokymo-priemones-ir-iranga\/partines-distiliacijos-pilotinis-stendas-dis-ev\/","title":{"rendered":"Partijas destil\u0101cijas pilotiek\u0101rta DIS\/EV"},"content":{"rendered":"<p><strong>Partijas destil\u0101cijas pilotiek\u0101rta DIS\/EV<\/strong> paredz\u0113ts, lai apg\u016btu destil\u0101cijas principus un praktisku darbu ar destil\u0101cijas sist\u0113m\u0101m. Ier\u012bce sast\u0101v no borsilik\u0101ta stikla destil\u0101cijas kolonnas ar AISI 316 ner\u016bs\u0113jo\u0161\u0101 t\u0113rauda sieta pild\u012bjumu, p\u0101rkars\u0113t\u0101ja, kondensatora un atteces galvas. Destil\u0101tu p\u0113c atdzes\u0113\u0161anas cauru\u013cu siltummain\u012b sav\u0101c stikla traukos.<\/p>\n<p>Automatiz\u0113tajai versijai (DISa\/EV) ir PID regulatori, kas \u013cauj autom\u0101tiski regul\u0113t padeves uzsild\u012b\u0161anas temperat\u016bru, kondensatora dzes\u0113\u0161anas \u016bdens pl\u016bsmu un vakuuma l\u012bmeni.<\/p>\n<p><strong>Apm\u0101c\u012bbas iesp\u0113jas:<\/strong><\/p>\n<ul>\n<li>Da\u017e\u0101du mais\u012bjumu (\u016bdens\/etanola, \u016bdens\/metanola, metanola\/propanola u.\u00a0c.) destil\u0101cija, mainot \u0161\u0101dus parametrus:\n<ul>\n<li>atgrie\u0161an\u0101s str\u0101vas koeficients,<\/li>\n<li>reboilera sild\u012b\u0161anas jauda,<\/li>\n<li>bar\u012bbas sast\u0101vs,<\/li>\n<li>spiediena l\u012bmenis.<\/li>\n<\/ul>\n<\/li>\n<li>Masas un ener\u0123ijas bilances sagatavo\u0161ana.<\/li>\n<li>Teor\u0113tisk\u0101 pale\u0161u skaita apr\u0113\u0137ins.<\/li>\n<li>Paisuma par\u0101d\u012bbu un hidrodinamikas nov\u0113ro\u0161ana.<\/li>\n<li>Autom\u0101tiska pl\u016bsmas, spiediena un temperat\u016bras kontrole (tikai DISa\/EV).<\/li>\n<li>Ier\u012bces uzraudz\u012bba, izmantojot datoru (tikai DISa\/EV).<\/li>\n<\/ul>\n<p><strong>Tehnisk\u0101s specifik\u0101cijas (DIS\/EV):<\/strong><\/p>\n<ul>\n<li><strong>R\u0101mis:<\/strong> AISI 304 ner\u016bs\u0113jo\u0161ais t\u0113rauds ar rite\u0146iem.<\/li>\n<li><strong>Kolonna:<\/strong> borsilik\u0101ta stikls, DN 50, augstums \u2013 1100 mm, pild\u012bjums \u2013 AISI 316 ner\u016bs\u0113jo\u0161\u0101 t\u0113rauda siets.<\/li>\n<li><strong>P\u0101rtvaic\u0113t\u0101js:<\/strong> borsilik\u0101ta stikls, tilpums \u2013 5 l, ar kvarca sild\u012bt\u0101ju (2,5 kW).<\/li>\n<li><strong>Kondensators:<\/strong> borsilik\u0101ta stikls, siltumapmai\u0146as laukums \u2013 0,4 m\u00b2.<\/li>\n<li><strong>Vakuuma m\u0113r\u012bt\u0101js:<\/strong> diapazons no -1 l\u012bdz 0 b\u0101riem.<\/li>\n<li><strong>Temperat\u016bras m\u0113r\u012bt\u0101ji:<\/strong> 8 Pt100 termop\u0101ri ar ner\u016bs\u0113jo\u0161\u0101 t\u0113rauda aizsardz\u012bbu.<\/li>\n<li><strong>Diferenci\u0101l\u0101 spiediena m\u0113r\u012bt\u0101js:<\/strong> Diapazons 0\u2013200 mm H2O, sign\u0101ls 4\u201320 mA.<\/li>\n<li><strong>Kondens\u0101ta dzes\u0113\u0161ana:<\/strong> ner\u016bs\u0113jo\u0161\u0101 t\u0113rauda cauru\u013cu siltummainis.<\/li>\n<li><strong>Vakuuma s\u016bknis:<\/strong> ap\u013cveida, jauda \u2013 0,7 kW.<\/li>\n<li><strong>Pl\u016bsmas m\u0113r\u012bt\u0101js:<\/strong> diapazons 0\u2013250 l\/h.<\/li>\n<li><strong>Izm\u0113ri:<\/strong> 1800 \u00d7 800 \u00d7 3000 mm.<\/li>\n<li><strong>Svars:<\/strong> 300 kg.<\/li>\n<\/ul>\n<p>DISc\/EV un DISa\/EV mode\u013ciem ir papildu datu re\u0123istr\u0113\u0161anas un autom\u0101tisk\u0101s vad\u012bbas apr\u012bkojums, tostarp:<\/p>\n<ul>\n<li>Absol\u016bt\u0101 spiediena m\u0113r\u012bt\u0101ji (diapazons no 0 l\u012bdz 1000 mbar).<\/li>\n<li>PID regulatori ar daudzvirzienu vad\u012bbas cilp\u0101m (DISa\/EV).<\/li>\n<li>Datoru uzraudz\u012bbas un datu re\u0123istr\u0113\u0161anas programmat\u016bra.<\/li>\n<\/ul>","protected":false},"excerpt":{"rendered":"<p><strong>Partijas destil\u0101cijas pilotiek\u0101rta DIS\/EV<\/strong> ir m\u0101c\u012bbu ier\u012bce da\u017e\u0101du mais\u012bjumu destil\u0101cijas procesu izp\u0113tei un apm\u0101c\u012bbai. Tas ietver borsilik\u0101ta stikla kolonnu, kas piepild\u012bta ar ner\u016bs\u0113jo\u0161\u0101 t\u0113rauda sietu, k\u0101 ar\u012b atteces, spiediena un temperat\u016bras kontroles sist\u0113mas. Automatiz\u0113ti mode\u013ci \u013cauj prec\u012bzi piel\u0101got parametrus un uzraudz\u012bt procesus, izmantojot datora saskarni.<\/p>","protected":false},"featured_media":21871,"template":"","meta":[],"product_cat":[79,1098],"product_tag":[],"class_list":{"0":"post-21870","1":"product","2":"type-product","3":"status-publish","4":"has-post-thumbnail","6":"product_cat-mokymo-priemones-ir-iranga","7":"product_cat-didaktine-iranga-techniniam-ugdymui","9":"first","10":"instock","11":"shipping-taxable","12":"product-type-simple"},"_links":{"self":[{"href":"https:\/\/labostera.lt\/lv\/wp-json\/wp\/v2\/product\/21870","targetHints":{"allow":["GET"]}}],"collection":[{"href":"https:\/\/labostera.lt\/lv\/wp-json\/wp\/v2\/product"}],"about":[{"href":"https:\/\/labostera.lt\/lv\/wp-json\/wp\/v2\/types\/product"}],"wp:featuredmedia":[{"embeddable":true,"href":"https:\/\/labostera.lt\/lv\/wp-json\/wp\/v2\/media\/21871"}],"wp:attachment":[{"href":"https:\/\/labostera.lt\/lv\/wp-json\/wp\/v2\/media?parent=21870"}],"wp:term":[{"taxonomy":"product_cat","embeddable":true,"href":"https:\/\/labostera.lt\/lv\/wp-json\/wp\/v2\/product_cat?post=21870"},{"taxonomy":"product_tag","embeddable":true,"href":"https:\/\/labostera.lt\/lv\/wp-json\/wp\/v2\/product_tag?post=21870"}],"curies":[{"name":"wp","href":"https:\/\/api.w.org\/{rel}","templated":true}]}}