{"id":21868,"date":"2024-12-16T11:14:13","date_gmt":"2024-12-16T08:14:13","guid":{"rendered":"http:\/\/labostera.lt\/?post_type=product&#038;p=21868"},"modified":"2024-12-16T11:15:32","modified_gmt":"2024-12-16T08:15:32","slug":"absorbcijos-pilotinis-stendas-uad-ev","status":"publish","type":"product","link":"https:\/\/labostera.lt\/lv\/priemones-ir-iranga\/mokymo-priemones-ir-iranga\/didaktine-iranga-techniniam-ugdymui\/absorbcijos-pilotinis-stendas-uad-ev\/","title":{"rendered":"Absorbcijas izm\u0113\u0123in\u0101juma stends UAD\/EV"},"content":{"rendered":"<p><strong>Absorbcijas izm\u0113\u0123in\u0101juma stends UAD\/EV<\/strong> paredz\u0113ts g\u0101zes absorbcijas \u0161\u0137idrum\u0101 principu demonstr\u0113\u0161anai un praktiskai apm\u0101c\u012bbai. \u0160aj\u0101 stat\u012bv\u0101 ietilpst vertik\u0101la absorbcijas kolonna, kas izgatavota no borsilik\u0101ta stikla un piepild\u012bta ar Ra\u0161iga gredzeniem. Kolonna ir uzst\u0101d\u012bta uz AISI 304 ner\u016bs\u0113jo\u0161\u0101 t\u0113rauda r\u0101mja ar rite\u0146iem, kas nodro\u0161ina mobilit\u0101ti. Proces\u0101 izmantotais \u0161\u0137idrums tiek pieg\u0101d\u0101ts no ner\u016bs\u0113jo\u0161\u0101 t\u0113rauda tvertnes uz kolonnas aug\u0161da\u013cu, izmantojot AISI 316 ner\u016bs\u0113jo\u0161\u0101 t\u0113rauda centrb\u0113dzes s\u016bkni, \u013caujot \u0161\u0137idrumam pl\u016bst cauri kolonnai un atgriezties tvertn\u0113.<\/p>\n<p><strong>Galven\u0101s iez\u012bmes:<\/strong><\/p>\n<ul>\n<li><strong>Kolonna:<\/strong> borsilik\u0101ta stikls DN80, kas sast\u0101v no div\u0101m 750 mm sekcij\u0101m, kas piepild\u012btas ar 10 mm Ra\u0161iga gredzeniem.<\/li>\n<li><strong>Jaudas tvertne:<\/strong> Tilpums 50 litri, izgatavots no AISI 304 ner\u016bs\u0113jo\u0161\u0101 t\u0113rauda.<\/li>\n<li><strong>Centrb\u0113dzes s\u016bknis:<\/strong> Qmax = 28 l\/min, Hmax = 1 bar, AISI 316 ner\u016bs\u0113jo\u0161\u0101 t\u0113rauda konstrukcija.<\/li>\n<li><strong>Kompresors:<\/strong> rot\u0101cijas, Qmax = 10 m\u00b3\/h, Pmax = 0,8 bar.<\/li>\n<li><strong>Pl\u016bsmas m\u0113r\u012bt\u0101ji:<\/strong>\n<ul>\n<li>\u016adenim: diapazons 60\u2013600 l\/h.<\/li>\n<li>CO2: diapazons 2\u201322 Nl\/min.<\/li>\n<li>Gaisam: diapazons 20\u2013200 Nl\/min.<\/li>\n<\/ul>\n<\/li>\n<li><strong>Spiediena m\u0113r\u012bt\u0101ji:<\/strong> 2 diferenci\u0101lie U veida spiediena m\u0113r\u012bt\u0101ji, diapazons 0\u2013500 mm H2O.<\/li>\n<li><strong>G\u0101zu anal\u012bzes iek\u0101rtas:<\/strong> Hempla apar\u0101ts.<\/li>\n<\/ul>\n<p><strong>Apm\u0101c\u012bbas iesp\u0113jas:<\/strong><\/p>\n<ul>\n<li>G\u0101zu absorbcijas \u0161\u0137idrum\u0101 caur pild\u012btu kolonnu pamatu izp\u0113te.<\/li>\n<li>G\u0101zes un \u0161\u0137idruma f\u0101\u017eu kvantitat\u012bv\u0101s anal\u012bzes meto\u017eu demonstr\u0101cija.<\/li>\n<li>Absorbcijas kolonnas masas bilances anal\u012bze.<\/li>\n<li>Masas p\u0101rneses koeficienta noteik\u0161ana.<\/li>\n<li>Iepakotas kolonnas hidrodinamisko \u012bpa\u0161\u012bbu izp\u0113te.<\/li>\n<li>Pl\u016bdu un slodzes punktu noteik\u0161ana.<\/li>\n<\/ul>\n<p><strong>Tehniskie dati:<\/strong><\/p>\n<ul>\n<li>Izm\u0113ri: 650 \u00d7 1000 \u00d7 3200 mm<\/li>\n<li>Svars: 130 kg<\/li>\n<li>Baro\u0161ana: 230 V mai\u0146str\u0101va, 50 Hz, vienf\u0101zes, 2 kVA (var pas\u016bt\u012bt citu spriegumu un frekvenci).<\/li>\n<\/ul>","protected":false},"excerpt":{"rendered":"<p><strong>Absorbcijas izm\u0113\u0123in\u0101juma stends UAD\/EV<\/strong> ir apm\u0101c\u012bbas ier\u012bce g\u0101zes un \u0161\u0137idruma mijiedarb\u012bbas p\u0113t\u012b\u0161anai. Tas ietver vertik\u0101lu borsilik\u0101ta stikla kolonnu, kas piepild\u012bta ar Ra\u0161iga gredzeniem, ar \u0161\u0137idruma padeves un g\u0101zes pl\u016bsmas kontroles sist\u0113m\u0101m. \u0160is stends \u013cauj analiz\u0113t absorbcijas procesus, p\u0113t\u012bt hidrodinamiku un noteikt masas p\u0101rneses koeficientus. Piem\u0113rots m\u0101c\u012bbu laboratorij\u0101m \u0137\u012bmisk\u0101s in\u017eenierijas p\u0113t\u012bjumiem.<\/p>","protected":false},"featured_media":21869,"template":"","meta":[],"product_cat":[1098,79],"product_tag":[],"class_list":{"0":"post-21868","1":"product","2":"type-product","3":"status-publish","4":"has-post-thumbnail","6":"product_cat-didaktine-iranga-techniniam-ugdymui","7":"product_cat-mokymo-priemones-ir-iranga","9":"first","10":"instock","11":"shipping-taxable","12":"product-type-simple"},"_links":{"self":[{"href":"https:\/\/labostera.lt\/lv\/wp-json\/wp\/v2\/product\/21868","targetHints":{"allow":["GET"]}}],"collection":[{"href":"https:\/\/labostera.lt\/lv\/wp-json\/wp\/v2\/product"}],"about":[{"href":"https:\/\/labostera.lt\/lv\/wp-json\/wp\/v2\/types\/product"}],"wp:featuredmedia":[{"embeddable":true,"href":"https:\/\/labostera.lt\/lv\/wp-json\/wp\/v2\/media\/21869"}],"wp:attachment":[{"href":"https:\/\/labostera.lt\/lv\/wp-json\/wp\/v2\/media?parent=21868"}],"wp:term":[{"taxonomy":"product_cat","embeddable":true,"href":"https:\/\/labostera.lt\/lv\/wp-json\/wp\/v2\/product_cat?post=21868"},{"taxonomy":"product_tag","embeddable":true,"href":"https:\/\/labostera.lt\/lv\/wp-json\/wp\/v2\/product_tag?post=21868"}],"curies":[{"name":"wp","href":"https:\/\/api.w.org\/{rel}","templated":true}]}}