{"id":21866,"date":"2024-12-16T11:13:01","date_gmt":"2024-12-16T08:13:01","guid":{"rendered":"http:\/\/labostera.lt\/?post_type=product&#038;p=21866"},"modified":"2024-12-16T11:13:48","modified_gmt":"2024-12-16T08:13:48","slug":"absorbcijos-ir-stripingo-pilotinis-stendas-ads-ev","status":"publish","type":"product","link":"https:\/\/labostera.lt\/lv\/priemones-ir-iranga\/mokymo-priemones-ir-iranga\/absorbcijos-ir-stripingo-pilotinis-stendas-ads-ev\/","title":{"rendered":"Absorbcijas un strip\u0113\u0161anas pilotiek\u0101rta ADS\/EV"},"content":{"rendered":"<p><strong>Absorbcijas un strip\u0113\u0161anas pilotiek\u0101rta ADS\/EV<\/strong> ir paredz\u0113ts \u0137\u012bmisk\u0101s in\u017eenierijas izgl\u012bt\u012bbai un \u013cauj p\u0113t\u012bt masas p\u0101rnesi starp g\u0101zes un \u0161\u0137idruma f\u0101z\u0113m. \u0160o stat\u012bvu var izmantot absorbcijas procesiem (g\u0101zveida vielas pievieno\u0161ana \u0161\u0137idrajai f\u0101zei) un atdal\u012b\u0161anas procesiem (\u0161\u0137idr\u0101s f\u0101zes atdal\u012b\u0161ana no g\u0101zes f\u0101zes). ADSa\/EV autom\u0101tisk\u0101 versija ir papildin\u0101ta ar PID regulatoru, kas \u013cauj autom\u0101tiski regul\u0113t g\u0101zes pl\u016bsmas.<\/p>\n<p><strong>Galven\u0101s iez\u012bmes:<\/strong><\/p>\n<ul>\n<li><strong>B\u016bvniec\u012bba:<\/strong> Izgatavots no AISI 304 ner\u016bs\u0113jo\u0161\u0101 t\u0113rauda ar rite\u0146iem mobilit\u0101tes nodro\u0161in\u0101\u0161anai.<\/li>\n<li><strong>Kolonna:<\/strong> borsilik\u0101ta stikls DN 80, augstums \u2013 1000 mm, pild\u012bts ar Ra\u0161iga gredzeniem.<\/li>\n<li><strong>Siltummainis:<\/strong> borsilik\u0101ta stikls, 0,5 m\u00b2 siltumapmai\u0146as virsma, uzst\u0101d\u012bts kolonnas apak\u0161\u0101.<\/li>\n<li><strong>Jaudas tvertne:<\/strong> 30 litru tilpums, izgatavots no AISI 304 ner\u016bs\u0113jo\u0161\u0101 t\u0113rauda.<\/li>\n<li><strong>Doz\u0113\u0161anas s\u016bknis:<\/strong> AISI 316 ner\u016bs\u0113jo\u0161ais t\u0113rauds, ar pneimatisko vad\u012bbu (Qmax = 270 l\/h).<\/li>\n<li><strong>Pneimatiskie vad\u012bbas v\u0101rsti:<\/strong> AISI 316 ner\u016bs\u0113jo\u0161ais t\u0113rauds, DN 15, Cv = 0,2 un 0,08.<\/li>\n<li><strong>Elektroniskie masas pl\u016bsmas m\u0113r\u012bt\u0101ji:<\/strong> AISI 316 ner\u016bs\u0113jo\u0161ais t\u0113rauds ar da\u017e\u0101diem diapazoniem (0\u2013600 Nl\/h un 0\u20136000 Nl\/h).<\/li>\n<li><strong>Diferenci\u0101l\u0101 spiediena raid\u012bt\u0101js:<\/strong> Diapazons 0\u2013200 mm H2O, ar 4\u201320 mA sign\u0101lu.<\/li>\n<li><strong>Temperat\u016bras sensori:<\/strong> tr\u012bs Pt 100 termistori ar nolas\u012b\u0161anas indikatoriem.<\/li>\n<li><strong>Vad\u012bbas panelis:<\/strong> IP55 klase, atbilst ES standartiem, ar av\u0101rijas pogu.<\/li>\n<\/ul>\n<p><strong>Apm\u0101c\u012bbas iesp\u0113jas:<\/strong><\/p>\n<ul>\n<li>Absorbcijas efektivit\u0101tes anal\u012bze da\u017e\u0101dos apst\u0101k\u013cos.<\/li>\n<li>Atdal\u012b\u0161anas procesa uzraudz\u012bba, izmantojot da\u017e\u0101das g\u0101zes.<\/li>\n<li>Teor\u0113tisko posmu apr\u0113\u0137ins.<\/li>\n<li>Autom\u0101tiska pl\u016bsmas kontrole ar PID regulatoru (tikai mod. ADSa\/EV).<\/li>\n<li>Sist\u0113mas uzraudz\u012bba, izmantojot datoru (tikai mod. ADSa\/EV).<\/li>\n<li>NH3 absorbcija, izmantojot H2O, un CO2 absorbcija ar NaOH \u0161\u0137\u012bdumu.<\/li>\n<\/ul>\n<p><strong>Tehniskie dati:<\/strong><br \/>\nIzm\u0113ri: 1900 \u00d7 800 \u00d7 3000 mm<br \/>\nSvars: 270 kg<\/p>","protected":false},"excerpt":{"rendered":"<p><strong>Absorbcijas un strip\u0113\u0161anas pilotiek\u0101rta ADS\/EV<\/strong> \u2013 ir m\u0101c\u012bbu ier\u012bce, kas paredz\u0113ta masas p\u0101rneses p\u0113t\u012b\u0161anai starp g\u0101zes un \u0161\u0137idruma f\u0101z\u0113m. Ier\u012bce \u013cauj veikt absorbcijas un desorbcijas eksperimentus, analiz\u0113t teor\u0113tiskos posmus un nov\u0113rot procesus da\u017e\u0101dos apst\u0101k\u013cos. Autom\u0101tisk\u0101 ADSa\/EV versija ir papildin\u0101ta ar PID regulatoru, kas nodro\u0161ina prec\u012bzu g\u0101zes pl\u016bsmas regul\u0113\u0161anu. Izgatavots no ner\u016bs\u0113jo\u0161\u0101 t\u0113rauda ar stikla deta\u013c\u0101m, \u0161is stat\u012bvs ir iztur\u012bgs, prec\u012bzs un viegli lietojams.<\/p>","protected":false},"featured_media":21867,"template":"","meta":[],"product_cat":[79,1098],"product_tag":[],"class_list":{"0":"post-21866","1":"product","2":"type-product","3":"status-publish","4":"has-post-thumbnail","6":"product_cat-mokymo-priemones-ir-iranga","7":"product_cat-didaktine-iranga-techniniam-ugdymui","9":"first","10":"instock","11":"shipping-taxable","12":"product-type-simple"},"_links":{"self":[{"href":"https:\/\/labostera.lt\/lv\/wp-json\/wp\/v2\/product\/21866","targetHints":{"allow":["GET"]}}],"collection":[{"href":"https:\/\/labostera.lt\/lv\/wp-json\/wp\/v2\/product"}],"about":[{"href":"https:\/\/labostera.lt\/lv\/wp-json\/wp\/v2\/types\/product"}],"wp:featuredmedia":[{"embeddable":true,"href":"https:\/\/labostera.lt\/lv\/wp-json\/wp\/v2\/media\/21867"}],"wp:attachment":[{"href":"https:\/\/labostera.lt\/lv\/wp-json\/wp\/v2\/media?parent=21866"}],"wp:term":[{"taxonomy":"product_cat","embeddable":true,"href":"https:\/\/labostera.lt\/lv\/wp-json\/wp\/v2\/product_cat?post=21866"},{"taxonomy":"product_tag","embeddable":true,"href":"https:\/\/labostera.lt\/lv\/wp-json\/wp\/v2\/product_tag?post=21866"}],"curies":[{"name":"wp","href":"https:\/\/api.w.org\/{rel}","templated":true}]}}