{"id":21859,"date":"2024-11-28T16:15:54","date_gmt":"2024-11-28T13:15:54","guid":{"rendered":"http:\/\/labostera.lt\/?post_type=product&#038;p=21859"},"modified":"2024-11-28T16:26:01","modified_gmt":"2024-11-28T13:26:01","slug":"sietu-valymo-irenginiai-nexopart-usc","status":"publish","type":"product","link":"https:\/\/labostera.lt\/lv\/priemones-ir-iranga\/laboratorine-iranga\/medziagotyra\/sietu-valymo-irenginiai-nexopart-usc\/","title":{"rendered":"Sietu t\u012br\u012b\u0161anas iek\u0101rta NEXOPART USC"},"content":{"rendered":"<p>Sietu t\u012br\u012b\u0161anas iek\u0101rta NEXOPART USC. Lai nodro\u0161in\u0101tu prec\u012bzus un uzticamus anal\u012bzes rezult\u0101tus, ir nepiecie\u0161ami nevainojami t\u012bri testa sieti. NEXOPART pied\u0101v\u0101 risin\u0101jumu, kas atvieglo \u0161o procesu: ultraska\u0146as t\u012br\u012b\u0161anas iek\u0101rtas, kas nodro\u0161ina efekt\u012bvu un saudz\u012bgu t\u012br\u012b\u0161anu. Izmantojot \u0161o tehnolo\u0123iju, j\u016bs var\u0113siet sasniegt prec\u012bzus un konsekventus m\u0113r\u012bjumu rezult\u0101tus p\u0113c katras anal\u012bzes.<\/p>\n<p>&nbsp;<\/p>\n<p>Pat vismaz\u0101kais sieta pies\u0101r\u0146ojums, piem\u0113ram, pielipu\u0161as da\u013ci\u0146as vai nogulsnes, var samazin\u0101t to caurlaidsp\u0113ju un samazin\u0101t anal\u012btisko rezult\u0101tu precizit\u0101ti un atk\u0101rtojam\u012bbu. NEXOPART ultraska\u0146as t\u012br\u012b\u0161anas iek\u0101rtas efekt\u012bvi no\u0146em pat viss\u012bk\u0101k\u0101s da\u013ci\u0146as no testa sietiem, nodro\u0161inot to gatav\u012bbu prec\u012bzai anal\u012bzei.<\/p>\n<p>NEXOPART pied\u0101v\u0101 t\u012br\u012b\u0161anas iek\u0101rtu versijas:<\/p>\n<ul>\n<li><strong>NEXOPART USC 200 S<\/strong> \u2013 piem\u0113rots testa sietiem ar diametru l\u012bdz 203 mm.<\/li>\n<li><strong>NEXOPART USC 500 S<\/strong> \u2013 piem\u0113rots sietu t\u012br\u012b\u0161anai ar diametru l\u012bdz 500 mm.<\/li>\n<li><strong>NEXOPART USC 200 Multi<\/strong> \u2013 piem\u0113rots pieciem sietiem vienlaikus ar diametru l\u012bdz 203 mm.<\/li>\n<\/ul>\n<p>Ultraska\u0146as t\u012br\u012b\u0161anas tehnolo\u0123ija ir iev\u0113rojami p\u0101r\u0101ka par manu\u0101lo t\u012br\u012b\u0161anu vair\u0101ku iemeslu d\u0113\u013c:<\/p>\n<ul>\n<li><strong>Cent\u012bba<\/strong>Not\u012bra pat vismaz\u0101kos pies\u0101r\u0146ot\u0101jus, neboj\u0101jot met\u0101la sieta strukt\u016bru.<\/li>\n<li><strong>Efektivit\u0101te<\/strong>Ietaupa laiku, nodro\u0161inot \u0101tr\u0101ku un r\u016bp\u012bg\u0101ku t\u012br\u012b\u0161anu nek\u0101 ar tradicion\u0101laj\u0101m metod\u0113m.<\/li>\n<li><strong>Uzticam\u012bba<\/strong>Pies\u0101r\u0146ojuma nov\u0113r\u0161ana padara anal\u012bzes rezult\u0101tus prec\u012bz\u0101kus un konsekvent\u0101kus.<\/li>\n<li><strong>Saglab\u0101\u0161ana<\/strong>Iek\u0101rta pat\u0113r\u0113 maz ener\u0123ijas un ir viegli lietojama, t\u0101d\u0113j\u0101di samazinot ekspluat\u0101cijas izmaksas.<\/li>\n<\/ul>\n<h4><strong>K\u0101 darbojas ultraska\u0146as t\u012br\u012b\u0161ana?<\/strong><\/h4>\n<ol>\n<li><strong>Ievietojiet sietu t\u012br\u012b\u0161anas vann\u0101.<\/strong><\/li>\n<li><strong>Pievienojiet atbilsto\u0161u t\u012br\u012b\u0161anas \u0161\u0137idrumu.<\/strong><\/li>\n<li><strong>Iesl\u0113dziet ultraska\u0146as t\u012br\u012bt\u0101ju.<\/strong><\/li>\n<li><strong>V\u0113rojiet, k\u0101 ultraska\u0146as vi\u013c\u0146i maigi, bet efekt\u012bvi no\u0146em visas net\u012brumu da\u013ci\u0146as.<\/strong><\/li>\n<\/ol>\n<p><strong>Invest\u0113jiet kvalit\u0101t\u0113 un efektivit\u0101t\u0113 ar NEXOPART ultraska\u0146as t\u012br\u012b\u0161anas iek\u0101rt\u0101m<\/strong> \u2013 tas ir neaizst\u0101jams instruments laboratorij\u0101m, kas vienm\u0113r v\u0113las prec\u012bzus un uzticamus rezult\u0101tus.<\/p>","protected":false},"excerpt":{"rendered":"<p>Sietu t\u012br\u012b\u0161anas iek\u0101rtas NEXOPART USC ultraska\u0146as t\u012br\u012b\u0161anas iek\u0101rtas efekt\u012bvi no\u0146em pat viss\u012bk\u0101k\u0101s da\u013ci\u0146as no testa sietiem, nodro\u0161inot to gatav\u012bbu prec\u012bzai anal\u012bzei. Pat vismaz\u0101kais sieta pies\u0101r\u0146ojums, piem\u0113ram, pielipu\u0161as da\u013ci\u0146as vai nogulsnes, var samazin\u0101t to caurlaidsp\u0113ju un samazin\u0101t anal\u012btisko rezult\u0101tu precizit\u0101ti un atk\u0101rtojam\u012bbu.<\/p>","protected":false},"featured_media":21861,"template":"","meta":[],"product_cat":[86,137],"product_tag":[],"class_list":{"0":"post-21859","1":"product","2":"type-product","3":"status-publish","4":"has-post-thumbnail","6":"product_brand-nexopart","7":"product_cat-medziagotyra","8":"product_cat-bandiniu-paruosimo-iranga","10":"first","11":"instock","12":"shipping-taxable","13":"product-type-simple"},"_links":{"self":[{"href":"https:\/\/labostera.lt\/lv\/wp-json\/wp\/v2\/product\/21859","targetHints":{"allow":["GET"]}}],"collection":[{"href":"https:\/\/labostera.lt\/lv\/wp-json\/wp\/v2\/product"}],"about":[{"href":"https:\/\/labostera.lt\/lv\/wp-json\/wp\/v2\/types\/product"}],"wp:featuredmedia":[{"embeddable":true,"href":"https:\/\/labostera.lt\/lv\/wp-json\/wp\/v2\/media\/21861"}],"wp:attachment":[{"href":"https:\/\/labostera.lt\/lv\/wp-json\/wp\/v2\/media?parent=21859"}],"wp:term":[{"taxonomy":"product_cat","embeddable":true,"href":"https:\/\/labostera.lt\/lv\/wp-json\/wp\/v2\/product_cat?post=21859"},{"taxonomy":"product_tag","embeddable":true,"href":"https:\/\/labostera.lt\/lv\/wp-json\/wp\/v2\/product_tag?post=21859"}],"curies":[{"name":"wp","href":"https:\/\/api.w.org\/{rel}","templated":true}]}}