{"id":21854,"date":"2024-11-28T15:59:05","date_gmt":"2024-11-28T12:59:05","guid":{"rendered":"http:\/\/labostera.lt\/?post_type=product&#038;p=21854"},"modified":"2024-11-28T16:26:02","modified_gmt":"2024-11-28T13:26:02","slug":"ultragarsinis-sietu-kratytuvas-nexopart-ufa","status":"publish","type":"product","link":"https:\/\/labostera.lt\/lv\/priemones-ir-iranga\/laboratorine-iranga\/medziagotyra\/ultragarsinis-sietu-kratytuvas-nexopart-ufa\/","title":{"rendered":"Ultraska\u0146as sietu krat\u012bt\u0101js NEXOPART UFA"},"content":{"rendered":"<p>Ultraska\u0146as sietu krat\u012bt\u0101js NEXOPART UFA. Smalku pulveru sij\u0101\u0161ana ar da\u013ci\u0146u izm\u0113ru \u2264 300 \u00b5m var b\u016bt sare\u017e\u0123\u012bta, \u012bpa\u0161i izmantojot tradicion\u0101l\u0101s metodes. NEXOPART UFA nodro\u0161ina uzlabotu risin\u0101jumu, kas \u013cauj efekt\u012bvi analiz\u0113t smalkus beramkravu materi\u0101lus, izmantojot ultraska\u0146as frekvences vari\u0101cijas sist\u0113mu. \u0160\u012b tehnolo\u0123ija ir izstr\u0101d\u0101ta, lai uzlabotu vibr\u0113jo\u0161\u0101 sieta krat\u012bt\u0101ja efektivit\u0101ti un nodro\u0161in\u0101tu izcilus rezult\u0101tus pat ar viss\u012bk\u0101kaj\u0101m da\u013ci\u0146\u0101m.<\/p>\n<h4><strong>K\u0101p\u0113c izv\u0113l\u0113ties ultraska\u0146as frekvences vari\u0101ciju?<\/strong><\/h4>\n<p>Smalkas pulvera da\u013ci\u0146as sij\u0101\u0161anas laik\u0101 bie\u017ei m\u0113dz aizs\u0113r\u0113t vai pielipt pie sieta t\u012bkla. NEXOPART UFA ultraska\u0146as sist\u0113ma atrisina \u0161o probl\u0113mu, nep\u0101rtraukti ierosinot sieta t\u012bklu ar da\u017e\u0101d\u0101m ultraska\u0146as frekvenc\u0113m. \u0160\u012b vibr\u0101cija nov\u0113r\u0161 aizs\u0113r\u0113\u0161anu, uzlabo materi\u0101la caurlaidsp\u0113ju un nodro\u0161ina efekt\u012bvu smalko da\u013ci\u0146u sij\u0101\u0161anu.<\/p>\n<p>Ar NEXOPART UFA sist\u0113mu j\u016bs varat sasniegt:<\/p>\n<ul>\n<li><strong>Augsta precizit\u0101te<\/strong>Prec\u012bza da\u013ci\u0146u atdal\u012b\u0161ana, kuru izm\u0113rs ir \u2264 300 \u00b5m.<\/li>\n<li><strong>Augsta efektivit\u0101te<\/strong>\u0100tr\u0101ka materi\u0101lu caurlaidsp\u0113ja un \u012bs\u0101ks anal\u012bzes laiks.<\/li>\n<li><strong>Uzticami rezult\u0101ti<\/strong>Konsekventi un reproduc\u0113jami rezult\u0101ti pat vissare\u017e\u0123\u012bt\u0101kajos laboratorijas uzdevumos.<\/li>\n<\/ul>\n<h4><strong>K\u0101 tas darbojas?<\/strong><\/h4>\n<p>NEXOPART UFA sist\u0113ma ir viegli piel\u0101gojama eso\u0161ajiem NEXOPART ekr\u0101niem. Iestat\u012b\u0161ana aiz\u0146em tikai da\u017eas min\u016btes:<\/p>\n<ol>\n<li><strong>Pievelciet skavu<\/strong>Lai nodro\u0161in\u0101tu stabilu darb\u012bbu, dro\u0161i piestipriniet sietu, izmantojot NEXOPART skavu.<\/li>\n<li><strong>Instal\u0113jiet p\u0101rveidot\u0101ju<\/strong>Pievienojiet ultraska\u0146as dev\u0113ju sist\u0113mai.<\/li>\n<li><strong>Savieno\u0161ana un aktiviz\u0113\u0161ana<\/strong>Pievienojiet \u0123eneratoru baro\u0161anas avotam, pievienojiet to p\u0101rveidot\u0101jam un iesl\u0113dziet to, lai s\u0101ktu ultraska\u0146as frekvences main\u012b\u0161anas procesu.<\/li>\n<\/ol>\n<p>Kad sist\u0113ma ir iesl\u0113gta, sieta siets s\u0101k vibr\u0113t da\u017e\u0101d\u0101s ultraska\u0146as frekvenc\u0113s. Tas nov\u0113r\u0161 t\u0101das bie\u017ei sastopamas probl\u0113mas k\u0101 sieta aizs\u0113r\u0113\u0161ana vai materi\u0101la agreg\u0101cija un nodro\u0161ina efekt\u012bvu un prec\u012bzu sij\u0101\u0161anu.<\/p>\n<h4><strong>Pielietojuma jomas<\/strong><\/h4>\n<p>NEXOPART UFA sist\u0113ma ir ide\u0101li piem\u0113rota laboratorij\u0101m un nozar\u0113m, kas str\u0101d\u0101 ar smalkiem beramkravu materi\u0101liem, tostarp:<\/p>\n<ul>\n<li><strong>Aptieka<\/strong>Akt\u012bvo vielu un pal\u012bgvielu p\u0101rbaudei.<\/li>\n<li><strong>P\u0101rtikas r\u016bpniec\u012bba<\/strong>Smalku pulveru, piem\u0113ram, miltu vai gar\u0161vielu, anal\u012bzei.<\/li>\n<li><strong>\u0136\u012bmija un materi\u0101lzin\u0101tnes<\/strong>S\u012bkgraudainu materi\u0101lu, piem\u0113ram, pigmentu, keramikas un katalizatoru, apstr\u0101dei.<\/li>\n<\/ul>\n<h4><strong>Galven\u0101s priek\u0161roc\u012bbas<\/strong><\/h4>\n<ul>\n<li><strong>Vienk\u0101r\u0161a uzst\u0101d\u012b\u0161ana un lieto\u0161ana<\/strong>Minim\u0101l\u0101s darb\u012bbas, kas nepiecie\u0161amas, lai integr\u0113tu sist\u0113mu skr\u012bninga proces\u0101.<\/li>\n<li><strong>Daudzpus\u012bba<\/strong>Savietojam\u012bba ar NEXOPART sietiem un vibr\u0101cijas krat\u012bt\u0101jiem.<\/li>\n<li><strong>Uzlaboti rezult\u0101ti<\/strong>Nodro\u0161ina prec\u012bzu un efekt\u012bvu smalko da\u013ci\u0146u atdal\u012b\u0161anu.<\/li>\n<\/ul>\n<p>Izv\u0113loties NEXOPART UFA ultraska\u0146as frekvences vari\u0101cijas sist\u0113mu, j\u016bs nodro\u0161in\u0101siet uzticamu un efekt\u012bvu sij\u0101\u0161anu sav\u0101 laboratorij\u0101.<\/p>","protected":false},"excerpt":{"rendered":"<p>NEXOPART UFA ultraska\u0146as sieta krat\u012bt\u0101js nodro\u0161ina uzlabotu risin\u0101jumu, kas \u013cauj efekt\u012bvi analiz\u0113t smalkus beramkravu materi\u0101lus, izmantojot ultraska\u0146as frekvences vari\u0101cijas sist\u0113mu. \u0160\u012b tehnolo\u0123ija ir izstr\u0101d\u0101ta, lai uzlabotu vibr\u0113jo\u0161\u0101 sieta krat\u012bt\u0101ja efektivit\u0101ti un nodro\u0161in\u0101tu izcilus rezult\u0101tus pat ar viss\u012bk\u0101kaj\u0101m da\u013ci\u0146\u0101m.<\/p>","protected":false},"featured_media":21858,"template":"","meta":[],"product_cat":[86,137],"product_tag":[],"class_list":{"0":"post-21854","1":"product","2":"type-product","3":"status-publish","4":"has-post-thumbnail","6":"product_brand-nexopart","7":"product_cat-medziagotyra","8":"product_cat-bandiniu-paruosimo-iranga","10":"first","11":"instock","12":"shipping-taxable","13":"product-type-simple"},"_links":{"self":[{"href":"https:\/\/labostera.lt\/lv\/wp-json\/wp\/v2\/product\/21854","targetHints":{"allow":["GET"]}}],"collection":[{"href":"https:\/\/labostera.lt\/lv\/wp-json\/wp\/v2\/product"}],"about":[{"href":"https:\/\/labostera.lt\/lv\/wp-json\/wp\/v2\/types\/product"}],"wp:featuredmedia":[{"embeddable":true,"href":"https:\/\/labostera.lt\/lv\/wp-json\/wp\/v2\/media\/21858"}],"wp:attachment":[{"href":"https:\/\/labostera.lt\/lv\/wp-json\/wp\/v2\/media?parent=21854"}],"wp:term":[{"taxonomy":"product_cat","embeddable":true,"href":"https:\/\/labostera.lt\/lv\/wp-json\/wp\/v2\/product_cat?post=21854"},{"taxonomy":"product_tag","embeddable":true,"href":"https:\/\/labostera.lt\/lv\/wp-json\/wp\/v2\/product_tag?post=21854"}],"curies":[{"name":"wp","href":"https:\/\/api.w.org\/{rel}","templated":true}]}}