{"id":21852,"date":"2024-11-28T15:53:29","date_gmt":"2024-11-28T12:53:29","guid":{"rendered":"http:\/\/labostera.lt\/?post_type=product&#038;p=21852"},"modified":"2024-11-28T16:26:02","modified_gmt":"2024-11-28T13:26:02","slug":"rotacinis-meginiu-dalytuvas-rpt-nexopart","status":"publish","type":"product","link":"https:\/\/labostera.lt\/lv\/priemones-ir-iranga\/laboratorine-iranga\/medziagotyra\/rotacinis-meginiu-dalytuvas-rpt-nexopart\/","title":{"rendered":"Rot\u0101cijas paraugu dal\u012bt\u0101js RPT NEXOPART"},"content":{"rendered":"<p>Rot\u0101cijas paraugu dal\u012bt\u0101js <strong>RPT NEXOPART <\/strong>ir uzlabota laboratorijas ier\u012bce, kas vien\u0101 ier\u012bc\u0113 apvieno pat tr\u012bs da\u017e\u0101dus paraugu atdal\u012b\u0161anas procesus. \u0160is unik\u0101lais risin\u0101jums nodro\u0161ina \u0101rk\u0101rt\u012bgi prec\u012bzu paraugu sagatavo\u0161anu pat gr\u016bti pl\u016bstamiem materi\u0101liem, piem\u0113ram, cementam vai ka\u013c\u0137akmenim.<\/p>\n<p>Paraugi tiek padoti speci\u0101l\u0101 konisk\u0101 dozator\u0101, kas atdarina tradicion\u0101lo \u201cceturtda\u013cas un konusa\u201d procesu, ko pla\u0161i izmanto paraugu sagatavo\u0161anas praks\u0113. Rot\u0101cijas laik\u0101 dal\u012b\u0161anas konuss pa\u0101trina parauga materi\u0101lu malu virzien\u0101, kur tas tiek novirz\u012bts dal\u012b\u0161anas kan\u0101los. \u0160ie kan\u0101li vienm\u0113r\u012bgi sadala paraugu l\u012bdz pat <strong>30 individu\u0101li piem\u0113ri<\/strong>, atkar\u012bb\u0101 no izmantot\u0101 mode\u013ca.<\/p>\n<p>\u0160\u012b modern\u0101 dal\u012b\u0161anas sist\u0113ma ne tikai \u013cauj prec\u012bzi sadal\u012bt gr\u016bti pl\u016bstamus materi\u0101lus, bet ar\u012b nov\u0113r\u0161 cilv\u0113cisko k\u013c\u016bdu risku, kas bie\u017ei rodas manu\u0101las paraugu dal\u012b\u0161anas laik\u0101.<\/p>\n<p>RPT rot\u0113jo\u0161ais paraugu dal\u012bt\u0101js ir izstr\u0101d\u0101ts, lai apmierin\u0101tu da\u017e\u0101das laboratoriju vajadz\u012bbas. T\u0101 daudzpus\u012bba nodro\u0161ina izcilu veiktsp\u0113ju gan nelieliem materi\u0101lu daudzumiem, gan liel\u0101kiem paraugiem, kuriem nepiecie\u0161ama prec\u012bza proporcion\u0101la sadal\u012b\u0161ana. \u0160\u012b ier\u012bce ir \u012bpa\u0161i noder\u012bga \u0161\u0101dos gad\u012bjumos:<\/p>\n<ul>\n<li><strong>B\u016bvniec\u012bbas un materi\u0101lu nozar\u0113<\/strong> \u2013 cementa, ka\u013c\u0137akmens un citu beramkravu anal\u012bze.<\/li>\n<li><strong>Kalnr\u016bpniec\u012bbas nozar\u0113<\/strong> \u2013 miner\u0101lu un r\u016bdu sadal\u012b\u0161ana.<\/li>\n<li><strong>Zin\u0101tnes laboratorij\u0101s<\/strong> \u2013 prec\u012bzi eksperiment\u0101li piem\u0113ri maz\u0101m da\u013ci\u0146\u0101m.<\/li>\n<\/ul>\n<p>RPT tehnolo\u0123ija nodro\u0161ina paraugu reprezentativit\u0101ti un anal\u012bzes rezult\u0101tu ticam\u012bbu un reproduc\u0113jam\u012bbu. Iesp\u0113ja vienlaikus sagatavot l\u012bdz pat 30 proporcion\u0101li sadal\u012btiem paraugiem ne tikai ietaupa laiku, bet ar\u012b garant\u0113 prec\u012bzu parauga sast\u0101vu katr\u0101 anal\u012bzes posm\u0101.<\/p>","protected":false},"excerpt":{"rendered":"<p>Rot\u0101cijas paraugu dal\u012bt\u0101js <strong>RPT NEXOPART<\/strong> \u2013 ir uzlabots risin\u0101jums laboratorij\u0101m, kur\u0101m nepiecie\u0161amas \u013coti prec\u012bzas un \u0101tras rezult\u0101tus. \u0160\u012b ier\u012bce nodro\u0161ina ne tikai reprezentat\u012bvu paraugu ieg\u016b\u0161anu, bet ar\u012b anal\u012bzes procesa efektivit\u0101ti, samazinot k\u013c\u016bdu iesp\u0113jam\u012bbu un nodro\u0161inot maksim\u0101lu precizit\u0101ti.<\/p>","protected":false},"featured_media":21853,"template":"","meta":[],"product_cat":[86,137],"product_tag":[],"class_list":{"0":"post-21852","1":"product","2":"type-product","3":"status-publish","4":"has-post-thumbnail","6":"product_brand-nexopart","7":"product_cat-medziagotyra","8":"product_cat-bandiniu-paruosimo-iranga","10":"first","11":"instock","12":"shipping-taxable","13":"product-type-simple"},"_links":{"self":[{"href":"https:\/\/labostera.lt\/lv\/wp-json\/wp\/v2\/product\/21852","targetHints":{"allow":["GET"]}}],"collection":[{"href":"https:\/\/labostera.lt\/lv\/wp-json\/wp\/v2\/product"}],"about":[{"href":"https:\/\/labostera.lt\/lv\/wp-json\/wp\/v2\/types\/product"}],"wp:featuredmedia":[{"embeddable":true,"href":"https:\/\/labostera.lt\/lv\/wp-json\/wp\/v2\/media\/21853"}],"wp:attachment":[{"href":"https:\/\/labostera.lt\/lv\/wp-json\/wp\/v2\/media?parent=21852"}],"wp:term":[{"taxonomy":"product_cat","embeddable":true,"href":"https:\/\/labostera.lt\/lv\/wp-json\/wp\/v2\/product_cat?post=21852"},{"taxonomy":"product_tag","embeddable":true,"href":"https:\/\/labostera.lt\/lv\/wp-json\/wp\/v2\/product_tag?post=21852"}],"curies":[{"name":"wp","href":"https:\/\/api.w.org\/{rel}","templated":true}]}}