{"id":21847,"date":"2024-11-28T15:30:08","date_gmt":"2024-11-28T12:30:08","guid":{"rendered":"http:\/\/labostera.lt\/?post_type=product&#038;p=21847"},"modified":"2024-11-28T16:26:03","modified_gmt":"2024-11-28T13:26:03","slug":"vibracinis-sietu-kratytuvas-nexopart-uwl-400","status":"publish","type":"product","link":"https:\/\/labostera.lt\/lv\/priemones-ir-iranga\/laboratorine-iranga\/medziagotyra\/vibracinis-sietu-kratytuvas-nexopart-uwl-400\/","title":{"rendered":"Vibr\u0113jo\u0161ais sieta krat\u012bt\u0101js NEXOPART UWL 400"},"content":{"rendered":"<p>NEXOPART UWL 400 vibr\u0113jo\u0161ais sieta krat\u012bt\u0101js ir jaud\u012bg\u0101kais un liel\u0101kais 3D vibr\u0113jo\u0161ais sieta krat\u012bt\u0101js smagu, beramkravu materi\u0101lu anal\u012bzei. \u0160is modelis nodro\u0161ina izcilu veiktsp\u0113ju un uzticam\u012bbu, piem\u0113rots paraugiem l\u012bdz 20 kg. UWL 400 ir ide\u0101li piem\u0113rots rupji graudainiem materi\u0101liem un ir lieliska izv\u0113le, ja nepiecie\u0161ama precizit\u0101te pat pie liel\u0101m slodz\u0113m.<\/p>\n<h4><strong>Priek\u0161roc\u012bbas:<\/strong><\/h4>\n<ul>\n<li><strong>Liela ietilp\u012bba:<\/strong> \u013bauj analiz\u0113t paraugus l\u012bdz 20 kg.<\/li>\n<li><strong>3D saist\u012b\u0161anas process:<\/strong> Nodro\u0161ina precizit\u0101ti un uzticam\u012bbu, izmantojot kust\u012bbu, ko rada divi nel\u012bdzsvaroti motori.<\/li>\n<li><strong>Daudzpus\u012bba:<\/strong> Piem\u0113rots gan mitrai, gan sausai sij\u0101\u0161anai.<\/li>\n<li><strong>TwinNut\u00ae sist\u0113ma:<\/strong> \u0100trs un \u0113rts sieta tor\u0146a stiprin\u0101jums, kas ietaupa laiku un nodro\u0161ina \u0113rtu augstuma regul\u0113\u0161anu.<\/li>\n<\/ul>\n<h4><strong style=\"color: var(--rz-color-dark); font-family: var(--rz-font-family-primary);\">Tehniskie dati:<\/strong><\/h4>\n<ul>\n<li><strong>Kust\u012bba:<\/strong> Tr\u012bsdimensiju saist\u012b\u0161ana.<\/li>\n<li><strong>Dzin\u0113ji:<\/strong> Divas tr\u012bsf\u0101\u017eu nebalans\u0113tas piedzi\u0146as.<\/li>\n<li><strong>Apstiprin\u0101jums:<\/strong> TwinNut\u00ae \u0101tr\u0101s aizv\u0113r\u0161anas sist\u0113ma.<\/li>\n<li><strong>Iesie\u0161anas veidi:<\/strong> Slapj\u0161 un sauss.<\/li>\n<\/ul>\n<p>UWL 400 izce\u013cas ne tikai ar savu augsto jaudu, bet ar\u012b ar \u0113rt\u012bb\u0101m un modernit\u0101ti, kas atbilst vis\u0101m laboratorijas vajadz\u012bb\u0101m.<\/p>","protected":false},"excerpt":{"rendered":"<p>Vibr\u0113jo\u0161ais sieta krat\u012bt\u0101js NEXOPART UWL 400 \u2013 jaud\u012bg\u0101kais 3D vibr\u0113jo\u0161ais sieta krat\u012bt\u0101js paraugiem l\u012bdz 20 kg. Tas nodro\u0161ina prec\u012bzu slapjo un sauso sij\u0101\u0161anu, izmantojot tr\u012bsdimensiju kust\u012bbu un moderno TwinNut\u00ae \u0101tr\u0101s iesp\u012bl\u0113\u0161anas sist\u0113mu. Ide\u0101la izv\u0113le rupjiem materi\u0101liem un lielas slodzes anal\u012bzei.<\/p>","protected":false},"featured_media":21848,"template":"","meta":[],"product_cat":[86,137],"product_tag":[],"class_list":{"0":"post-21847","1":"product","2":"type-product","3":"status-publish","4":"has-post-thumbnail","6":"product_brand-nexopart","7":"product_cat-medziagotyra","8":"product_cat-bandiniu-paruosimo-iranga","10":"first","11":"instock","12":"shipping-taxable","13":"product-type-simple"},"_links":{"self":[{"href":"https:\/\/labostera.lt\/lv\/wp-json\/wp\/v2\/product\/21847","targetHints":{"allow":["GET"]}}],"collection":[{"href":"https:\/\/labostera.lt\/lv\/wp-json\/wp\/v2\/product"}],"about":[{"href":"https:\/\/labostera.lt\/lv\/wp-json\/wp\/v2\/types\/product"}],"wp:featuredmedia":[{"embeddable":true,"href":"https:\/\/labostera.lt\/lv\/wp-json\/wp\/v2\/media\/21848"}],"wp:attachment":[{"href":"https:\/\/labostera.lt\/lv\/wp-json\/wp\/v2\/media?parent=21847"}],"wp:term":[{"taxonomy":"product_cat","embeddable":true,"href":"https:\/\/labostera.lt\/lv\/wp-json\/wp\/v2\/product_cat?post=21847"},{"taxonomy":"product_tag","embeddable":true,"href":"https:\/\/labostera.lt\/lv\/wp-json\/wp\/v2\/product_tag?post=21847"}],"curies":[{"name":"wp","href":"https:\/\/api.w.org\/{rel}","templated":true}]}}