{"id":21840,"date":"2024-11-28T15:08:25","date_gmt":"2024-11-28T12:08:25","guid":{"rendered":"http:\/\/labostera.lt\/?post_type=product&#038;p=21840"},"modified":"2024-11-28T16:26:04","modified_gmt":"2024-11-28T13:26:04","slug":"vibraciniai-sietu-kratytuvai-nexopart-eml","status":"publish","type":"product","link":"https:\/\/labostera.lt\/lv\/priemones-ir-iranga\/laboratorine-iranga\/medziagotyra\/vibraciniai-sietu-kratytuvai-nexopart-eml\/","title":{"rendered":"Vibr\u0113jo\u0161ie sietu krat\u012bt\u0101ji NEXOPART EML"},"content":{"rendered":"<p>NEXOPART EML vibr\u0101cijas sietu krat\u012bt\u0101ji nodro\u0161ina augstu precizit\u0101ti un uzticam\u012bbu da\u013ci\u0146u izm\u0113ra anal\u012bz\u0113. Elektromagn\u0113tisk\u0101 piedzi\u0146a nodro\u0161ina tr\u012bsdimensiju materi\u0101la kust\u012bbu, kas \u013cauj \u0101tri un prec\u012bzi noteikt da\u013ci\u0146u izm\u0113ru. \u0160\u012bs ier\u012bces ir ide\u0101li piem\u0113rotas da\u013ci\u0146u izm\u0113ra anal\u012bzes uzdevumu veik\u0161anai sausos un mitros beramkravu materi\u0101los.<\/p>\n<p>\u0160ie krat\u012bt\u0101ji tiek pla\u0161i izmantoti zin\u0101tniskaj\u0101 p\u0113tniec\u012bb\u0101, farm\u0101cijas, p\u0101rtikas un \u0137\u012bmiskaj\u0101 r\u016bpniec\u012bb\u0101. Tie ir piem\u0113roti izejvielu, starpproduktu un galaproduktu kvalit\u0101tes kontrolei.<\/p>\n<h4><strong>Priek\u0161roc\u012bbas:<\/strong><\/h4>\n<ul>\n<li><strong>Elektromagn\u0113tisk\u0101 piedzi\u0146a:<\/strong> Kluss, uzticams un bezapkopes risin\u0101jums.<\/li>\n<li><strong>3D kart\u0113\u0161ana:<\/strong> Nodro\u0161ina vienm\u0113r\u012bgu materi\u0101la sadal\u012bjumu uz sieta virsmas, \u0101tru anal\u012bzi un precizit\u0101ti.<\/li>\n<li><strong>G-Control tehnolo\u0123ija:<\/strong> Autom\u0101tiska amplit\u016bdas kontrole nodro\u0161ina nemain\u012bgus un uzticamus rezult\u0101tus neatkar\u012bgi no slodzes vai vides apst\u0101k\u013ciem.<\/li>\n<li><strong>Nov\u0113ro\u0161anas logs:<\/strong> \u013bauj jebkur\u0101 laik\u0101 redz\u0113t savieno\u0161anas p\u0101r\u012b procesu.<\/li>\n<li><strong>B\u016bvniec\u012bba:<\/strong> Iztur\u012bgs alum\u012bnija korpuss un augstas kvalit\u0101tes apdare.<\/li>\n<\/ul>\n<h4><strong>Pieejamie mode\u013ci:<\/strong><\/h4>\n<p>&nbsp;<\/p>\n<table>\n<thead>\n<tr>\n<td><strong>Modelis<\/strong><\/td>\n<td><strong>Funkcijas<\/strong><\/td>\n<td><strong>Parauga svars<\/strong><\/td>\n<\/tr>\n<\/thead>\n<tbody>\n<tr>\n<td><strong>EML 200 Pure<\/strong><\/td>\n<td>Divas fiks\u0113tas amplit\u016bdas (&quot;rupja&quot; un &quot;smalka&quot;), \u0101tra un vienk\u0101r\u0161a lieto\u0161ana<\/td>\n<td>L\u012bdz 3 kg<\/td>\n<\/tr>\n<tr>\n<td><strong>EML 200 Premium<\/strong><\/td>\n<td>Regul\u0113jamas amplit\u016bdas, digit\u0101lais indikators, divas stiprin\u0101juma sist\u0113mas<\/td>\n<td>L\u012bdz 3 kg<\/td>\n<\/tr>\n<tr>\n<td><strong>EML 200 Premium t\u0101lvad\u012bbas pults<\/strong><\/td>\n<td>Regul\u0113jamas amplit\u016bdas, atsevi\u0161\u0137a vad\u012bbas ier\u012bce, piem\u0113rota mitrai un sausai sij\u0101\u0161anai<\/td>\n<td>L\u012bdz 3 kg<\/td>\n<\/tr>\n<tr>\n<td><strong>EMF 315<\/strong><\/td>\n<td>Regul\u0113jams iesie\u0161anas ilgums, amplit\u016bda un interv\u0101ls, digit\u0101la vad\u012bba<\/td>\n<td>L\u012bdz 6 kg<\/td>\n<\/tr>\n<tr>\n<td><strong>EMF 450<\/strong><\/td>\n<td>Maksim\u0101lais svars l\u012bdz 15 kg, piem\u0113rots sietiem l\u012bdz 450 mm, sausai un mitrai sij\u0101\u0161anai<\/td>\n<td>L\u012bdz 15 kg<\/td>\n<\/tr>\n<\/tbody>\n<\/table>\n<p>&nbsp;<\/p>","protected":false},"excerpt":{"rendered":"<p>NEXOPART EML vibr\u0113jo\u0161ie sietu krat\u012bt\u0101ji nodro\u0161ina \u0101tru un prec\u012bzu da\u013ci\u0146u izm\u0113ra anal\u012bzi. Elektromagn\u0113tisk\u0101 piedzi\u0146a nodro\u0161ina 3D kust\u012bbu, un G-Control tehnolo\u0123ija garant\u0113 nemain\u012bgus rezult\u0101tus neatkar\u012bgi no slodzes. Mode\u013ci, kas piem\u0113roti gan sausai, gan mitrai sij\u0101\u0161anai, ir piel\u0101goti j\u016bsu vajadz\u012bb\u0101m, nodro\u0161inot maksim\u0101lu produktivit\u0101ti.<\/p>","protected":false},"featured_media":21843,"template":"","meta":[],"product_cat":[86,137],"product_tag":[],"class_list":{"0":"post-21840","1":"product","2":"type-product","3":"status-publish","4":"has-post-thumbnail","6":"product_brand-nexopart","7":"product_cat-medziagotyra","8":"product_cat-bandiniu-paruosimo-iranga","10":"first","11":"instock","12":"shipping-taxable","13":"product-type-simple"},"_links":{"self":[{"href":"https:\/\/labostera.lt\/lv\/wp-json\/wp\/v2\/product\/21840","targetHints":{"allow":["GET"]}}],"collection":[{"href":"https:\/\/labostera.lt\/lv\/wp-json\/wp\/v2\/product"}],"about":[{"href":"https:\/\/labostera.lt\/lv\/wp-json\/wp\/v2\/types\/product"}],"wp:featuredmedia":[{"embeddable":true,"href":"https:\/\/labostera.lt\/lv\/wp-json\/wp\/v2\/media\/21843"}],"wp:attachment":[{"href":"https:\/\/labostera.lt\/lv\/wp-json\/wp\/v2\/media?parent=21840"}],"wp:term":[{"taxonomy":"product_cat","embeddable":true,"href":"https:\/\/labostera.lt\/lv\/wp-json\/wp\/v2\/product_cat?post=21840"},{"taxonomy":"product_tag","embeddable":true,"href":"https:\/\/labostera.lt\/lv\/wp-json\/wp\/v2\/product_tag?post=21840"}],"curies":[{"name":"wp","href":"https:\/\/api.w.org\/{rel}","templated":true}]}}