{"id":21822,"date":"2024-11-26T16:57:00","date_gmt":"2024-11-26T13:57:00","guid":{"rendered":"http:\/\/labostera.lt\/?post_type=product&#038;p=21822"},"modified":"2026-03-18T15:45:15","modified_gmt":"2026-03-18T12:45:15","slug":"slegio-mandzete-reguliatorius","status":"publish","type":"product","link":"https:\/\/labostera.lt\/lv\/priemones-ir-iranga\/medicinines-priemones-ir-iranga\/priemones-tracheostomijai\/slegio-mandzete-reguliatorius\/","title":{"rendered":"Spiediena aproces regulators Tracoe Smart Cuff Manager"},"content":{"rendered":"<p>Tracoe Smart Cuff Manager ir uzlabota ier\u012bce, kas nodro\u0161ina nep\u0101rtrauktu HVLP (liela tilpuma, zema spiediena) aproces spiediena uzraudz\u012bbu un regul\u0113\u0161anu. \u0160is risin\u0101jums nosaka jaunu standartu pacientu dro\u0161\u012bb\u0101, \u013caujot medic\u012bnas person\u0101lam viegli uzraudz\u012bt un uztur\u0113t optim\u0101lu aproces spiedienu.<\/p>\n<p><strong>Galven\u0101s iez\u012bmes:<\/strong><\/p>\n<ul>\n<li><strong>Nep\u0101rtraukta regul\u0113\u0161ana:<\/strong> Autom\u0101tiski uzrauga un uztur optim\u0101lu spiedienu traheostomijas un endotrahe\u0101l\u0101s kan\u0101la man\u017eet\u0113s.<\/li>\n<li><strong>Vizu\u0101l\u0101 kontrole:<\/strong> Skaidrs spiediena r\u0101d\u012bjums pal\u012bdz \u0101tri nov\u0113rt\u0113t situ\u0101ciju.<\/li>\n<li><strong>Viegli lietojams:<\/strong> Intuit\u012bvais dizains ir piem\u0113rots gan slimn\u012bc\u0101m, gan kopienas apr\u016bpes iest\u0101d\u0113m.<\/li>\n<li><strong>Uzlabota dro\u0161\u012bba:<\/strong> Optimiz\u0113ts spiediens samazina komplik\u0101ciju risku un nodro\u0161ina liel\u0101ku pacienta komfortu.<\/li>\n<\/ul>\n<p>\u0160\u012b ier\u012bce ir neaizst\u0101jams pal\u012bgs vesel\u012bbas apr\u016bpes speci\u0101listiem, kas pal\u012bdz uztur\u0113t augstu apr\u016bpes kvalit\u0101ti un pacientu labsaj\u016btu.<\/p>","protected":false},"excerpt":{"rendered":"<p>Tracoe Smart Cuff Manager ir uzlabota ier\u012bce, kas nodro\u0161ina nep\u0101rtrauktu HVLP (liela tilpuma, zema spiediena) aproces spiediena uzraudz\u012bbu un regul\u0113\u0161anu. \u0160is risin\u0101jums nosaka jaunu standartu pacientu dro\u0161\u012bb\u0101, \u013caujot medic\u012bnas person\u0101lam viegli uzraudz\u012bt un uztur\u0113t optim\u0101lu aproces spiedienu.<\/p>","protected":false},"featured_media":21824,"template":"","meta":[],"product_cat":[77,1097],"product_tag":[],"class_list":{"0":"post-21822","1":"product","2":"type-product","3":"status-publish","4":"has-post-thumbnail","6":"product_brand-atos-medical","7":"product_cat-medicinines-priemones-ir-iranga","8":"product_cat-priemones-tracheostomijai","10":"first","11":"instock","12":"shipping-taxable","13":"product-type-simple"},"_links":{"self":[{"href":"https:\/\/labostera.lt\/lv\/wp-json\/wp\/v2\/product\/21822","targetHints":{"allow":["GET"]}}],"collection":[{"href":"https:\/\/labostera.lt\/lv\/wp-json\/wp\/v2\/product"}],"about":[{"href":"https:\/\/labostera.lt\/lv\/wp-json\/wp\/v2\/types\/product"}],"wp:featuredmedia":[{"embeddable":true,"href":"https:\/\/labostera.lt\/lv\/wp-json\/wp\/v2\/media\/21824"}],"wp:attachment":[{"href":"https:\/\/labostera.lt\/lv\/wp-json\/wp\/v2\/media?parent=21822"}],"wp:term":[{"taxonomy":"product_cat","embeddable":true,"href":"https:\/\/labostera.lt\/lv\/wp-json\/wp\/v2\/product_cat?post=21822"},{"taxonomy":"product_tag","embeddable":true,"href":"https:\/\/labostera.lt\/lv\/wp-json\/wp\/v2\/product_tag?post=21822"}],"curies":[{"name":"wp","href":"https:\/\/api.w.org\/{rel}","templated":true}]}}