{"id":21820,"date":"2024-11-26T16:54:38","date_gmt":"2024-11-26T13:54:38","guid":{"rendered":"http:\/\/labostera.lt\/?post_type=product&#038;p=21820"},"modified":"2026-03-18T15:46:42","modified_gmt":"2026-03-18T12:46:42","slug":"slegio-mandzeteje-matavimo-prietaisas","status":"publish","type":"product","link":"https:\/\/labostera.lt\/lv\/priemones-ir-iranga\/medicinines-priemones-ir-iranga\/priemones-tracheostomijai\/slegio-mandzeteje-matavimo-prietaisas\/","title":{"rendered":"Aproces spiediena m\u0113r\u012b\u0161anas ier\u012bce Tracoe Cuff Pressure Monitor Sensitive"},"content":{"rendered":"<p>Aproces spiediena m\u0113r\u012b\u0161anas ier\u012bce Tracoe Cuff Pressure Monitor Sensitive<\/p>\n<p>\u0160is p\u0101rn\u0113s\u0101jamais manometrs ir paredz\u0113ts prec\u012bzai liela tilpuma, zema spiediena (HVLP) man\u0161e\u0161u uzraudz\u012bbai traheostomijas un endotrahe\u0101l\u0101s caurul\u0113s. Tas ir uzticams un viegli lietojams risin\u0101jums dro\u0161ai un efekt\u012bvai pacientu apr\u016bpei.<\/p>\n<p><strong>Galven\u0101s iez\u012bmes:<\/strong><\/p>\n<ul>\n<li><strong>Prec\u012bza spiediena m\u0113r\u012b\u0161ana:<\/strong> \u013bauj efekt\u012bvi m\u0113r\u012bt un regul\u0113t spiedienu.<\/li>\n<li><strong>\u0100tra uzpild\u012b\u0161ana un izlai\u0161ana:<\/strong> Sp\u0113ja viegli piep\u016bst vai iztuk\u0161ot aproci.<\/li>\n<li><strong>Skaidrs spiediena indikators:<\/strong> Skal\u0101 ir atz\u012bm\u0113ta za\u013ca zona, kas nor\u0101da norm\u0101lo spiediena diapazonu.<\/li>\n<li><strong>Praktisks dizains:<\/strong> Kompakta un viegli lietojama rokas ier\u012bce.<\/li>\n<li><strong>Papildu piemaksa:<\/strong> Iesp\u0113ja pievienot Luer lock savienot\u0101ja caurul\u012bti (nop\u0113rkama atsevi\u0161\u0137i).<\/li>\n<\/ul>\n<p>\u0160is manometrs ir ide\u0101la izv\u0113le vesel\u012bbas apr\u016bpes speci\u0101listiem, kuri v\u0113las nodro\u0161in\u0101t pareizu aproces darb\u012bbu un pacientu dro\u0161\u012bbu.<\/p>","protected":false},"excerpt":{"rendered":"<p>Rokas manometrs ir paredz\u0113ts liela tilpuma, zema spiediena traheostomijas un endotrahe\u0101l\u0101s caurul\u012btes apro\u010du piep\u016b\u0161anai, m\u0113r\u012b\u0161anai un prec\u012bzai spiediena regul\u0113\u0161anai. Ier\u012bci var izmantot ar\u012b aproces izlai\u0161anai.<\/p>\n<p>Ier\u012bce <strong>ir<\/strong> Skaidra un viegli nolas\u0101ma skala. Za\u013c\u0101 kr\u0101s\u0101 iez\u012bm\u0113tais lauks nor\u0101da norm\u0101lo spiediena diapazonu. Papildus pieejama savienojo\u0161\u0101 caurule ar <em>Luer Lock<\/em> savienojums.<\/p>","protected":false},"featured_media":21823,"template":"","meta":[],"product_cat":[77,1097],"product_tag":[],"class_list":{"0":"post-21820","1":"product","2":"type-product","3":"status-publish","4":"has-post-thumbnail","6":"product_brand-atos-medical","7":"product_cat-medicinines-priemones-ir-iranga","8":"product_cat-priemones-tracheostomijai","10":"first","11":"instock","12":"shipping-taxable","13":"product-type-simple"},"_links":{"self":[{"href":"https:\/\/labostera.lt\/lv\/wp-json\/wp\/v2\/product\/21820","targetHints":{"allow":["GET"]}}],"collection":[{"href":"https:\/\/labostera.lt\/lv\/wp-json\/wp\/v2\/product"}],"about":[{"href":"https:\/\/labostera.lt\/lv\/wp-json\/wp\/v2\/types\/product"}],"wp:featuredmedia":[{"embeddable":true,"href":"https:\/\/labostera.lt\/lv\/wp-json\/wp\/v2\/media\/21823"}],"wp:attachment":[{"href":"https:\/\/labostera.lt\/lv\/wp-json\/wp\/v2\/media?parent=21820"}],"wp:term":[{"taxonomy":"product_cat","embeddable":true,"href":"https:\/\/labostera.lt\/lv\/wp-json\/wp\/v2\/product_cat?post=21820"},{"taxonomy":"product_tag","embeddable":true,"href":"https:\/\/labostera.lt\/lv\/wp-json\/wp\/v2\/product_tag?post=21820"}],"curies":[{"name":"wp","href":"https:\/\/api.w.org\/{rel}","templated":true}]}}