{"id":21818,"date":"2024-11-26T16:49:35","date_gmt":"2024-11-26T13:49:35","guid":{"rendered":"http:\/\/labostera.lt\/?post_type=product&#038;p=21818"},"modified":"2024-11-28T16:26:57","modified_gmt":"2024-11-28T13:26:57","slug":"tracheostominiai-vamzdeliai-tracoe-mini-ped","status":"publish","type":"product","link":"https:\/\/labostera.lt\/lv\/priemones-ir-iranga\/medicinines-priemones-ir-iranga\/priemones-tracheostomijai\/tracheostominiai-vamzdeliai-tracoe-mini-ped\/","title":{"rendered":"Traheostomijas caurules Tracoe Mini Ped"},"content":{"rendered":"<p>Traheostomijas caurul\u012btes Tracoe Mini Ped ir m\u012bkstas PVC traheostomijas caurul\u012btes, kas \u012bpa\u0161i paredz\u0113tas b\u0113rniem, nodro\u0161inot komfortu un dro\u0161\u012bbu maziem pacientiem.<\/p>\n<p><strong>Galven\u0101s iez\u012bmes:<\/strong><\/p>\n<ul>\n<li><strong>M\u012bksts materi\u0101ls:<\/strong> Izgatavots no elast\u012bga PVC materi\u0101la, saudz\u012bgs jut\u012bgai \u0101dai.<\/li>\n<li><strong>Bez DEHP:<\/strong> Netiek izmantoti potenci\u0101li kait\u012bgi materi\u0101li, nodro\u0161inot visaugst\u0101ko dro\u0161\u012bbas l\u012bmeni.<\/li>\n<li><strong>Ergonomisks dizains:<\/strong> Atloka le\u0146\u0137isk\u0101 virsma piel\u0101gojas kakla kont\u016br\u0101m, nodro\u0161inot lab\u0101ku piegul\u0161anu.<\/li>\n<li><strong>Sterils iepakojums:<\/strong> Nodro\u0161ina higi\u0113nisku un dro\u0161u lieto\u0161anu.<\/li>\n<\/ul>\n<p><strong>Iepakojums:<\/strong><\/p>\n<ul>\n<li>Gredzena obturators.<\/li>\n<li>Regul\u0113jama kakla siksna.<\/li>\n<li>Inform\u0101cijas kart\u012bte ar div\u0101m no\u0146emam\u0101m eti\u0137et\u0113m.<\/li>\n<\/ul>\n<p>\u0160\u012b caurule ir paredz\u0113ta jauniem pacientiem, nodro\u0161inot komfortu un uzticamu funkcionalit\u0101ti katru dienu.<\/p>","protected":false},"excerpt":{"rendered":"<p>Traheostomijas caurul\u012btes Tracoe Mini Ped ir m\u012bkstas PVC traheostomijas caurul\u012btes, kas \u012bpa\u0161i paredz\u0113tas b\u0113rniem, nodro\u0161inot komfortu un dro\u0161\u012bbu maziem pacientiem.<\/p>","protected":false},"featured_media":21825,"template":"","meta":[],"product_cat":[77,1097],"product_tag":[],"class_list":{"0":"post-21818","1":"product","2":"type-product","3":"status-publish","4":"has-post-thumbnail","6":"product_brand-atos-medical","7":"product_cat-medicinines-priemones-ir-iranga","8":"product_cat-priemones-tracheostomijai","10":"first","11":"instock","12":"shipping-taxable","13":"product-type-simple"},"_links":{"self":[{"href":"https:\/\/labostera.lt\/lv\/wp-json\/wp\/v2\/product\/21818","targetHints":{"allow":["GET"]}}],"collection":[{"href":"https:\/\/labostera.lt\/lv\/wp-json\/wp\/v2\/product"}],"about":[{"href":"https:\/\/labostera.lt\/lv\/wp-json\/wp\/v2\/types\/product"}],"wp:featuredmedia":[{"embeddable":true,"href":"https:\/\/labostera.lt\/lv\/wp-json\/wp\/v2\/media\/21825"}],"wp:attachment":[{"href":"https:\/\/labostera.lt\/lv\/wp-json\/wp\/v2\/media?parent=21818"}],"wp:term":[{"taxonomy":"product_cat","embeddable":true,"href":"https:\/\/labostera.lt\/lv\/wp-json\/wp\/v2\/product_cat?post=21818"},{"taxonomy":"product_tag","embeddable":true,"href":"https:\/\/labostera.lt\/lv\/wp-json\/wp\/v2\/product_tag?post=21818"}],"curies":[{"name":"wp","href":"https:\/\/api.w.org\/{rel}","templated":true}]}}