{"id":21817,"date":"2024-11-26T16:49:32","date_gmt":"2024-11-26T13:49:32","guid":{"rendered":"http:\/\/labostera.lt\/?post_type=product&#038;p=21817"},"modified":"2026-03-18T15:48:24","modified_gmt":"2026-03-18T12:48:24","slug":"tracheostominiai-vamzdeliai-tracoe-vario","status":"publish","type":"product","link":"https:\/\/labostera.lt\/lv\/priemones-ir-iranga\/medicinines-priemones-ir-iranga\/priemones-tracheostomijai\/tracheostominiai-vamzdeliai-tracoe-vario\/","title":{"rendered":"Traheostomijas caurules Tracoe Vario"},"content":{"rendered":"<p>Traheostomijas caurule Tracoe Vario ir viena l\u016bmena traheostomijas caurule ar inovat\u012bvu regul\u0113jamu flan\u010da sist\u0113mu, kas \u013cauj cauruli novietot atbilsto\u0161i katra pacienta anatomijai. Izmantojot praktisku spiedpogas meh\u0101nismu, flanci var viegli p\u0101rvietot un nofiks\u0113t v\u0113lamaj\u0101 poz\u012bcij\u0101, nodro\u0161inot precizit\u0101ti un komfortu.<\/p>\n<p><strong>Galven\u0101s iez\u012bmes:<\/strong><\/p>\n<ul>\n<li><strong>Regul\u0113jama atloka:<\/strong> Piel\u0101gojama atloka ar blo\u0137\u0113\u0161anas meh\u0101nismu, neizmantojot tradicion\u0101lo skr\u016bv\u0113\u0161anu.<\/li>\n<li><strong>Pla\u0161s kl\u0101sts:<\/strong> Pieejams versij\u0101s ar vai bez spir\u0101les, ar vai bez liela tilpuma, zema spiediena aproces. Ir pieejami standarta un pagarin\u0101tie mode\u013ci.<\/li>\n<li><strong>Dro\u0161i materi\u0101li:<\/strong> Izgatavots no medic\u012bniskas kvalit\u0101tes PVC, kas nesatur DEHP, nodro\u0161inot pacientu dro\u0161\u012bbu.<\/li>\n<\/ul>\n<p><strong>Unik\u0101las iez\u012bmes:<\/strong><\/p>\n<ul>\n<li><strong>Subglotiska ats\u016bk\u0161ana:<\/strong> \u013bauj izvad\u012bt sekr\u0113tus virs aproces, t\u0101d\u0113j\u0101di samazinot infekcijas risku.<\/li>\n<li><strong>ACV:<\/strong> Paredz\u0113ts pacientiem, kuri nesp\u0113j atbr\u012bvot spiedienu aproc\u0113, uzlabojot vi\u0146u dz\u012bves kvalit\u0101ti.<\/li>\n<li><strong>Elast\u012bba:<\/strong> Atloka sp\u0101rnus var regul\u0113t neatkar\u012bgi vienu no otra, piel\u0101gojoties pacienta anatomiskaj\u0101m vajadz\u012bb\u0101m.<\/li>\n<\/ul>\n<p>Tracoe Vario ir uzticams un daudzpus\u012bgs risin\u0101jums gan standarta lieto\u0161anai, gan pacientiem ar sare\u017e\u0123\u012bt\u0101k\u0101m vajadz\u012bb\u0101m.<\/p>","protected":false},"excerpt":{"rendered":"<p>Traheostomijas caurule Tracoe Vario ir viena l\u016bmena traheostomijas caurule ar inovat\u012bvu regul\u0113jamu flan\u010da sist\u0113mu, kas \u013cauj cauruli novietot atbilsto\u0161i katra pacienta anatomijai. Izmantojot praktisku spiedpogas meh\u0101nismu, flanci var viegli p\u0101rvietot un nofiks\u0113t v\u0113lamaj\u0101 poz\u012bcij\u0101, nodro\u0161inot precizit\u0101ti un komfortu.<\/p>","protected":false},"featured_media":21826,"template":"","meta":[],"product_cat":[77,1097],"product_tag":[],"class_list":{"0":"post-21817","1":"product","2":"type-product","3":"status-publish","4":"has-post-thumbnail","6":"product_brand-atos-medical","7":"product_cat-medicinines-priemones-ir-iranga","8":"product_cat-priemones-tracheostomijai","10":"first","11":"instock","12":"shipping-taxable","13":"product-type-simple"},"_links":{"self":[{"href":"https:\/\/labostera.lt\/lv\/wp-json\/wp\/v2\/product\/21817","targetHints":{"allow":["GET"]}}],"collection":[{"href":"https:\/\/labostera.lt\/lv\/wp-json\/wp\/v2\/product"}],"about":[{"href":"https:\/\/labostera.lt\/lv\/wp-json\/wp\/v2\/types\/product"}],"wp:featuredmedia":[{"embeddable":true,"href":"https:\/\/labostera.lt\/lv\/wp-json\/wp\/v2\/media\/21826"}],"wp:attachment":[{"href":"https:\/\/labostera.lt\/lv\/wp-json\/wp\/v2\/media?parent=21817"}],"wp:term":[{"taxonomy":"product_cat","embeddable":true,"href":"https:\/\/labostera.lt\/lv\/wp-json\/wp\/v2\/product_cat?post=21817"},{"taxonomy":"product_tag","embeddable":true,"href":"https:\/\/labostera.lt\/lv\/wp-json\/wp\/v2\/product_tag?post=21817"}],"curies":[{"name":"wp","href":"https:\/\/api.w.org\/{rel}","templated":true}]}}