{"id":21816,"date":"2024-11-26T16:49:30","date_gmt":"2024-11-26T13:49:30","guid":{"rendered":"http:\/\/labostera.lt\/?post_type=product&#038;p=21816"},"modified":"2026-03-18T15:47:33","modified_gmt":"2026-03-18T12:47:33","slug":"tracheostominiai-vamzdeliai-tracoe-twist-twist-plus","status":"publish","type":"product","link":"https:\/\/labostera.lt\/lv\/priemones-ir-iranga\/medicinines-priemones-ir-iranga\/priemones-tracheostomijai\/tracheostominiai-vamzdeliai-tracoe-twist-twist-plus\/","title":{"rendered":"Traheostomijas caurules Tracoe Twist &amp; Twist Plus"},"content":{"rendered":"<p>Traheostomijas caurul\u012btes Tracoe Twist un Twist Plus ir modernas traheostomijas caurul\u012btes, kas nodro\u0161ina efekt\u012bvu elpo\u0161anu un terapiju, piel\u0101gojoties pacienta individu\u0101laj\u0101m vajadz\u012bb\u0101m. Pateicoties unik\u0101lajam dizainam un augstas kvalit\u0101tes materi\u0101liem, \u0161\u012bs caurules nodro\u0161ina dro\u0161\u012bbu, komfortu un uzticam\u012bbu da\u017e\u0101d\u0101s medic\u012bnisk\u0101s situ\u0101cij\u0101s.<\/p>\n<p><strong>Galven\u0101s iez\u012bmes:<\/strong><\/p>\n<ul>\n<li><strong>Regul\u0113jama atloka:<\/strong> Divk\u0101r\u0161i groz\u0101m\u0101 atloka kust\u012bba notiek gan vertik\u0101li, gan horizont\u0101li, piel\u0101gojoties pacienta galvas kust\u012bb\u0101m.<\/li>\n<li><strong>Iek\u0161\u0113jo un \u0101r\u0113jo kanulu attiec\u012bba:<\/strong> Pl\u0101n\u0101s sienas nodro\u0161ina optim\u0101lu kanulu iek\u0161\u0113jo un \u0101r\u0113jo diametru attiec\u012bbu, \u013caujot maksim\u0101li nodro\u0161in\u0101t gaisa pl\u016bsmu.<\/li>\n<li><strong>Uzlabota subglottisk\u0101 ats\u016bk\u0161anas l\u012bnija:<\/strong> Plakanais un stabilais s\u016bk\u0161anas kan\u0101ls \u013cauj efekt\u012bvi izvad\u012bt sekr\u0113tus, samazinot infekcijas risku.<\/li>\n<\/ul>\n<p><strong>\u012apa\u0161as funkcijas:<\/strong><\/p>\n<ul>\n<li><strong>Ar logu un bez loga versij\u0101m:<\/strong> Da\u017e\u0101das kr\u0101su mar\u0137\u0113juma iesp\u0113jas atvieglo at\u0161\u0137ir\u0161anu starp versij\u0101m ar logu pake\u0161u logiem (zilas deta\u013cas) un versij\u0101m bez loga pake\u0161u logiem (baltas deta\u013cas).<\/li>\n<li><strong>Divk\u0101r\u0161a logu atv\u0113r\u0161ana:<\/strong> Twist Plus caurul\u012bt\u0113m ir divi papildu fon\u0101cijas caurumi, kas uzlabo gaisa pl\u016bsmu aug\u0161\u0113jos elpce\u013cos, atvieglojot run\u0101\u0161anu.<\/li>\n<li><strong>Mai\u0146str\u0101vas ventilatora (ACV) tehnolo\u0123ija:<\/strong> Sp\u0113ja balsot virs aproces nodro\u0161ina lab\u0101ku dz\u012bves kvalit\u0101ti pacientiem, kuri nesp\u0113j atbr\u012bvot spiedienu aproc\u0113.<\/li>\n<\/ul>\n<p><strong>Materi\u0101la kvalit\u0101te:<\/strong><br \/>\nTracoe Twist un Twist Plus caurul\u012btes ir izgatavotas no DEHP nesaturo\u0161a poliuret\u0101na, un liela tilpuma zema spiediena aproce ir izgatavota no medic\u012bniskas kvalit\u0101tes PVC, nodro\u0161inot augstu pacientu dro\u0161\u012bbas l\u012bmeni.<\/p>\n<p>\u0160\u012bs caurules ir piem\u0113rotas lieto\u0161anai slimn\u012bc\u0101s, rehabilit\u0101cijas centros un kopienas vesel\u012bbas apr\u016bpes iest\u0101d\u0113s. To daudzpus\u012bba un ergonomika nodro\u0161ina pacientiem lab\u0101ku komfortu un viegl\u0101ku elpo\u0161anu gan ventil\u0101cijas, gan terapijas laik\u0101.<\/p>","protected":false},"excerpt":{"rendered":"<p>Traheostomijas caurul\u012btes Tracoe Twist un Twist Plus ir modernas traheostomijas caurul\u012btes, kas nodro\u0161ina efekt\u012bvu elpo\u0161anu un terapiju, piel\u0101gojoties pacienta individu\u0101laj\u0101m vajadz\u012bb\u0101m. Pateicoties unik\u0101lajam dizainam un augstas kvalit\u0101tes materi\u0101liem, \u0161\u012bs caurules nodro\u0161ina dro\u0161\u012bbu, komfortu un uzticam\u012bbu da\u017e\u0101d\u0101s medic\u012bnisk\u0101s situ\u0101cij\u0101s.<\/p>","protected":false},"featured_media":21827,"template":"","meta":[],"product_cat":[77,1097],"product_tag":[],"class_list":{"0":"post-21816","1":"product","2":"type-product","3":"status-publish","4":"has-post-thumbnail","6":"product_brand-atos-medical","7":"product_cat-medicinines-priemones-ir-iranga","8":"product_cat-priemones-tracheostomijai","10":"first","11":"instock","12":"shipping-taxable","13":"product-type-simple"},"_links":{"self":[{"href":"https:\/\/labostera.lt\/lv\/wp-json\/wp\/v2\/product\/21816","targetHints":{"allow":["GET"]}}],"collection":[{"href":"https:\/\/labostera.lt\/lv\/wp-json\/wp\/v2\/product"}],"about":[{"href":"https:\/\/labostera.lt\/lv\/wp-json\/wp\/v2\/types\/product"}],"wp:featuredmedia":[{"embeddable":true,"href":"https:\/\/labostera.lt\/lv\/wp-json\/wp\/v2\/media\/21827"}],"wp:attachment":[{"href":"https:\/\/labostera.lt\/lv\/wp-json\/wp\/v2\/media?parent=21816"}],"wp:term":[{"taxonomy":"product_cat","embeddable":true,"href":"https:\/\/labostera.lt\/lv\/wp-json\/wp\/v2\/product_cat?post=21816"},{"taxonomy":"product_tag","embeddable":true,"href":"https:\/\/labostera.lt\/lv\/wp-json\/wp\/v2\/product_tag?post=21816"}],"curies":[{"name":"wp","href":"https:\/\/api.w.org\/{rel}","templated":true}]}}