{"id":21814,"date":"2024-11-26T16:38:10","date_gmt":"2024-11-26T13:38:10","guid":{"rendered":"http:\/\/labostera.lt\/?post_type=product&#038;p=21814"},"modified":"2024-11-28T16:26:58","modified_gmt":"2024-11-28T13:26:58","slug":"kalbos-protezas-su-ivedimo-rinkiniu","status":"publish","type":"product","link":"https:\/\/labostera.lt\/lv\/priemones-ir-iranga\/medicinines-priemones-ir-iranga\/priemones-laringektomijai\/kalbos-protezas-su-ivedimo-rinkiniu\/","title":{"rendered":"M\u0113les prot\u0113ze ar ievieto\u0161anas komplektu Provox Vega"},"content":{"rendered":"<p>M\u0113les prot\u0113ze ar ievieto\u0161anas komplektu Provox Vega<\/p>\n<p>\u0160is vienreizlietojamais \u0137irur\u0123iskais komplekts ir paredz\u0113ts prim\u0101ro un sekund\u0101ro balss prot\u0113\u017eu ievieto\u0161anai, nodro\u0161inot \u0101tru un dro\u0161u proced\u016bru. Komplekt\u0101 ir iek\u013cauti visi nepiecie\u0161amie instrumenti punkcijas veik\u0161anai, audu aizsardz\u012bbai un balss prot\u0113zes ievieto\u0161anai.<\/p>\n<p><strong>Galven\u0101s priek\u0161roc\u012bbas:<\/strong><\/p>\n<ul>\n<li><strong>Auduma aizsardz\u012bba:<\/strong> Caursp\u012bd\u012bgs vairogs aizsarg\u0101 r\u012bkles sienas prim\u0101r\u0101s punkcijas laik\u0101.<\/li>\n<li><strong>Prec\u012bza punkcija:<\/strong> \u012apa\u0161a adata izveido prec\u012bzu apa\u013cu d\u016brienu, aizsarg\u0101jot apk\u0101rt\u0113jos audus.<\/li>\n<li><strong>Vienk\u0101r\u0161a balss prot\u0113zes ievieto\u0161ana:<\/strong> Punkcijas kan\u0101ls tiek pak\u0101peniski papla\u0161in\u0101ts, un balss prot\u0113zi var viegli ievietot viet\u0101.<\/li>\n<li><strong>Vienreizlietojami un sterili:<\/strong> Tiek nodro\u0161in\u0101ta augst\u0101k\u0101 higi\u0113na un lieto\u0161anas \u0113rtums.<\/li>\n<li><strong>Maz\u0101k papildu r\u012bku:<\/strong> 89 % proced\u016bras tika veiktas bez papildu instrumentiem.<\/li>\n<\/ul>\n<p><strong>Komplekta saturs:<\/strong><\/p>\n<ul>\n<li>Caursp\u012bd\u012bgs kakla aizsargs (izgatavots no termoplastmasas).<\/li>\n<li>\u0136irur\u0123isk\u0101 t\u0113rauda d\u016briena adata.<\/li>\n<li>Vadu vadotnes instruments.<\/li>\n<li>Punkt\u016bras dilatators ar iepriek\u0161 saliktu balss prot\u0113zi.<\/li>\n<li>T\u012br\u012b\u0161anas birste (nesterila).<\/li>\n<\/ul>\n<p>\u0160is komplekts \u013cauj kl\u012bnicistiem efekt\u012bvi veikt proced\u016bru ar minim\u0101lu sagatavo\u0161anos, nodro\u0161inot \u0101tru un dro\u0161u balss prot\u0113zes ievieto\u0161anu un pacienta komfortu.<\/p>","protected":false},"excerpt":{"rendered":"<p>M\u0113les prot\u0113ze ar ievieto\u0161anas komplektu Provox Vega. \u0160is vienreizlietojamais \u0137irur\u0123iskais komplekts ir paredz\u0113ts prim\u0101ro un sekund\u0101ro balss prot\u0113\u017eu ievieto\u0161anai, nodro\u0161inot \u0101tru un dro\u0161u proced\u016bru. Komplekt\u0101 ir iek\u013cauti visi nepiecie\u0161amie instrumenti punkcijas veik\u0161anai, audu aizsardz\u012bbai un balss prot\u0113zes ievieto\u0161anai.<\/p>","protected":false},"featured_media":21815,"template":"","meta":[],"product_cat":[77,1095],"product_tag":[],"class_list":{"0":"post-21814","1":"product","2":"type-product","3":"status-publish","4":"has-post-thumbnail","6":"product_brand-atos-medical","7":"product_cat-medicinines-priemones-ir-iranga","8":"product_cat-priemones-laringektomijai","10":"first","11":"instock","12":"shipping-taxable","13":"product-type-simple"},"_links":{"self":[{"href":"https:\/\/labostera.lt\/lv\/wp-json\/wp\/v2\/product\/21814","targetHints":{"allow":["GET"]}}],"collection":[{"href":"https:\/\/labostera.lt\/lv\/wp-json\/wp\/v2\/product"}],"about":[{"href":"https:\/\/labostera.lt\/lv\/wp-json\/wp\/v2\/types\/product"}],"wp:featuredmedia":[{"embeddable":true,"href":"https:\/\/labostera.lt\/lv\/wp-json\/wp\/v2\/media\/21815"}],"wp:attachment":[{"href":"https:\/\/labostera.lt\/lv\/wp-json\/wp\/v2\/media?parent=21814"}],"wp:term":[{"taxonomy":"product_cat","embeddable":true,"href":"https:\/\/labostera.lt\/lv\/wp-json\/wp\/v2\/product_cat?post=21814"},{"taxonomy":"product_tag","embeddable":true,"href":"https:\/\/labostera.lt\/lv\/wp-json\/wp\/v2\/product_tag?post=21814"}],"curies":[{"name":"wp","href":"https:\/\/api.w.org\/{rel}","templated":true}]}}