{"id":21796,"date":"2024-11-25T15:20:48","date_gmt":"2024-11-25T12:20:48","guid":{"rendered":"http:\/\/labostera.lt\/?post_type=product&#038;p=21796"},"modified":"2024-11-28T16:26:58","modified_gmt":"2024-11-28T13:26:58","slug":"kalbos-protezas","status":"publish","type":"product","link":"https:\/\/labostera.lt\/lv\/priemones-ir-iranga\/medicinines-priemones-ir-iranga\/priemones-laringektomijai\/kalbos-protezas\/","title":{"rendered":"Provox Vega m\u0113les prot\u0113ze"},"content":{"rendered":"<p>Provox Vega runas prot\u0113ze ir izstr\u0101d\u0101ta, lai nodro\u0161in\u0101tu vienm\u0113r\u012bg\u0101ku un dabisk\u0101ku runu un samazin\u0101tu piep\u016bli run\u0101\u0161anas laik\u0101. \u0160\u012b prot\u0113ze ir popul\u0101ra laringektomijas pacientu vid\u016b, jo tai rakstur\u012bga pl\u016bstam\u012bba un viegla fr\u0101z\u0113\u0161ana, kas ir tuvu dabiskajai balsij.<\/p>\n<p><strong>Galven\u0101s iez\u012bmes:<\/strong><\/p>\n<ul>\n<li><strong>Augsta balss kvalit\u0101te:<\/strong> Optimiz\u0113ta gaisa pl\u016bsma nodro\u0161ina vieglu un skaidru runu.<\/li>\n<li><strong>Maz\u0101k p\u016b\u013cu:<\/strong> Samazin\u0101ta runas slodze atvieglo komunik\u0101ciju.<\/li>\n<li><strong>Uzticam\u012bba un iztur\u012bba:<\/strong> Prot\u0113zes iztur\u012bgais un ilgm\u016b\u017e\u012bgais dizains nodro\u0161ina ilgsto\u0161u lieto\u0161anu.<\/li>\n<li><strong>Vienk\u0101r\u0161a apkope:<\/strong> Viegli t\u012br\u0101ms un kopjams.<\/li>\n<li><strong>Univers\u0101la likuma risin\u0101jums:<\/strong> Ties\u012bbu sist\u0113ma ir piel\u0101gojama da\u017e\u0101d\u0101m \u0101rstu vajadz\u012bb\u0101m un v\u0113lm\u0113m.<\/li>\n<\/ul>\n<p><strong>Ties\u012bbu sist\u0113ma:<\/strong><br \/>\nProvox Vega Act sist\u0113ma ir izstr\u0101d\u0101ta, lai \u0146emtu v\u0113r\u0101 individu\u0101l\u0101s pacientu vajadz\u012bbas un at\u0161\u0137ir\u012bbas \u0101rstu metod\u0113s. Tas pied\u0101v\u0101 tr\u012bs da\u017e\u0101dus likumdo\u0161anas veidus:<\/p>\n<ul>\n<li><strong>Sist\u0113mas likums:<\/strong> Taisn\u0101m un viegli pieejam\u0101m caurdurt\u0101m viet\u0101m.<\/li>\n<li><strong>Cauru\u013cu uzst\u0101d\u012b\u0161ana:<\/strong> Gr\u016bt\u0101k pieejam\u0101m vai le\u0146\u0137isk\u0101m caurdur\u0161anas viet\u0101m.<\/li>\n<li><strong>Kapsulas ievieto\u0161ana:<\/strong> \u0160auru stomu vai bar\u012bbas vada punkciju gad\u012bjum\u0101.<\/li>\n<\/ul>\n<p>\u0160\u012b sist\u0113ma \u013cauj \u0101tri un prec\u012bzi uzst\u0101d\u012bt prot\u0113zi ar minim\u0101lu sagatavo\u0161anu. Prec\u012bzi izstr\u0101d\u0101t\u0101 bar\u012bbas vada atloka forma nodro\u0161ina vienm\u0113r\u012bgu un uzticamu ievieto\u0161anu.<\/p>\n<p>Provox Vega ir uzticama izv\u0113le tiem, kas mekl\u0113 dabisk\u0101ku balss kvalit\u0101ti, vieglu kop\u0161anu un ilgtermi\u0146a risin\u0101jumu ikdienas dz\u012bvei.<\/p>","protected":false},"excerpt":{"rendered":"<p>Provox Vega runas prot\u0113ze ir izstr\u0101d\u0101ta, lai nodro\u0161in\u0101tu vienm\u0113r\u012bg\u0101ku un dabisk\u0101ku runu un samazin\u0101tu piep\u016bli run\u0101\u0161anas laik\u0101. \u0160\u012b prot\u0113ze ir popul\u0101ra laringektomijas pacientu vid\u016b, jo tai rakstur\u012bga pl\u016bstam\u012bba un viegla fr\u0101z\u0113\u0161ana, kas ir tuvu dabiskajai balsij.<\/p>","protected":false},"featured_media":21801,"template":"","meta":[],"product_cat":[77,1095],"product_tag":[],"class_list":{"0":"post-21796","1":"product","2":"type-product","3":"status-publish","4":"has-post-thumbnail","6":"product_brand-atos-medical","7":"product_cat-medicinines-priemones-ir-iranga","8":"product_cat-priemones-laringektomijai","10":"first","11":"instock","12":"shipping-taxable","13":"product-type-simple"},"_links":{"self":[{"href":"https:\/\/labostera.lt\/lv\/wp-json\/wp\/v2\/product\/21796","targetHints":{"allow":["GET"]}}],"collection":[{"href":"https:\/\/labostera.lt\/lv\/wp-json\/wp\/v2\/product"}],"about":[{"href":"https:\/\/labostera.lt\/lv\/wp-json\/wp\/v2\/types\/product"}],"wp:featuredmedia":[{"embeddable":true,"href":"https:\/\/labostera.lt\/lv\/wp-json\/wp\/v2\/media\/21801"}],"wp:attachment":[{"href":"https:\/\/labostera.lt\/lv\/wp-json\/wp\/v2\/media?parent=21796"}],"wp:term":[{"taxonomy":"product_cat","embeddable":true,"href":"https:\/\/labostera.lt\/lv\/wp-json\/wp\/v2\/product_cat?post=21796"},{"taxonomy":"product_tag","embeddable":true,"href":"https:\/\/labostera.lt\/lv\/wp-json\/wp\/v2\/product_tag?post=21796"}],"curies":[{"name":"wp","href":"https:\/\/api.w.org\/{rel}","templated":true}]}}