{"id":21795,"date":"2024-11-25T15:20:44","date_gmt":"2024-11-25T12:20:44","guid":{"rendered":"http:\/\/labostera.lt\/?post_type=product&#038;p=21795"},"modified":"2024-11-28T16:26:59","modified_gmt":"2024-11-28T13:26:59","slug":"laisvu-ranku-priemone-freehands-flexivoice","status":"publish","type":"product","link":"https:\/\/labostera.lt\/lv\/priemones-ir-iranga\/medicinines-priemones-ir-iranga\/priemones-laringektomijai\/laisvu-ranku-priemone-freehands-flexivoice\/","title":{"rendered":"FreeHands FlexiVoice br\u012bvroku ier\u012bce"},"content":{"rendered":"<p>FreeHands FlexiVoice br\u012bvroku funkcija \u013cauj br\u012bvi run\u0101t \u2014 gan br\u012bvroku re\u017e\u012bm\u0101, gan izmantojot pirksta skavu, kad tas ir \u0113rt\u0101k. Ier\u012bce ir piel\u0101gojama individu\u0101l\u0101m vajadz\u012bb\u0101m, \u013caujot izv\u0113l\u0113ties tr\u012bs da\u017e\u0101dus stiprumus (viegls, vid\u0113js, sp\u0113c\u012bgs) atkar\u012bb\u0101 no run\u0101\u0161anai un elpo\u0161anai nepiecie\u0161am\u0101 gaisa pl\u016bsmas un spiediena.<\/p>\n<p><strong>Galven\u0101s iez\u012bmes:<\/strong><\/p>\n<ul>\n<li>Br\u012bvroku vai pirkstu saspie\u0161anas iesp\u0113ja.<\/li>\n<li>Piel\u0101go\u0161an\u0101s da\u017e\u0101d\u0101m situ\u0101cij\u0101m ar da\u017e\u0101d\u0101m ier\u012bc\u0113m.<\/li>\n<li>Sl\u0113dzene akt\u012bv\u0101m fizisk\u0101m aktivit\u0101t\u0113m.<\/li>\n<li>\u0100tra un vienk\u0101r\u0161a sagatavo\u0161ana lieto\u0161anai.<\/li>\n<li>Samazina g\u013cotu veido\u0161anos un klepu.<\/li>\n<\/ul>\n<p>Provox FreeHands FlexiVoice ir \u0113rts un elast\u012bgs risin\u0101jums, kas \u013cauj piel\u0101goties da\u017e\u0101d\u0101m vajadz\u012bb\u0101m un situ\u0101cij\u0101m ikdienas dz\u012bv\u0113.<\/p>","protected":false},"excerpt":{"rendered":"<p>FreeHands FlexiVoice sniedz jums br\u012bv\u012bbu run\u0101t, manu\u0101li neaizverot filtru.<\/p>\n<p>\u2022 \u013bauj izmantot da\u017e\u0101das (4 stipruma l\u012bme\u0146i) runas membr\u0101nas da\u017e\u0101d\u0101s situ\u0101cij\u0101s. Izv\u0113le ir atkar\u012bga no t\u0101, k\u0101da veida darb\u012bba sl\u0113pjas aiz t\u0101s.<br \/>\nJ\u016bs zin\u0101siet, k\u0101da gaisa pl\u016bsma un spiediens jums ir nepiecie\u0161ams, lai var\u0113tu br\u012bvi run\u0101t un elpot.<br \/>\n\u2022 Ier\u012bci var izmantot akt\u012bvu aktivit\u0101\u0161u laik\u0101 (piem\u0113ram, sport\u0101), jo membr\u0101na, kas nodro\u0161ina runu, neaizveras, p\u0101rsl\u0113dzot ier\u012bci akt\u012bv\u0101s aktivit\u0101tes re\u017e\u012bm\u0101, pat smagi elpojot.<\/p>","protected":false},"featured_media":21798,"template":"","meta":[],"product_cat":[77,1095],"product_tag":[],"class_list":{"0":"post-21795","1":"product","2":"type-product","3":"status-publish","4":"has-post-thumbnail","6":"product_brand-atos-medical","7":"product_cat-medicinines-priemones-ir-iranga","8":"product_cat-priemones-laringektomijai","10":"first","11":"instock","12":"shipping-taxable","13":"product-type-simple"},"_links":{"self":[{"href":"https:\/\/labostera.lt\/lv\/wp-json\/wp\/v2\/product\/21795","targetHints":{"allow":["GET"]}}],"collection":[{"href":"https:\/\/labostera.lt\/lv\/wp-json\/wp\/v2\/product"}],"about":[{"href":"https:\/\/labostera.lt\/lv\/wp-json\/wp\/v2\/types\/product"}],"wp:featuredmedia":[{"embeddable":true,"href":"https:\/\/labostera.lt\/lv\/wp-json\/wp\/v2\/media\/21798"}],"wp:attachment":[{"href":"https:\/\/labostera.lt\/lv\/wp-json\/wp\/v2\/media?parent=21795"}],"wp:term":[{"taxonomy":"product_cat","embeddable":true,"href":"https:\/\/labostera.lt\/lv\/wp-json\/wp\/v2\/product_cat?post=21795"},{"taxonomy":"product_tag","embeddable":true,"href":"https:\/\/labostera.lt\/lv\/wp-json\/wp\/v2\/product_tag?post=21795"}],"curies":[{"name":"wp","href":"https:\/\/api.w.org\/{rel}","templated":true}]}}