{"id":21794,"date":"2024-11-25T15:20:42","date_gmt":"2024-11-25T12:20:42","guid":{"rendered":"http:\/\/labostera.lt\/?post_type=product&#038;p=21794"},"modified":"2024-11-28T16:26:59","modified_gmt":"2024-11-28T13:26:59","slug":"elektroniniai-balso-aparatas-provox-trutone-emote","status":"publish","type":"product","link":"https:\/\/labostera.lt\/lv\/priemones-ir-iranga\/medicinines-priemones-ir-iranga\/priemones-laringektomijai\/elektroniniai-balso-aparatas-provox-trutone-emote\/","title":{"rendered":"Elektronisk\u0101 balss ier\u012bce Provox TruTone EMOTE"},"content":{"rendered":"<div class=\"flex max-w-full flex-col flex-grow\">\n<div class=\"min-h-8 text-message flex w-full flex-col items-end gap-2 whitespace-normal break-words [.text-message+&amp;]:mt-5\" dir=\"auto\" data-message-author-role=\"assistant\" data-message-id=\"0156978d-c27e-4275-a64a-c67f2353e95f\" data-message-model-slug=\"gpt-4o\">\n<div class=\"flex w-full flex-col gap-1 empty:hidden first:pt-[3px]\">\n<div class=\"markdown prose w-full break-words dark:prose-invert dark\">\n<p>Elektroniniai balso aparatas Provox TruTone EMOTE \u2013 tai auk\u0161tos kokyb\u0117s elektrinis kalbos pagalbinis \u012frenginys, sukurtas u\u017etikrinti nat\u016bralesn\u012f balso ton\u0105 ir i\u0161rai\u0161k\u0105. \u0160is \u012frenginys puikiai tinka naudoti i\u0161kart po operacijos, kol n\u0117ra galimyb\u0117s kalb\u0117ti naudojant balso protez\u0105. Jis taip pat gali b\u016bti naudojamas kaip laikinas ar atsarginis bendravimo sprendimas.<\/p>\n<p><strong>Pagrindin\u0117s savyb\u0117s:<\/strong><\/p>\n<ul>\n<li>Intuityv\u016bs nustatymai be papildom\u0173 \u012franki\u0173.<\/li>\n<li>Paprastas valdymas mygtuko paspaudimu.<\/li>\n<li>Greitai pasirenkami monotoni\u0161ki balso re\u017eimai.<\/li>\n<li>Galimyb\u0117 reguliuoti balso garsum\u0105 \u2013 nuo \u0161nab\u017edesio iki stipraus balso.<\/li>\n<li>Ton\u0173 variacijos leid\u017eia i\u0161gauti nat\u016bralesn\u012f balso skambes\u012f.<\/li>\n<li>Ilgai veikianti baterija \u2013 iki vieno m\u0117nesio tarp \u012fkrovim\u0173.<\/li>\n<li>USB \u012fkrovimas, kaip i\u0161manusis telefonas.<\/li>\n<li>Ergonomi\u0161kas ir patogus dizainas.<\/li>\n<\/ul>\n<p>Provox TruTone EMOTE u\u017etikrina puik\u0173 kalbos suprantamum\u0105, tod\u0117l jis yra patikimas ir patogus pasirinkimas kasdieniam naudojimui.<\/p>\n<\/div>\n<\/div>\n<\/div>\n<\/div>\n<div class=\"mb-2 flex gap-3 empty:hidden -ml-2\">\n<div class=\"items-center justify-start rounded-xl p-1 flex\">\n<div class=\"flex items-center\">\n<p>&nbsp;<\/p>\n<div class=\"flex\"><\/div>\n<div class=\"flex items-center pb-0\"><span class=\"overflow-hidden text-clip whitespace-nowrap text-sm\">4o<\/span><\/div>\n<\/div>\n<\/div>\n<\/div>\n","protected":false},"excerpt":{"rendered":"<p>Elektronisk\u0101 balss ier\u012bce Provox TruTone EMOTE EBA-1<br \/>\n\u2022 Medic\u012bnisk\u0101s ier\u012bces nosaukums: Elektronisk\u0101 balss apar\u0101ts<br \/>\n\u2022 Medic\u012bnisk\u0101s ier\u012bces tips EBA 1<br \/>\n\u2022 Medic\u012bnisk\u0101s ier\u012bces funkciju tehniskais apraksts Elektroniskajam balss apar\u0101tam ir iesp\u0113ja<br \/>\nregul\u0113t toni, ska\u013cumu un balss tembru. Ier\u012bce ir aizsarg\u0101ta no putek\u013ciem un mitruma. Apar\u0101ts<br \/>\nApr\u012bkots ar integr\u0113t\u0101m uzl\u0101d\u0113jam\u0101m baterij\u0101m, kuras uzl\u0101d\u0113jas no elektrot\u012bkla. Ma\u0161\u012bna<br \/>\nIeg\u016bt\u0101 balss frekvence aptver diapazonu no 50 l\u012bdz 200 Hz<\/p>","protected":false},"featured_media":21797,"template":"","meta":[],"product_cat":[77,1095],"product_tag":[],"class_list":{"0":"post-21794","1":"product","2":"type-product","3":"status-publish","4":"has-post-thumbnail","6":"product_brand-atos-medical","7":"product_cat-medicinines-priemones-ir-iranga","8":"product_cat-priemones-laringektomijai","10":"first","11":"instock","12":"shipping-taxable","13":"product-type-simple"},"_links":{"self":[{"href":"https:\/\/labostera.lt\/lv\/wp-json\/wp\/v2\/product\/21794","targetHints":{"allow":["GET"]}}],"collection":[{"href":"https:\/\/labostera.lt\/lv\/wp-json\/wp\/v2\/product"}],"about":[{"href":"https:\/\/labostera.lt\/lv\/wp-json\/wp\/v2\/types\/product"}],"wp:featuredmedia":[{"embeddable":true,"href":"https:\/\/labostera.lt\/lv\/wp-json\/wp\/v2\/media\/21797"}],"wp:attachment":[{"href":"https:\/\/labostera.lt\/lv\/wp-json\/wp\/v2\/media?parent=21794"}],"wp:term":[{"taxonomy":"product_cat","embeddable":true,"href":"https:\/\/labostera.lt\/lv\/wp-json\/wp\/v2\/product_cat?post=21794"},{"taxonomy":"product_tag","embeddable":true,"href":"https:\/\/labostera.lt\/lv\/wp-json\/wp\/v2\/product_tag?post=21794"}],"curies":[{"name":"wp","href":"https:\/\/api.w.org\/{rel}","templated":true}]}}