{"id":21790,"date":"2024-11-25T11:16:13","date_gmt":"2024-11-25T08:16:13","guid":{"rendered":"http:\/\/labostera.lt\/?post_type=product&#038;p=21790"},"modified":"2024-11-28T16:27:00","modified_gmt":"2024-11-28T13:27:00","slug":"tracheostominiai-vamzdeliai","status":"publish","type":"product","link":"https:\/\/labostera.lt\/lv\/priemones-ir-iranga\/medicinines-priemones-ir-iranga\/priemones-tracheostomijai\/tracheostominiai-vamzdeliai\/","title":{"rendered":"Traheostomijas caurules Tracoe Comfort"},"content":{"rendered":"<p>Traheostomijas caurules. Traheostomijas apr\u016bpe ir svar\u012bga ikdienas proced\u016bra, kas nodro\u0161ina elpce\u013cu funkcionalit\u0101ti, komfortu un \u0101das aizsardz\u012bbu. \u0160is risin\u0101jums ir izstr\u0101d\u0101ts, lai apmierin\u0101tu da\u017e\u0101du lietot\u0101ju vajadz\u012bbas, nodro\u0161in\u0101tu maksim\u0101lu komfortu un pal\u012bdz\u0113tu izvair\u012bties no \u0101das kairin\u0101juma vai cit\u0101m nepat\u012bkam\u0101m saj\u016bt\u0101m.<\/p>\n<p>Produkts ir izgatavots no augstas kvalit\u0101tes materi\u0101liem, kas ir piln\u012bgi elpojo\u0161i, vienlaikus nodro\u0161inot cie\u0161u un stabilu piegul\u0161anu. \u0160\u012b funkcija \u013cauj \u0101dai ap traheostomu elpot, samazinot p\u0101rm\u0113r\u012bga mitruma uzkr\u0101\u0161an\u0101s vai kairin\u0101juma risku. \u012apa\u0161ais dizains \u013cauj to lietot gan akt\u012bvu aktivit\u0101\u0161u laik\u0101, gan atp\u016btas st\u0101vok\u013cos, piel\u0101gojoties individu\u0101laj\u0101m vajadz\u012bb\u0101m un dz\u012bvesveidam.<\/p>\n<p>Tas ir vienk\u0101r\u0161i un \u0113rti lietojams \u2013 piestiprin\u0101\u0161ana ir \u0101tra, un piel\u0101gotais dizains nodro\u0161ina, ka produkts paliek sav\u0101 viet\u0101 pat intens\u012bvu aktivit\u0101\u0161u laik\u0101. Ergonomisk\u0101 forma \u013cauj to viegli kombin\u0113t ar citiem apr\u016bpes l\u012bdzek\u013ciem vai apr\u012bkojumu, piem\u0113ram, traheostomijas filtriem vai runas v\u0101rstiem, izveidojot visaptvero\u0161u elpo\u0161anas ce\u013cu aizsardz\u012bbas sist\u0113mu.<\/p>\n<p>Produkts ir piem\u0113rots ar\u012b jut\u012bgai \u0101dai, padarot to dro\u0161u lieto\u0161anai p\u0113c oper\u0101cijas, kairin\u0101juma vai citu \u0101das probl\u0113mu gad\u012bjum\u0101. M\u012bkstie materi\u0101li un ergonomiskais dizains pal\u012bdz samazin\u0101t spiedienu un nodro\u0161ina komfortu pat ilgsto\u0161as lieto\u0161anas laik\u0101.<\/p>\n<p>Piem\u0113rots da\u017e\u0101da dz\u012bvesveida lietot\u0101jiem: s\u0101kot no tiem, kas mekl\u0113 akt\u012bvus un mobilus risin\u0101jumus, l\u012bdz tiem, kas nov\u0113rt\u0113 komfortu un \u0101das aizsardz\u012bbu atp\u016btas vai atvese\u013co\u0161an\u0101s laik\u0101. Izv\u0113lieties \u0161o risin\u0101jumu, lai nodro\u0161in\u0101tu traheostomijas stabilit\u0101ti, higi\u0113nu un maksim\u0101lu komfortu katru dienu.<\/p>","protected":false},"excerpt":{"rendered":"<p>TRACOE traheostomijas caurules ir paredz\u0113tas, lai nodro\u0161in\u0101tu traheostomijas stabilit\u0101ti, komfortu un efekt\u012bvu ikdienas apr\u016bpi. Tas viegli piel\u0101gojas individu\u0101laj\u0101m vajadz\u012bb\u0101m, nodro\u0161ina komfortu, aizsardz\u012bbu jut\u012bgai \u0101dai un pal\u012bdz uztur\u0113t elpce\u013cu higi\u0113nu. \u0160is risin\u0101jums ir piem\u0113rots da\u017e\u0101d\u0101m situ\u0101cij\u0101m \u2013 gan akt\u012bv\u0101m aktivit\u0101t\u0113m, gan atp\u016btai vai jut\u012bgai \u0101dai. Optim\u0101lais dizains nodro\u0161ina \u0113rtu un dro\u0161u ikdienas lieto\u0161anu.<\/p>","protected":false},"featured_media":21800,"template":"","meta":[],"product_cat":[77,1097],"product_tag":[],"class_list":{"0":"post-21790","1":"product","2":"type-product","3":"status-publish","4":"has-post-thumbnail","6":"product_brand-atos-medical","7":"product_cat-medicinines-priemones-ir-iranga","8":"product_cat-priemones-tracheostomijai","10":"first","11":"instock","12":"shipping-taxable","13":"product-type-simple"},"_links":{"self":[{"href":"https:\/\/labostera.lt\/lv\/wp-json\/wp\/v2\/product\/21790","targetHints":{"allow":["GET"]}}],"collection":[{"href":"https:\/\/labostera.lt\/lv\/wp-json\/wp\/v2\/product"}],"about":[{"href":"https:\/\/labostera.lt\/lv\/wp-json\/wp\/v2\/types\/product"}],"wp:featuredmedia":[{"embeddable":true,"href":"https:\/\/labostera.lt\/lv\/wp-json\/wp\/v2\/media\/21800"}],"wp:attachment":[{"href":"https:\/\/labostera.lt\/lv\/wp-json\/wp\/v2\/media?parent=21790"}],"wp:term":[{"taxonomy":"product_cat","embeddable":true,"href":"https:\/\/labostera.lt\/lv\/wp-json\/wp\/v2\/product_cat?post=21790"},{"taxonomy":"product_tag","embeddable":true,"href":"https:\/\/labostera.lt\/lv\/wp-json\/wp\/v2\/product_tag?post=21790"}],"curies":[{"name":"wp","href":"https:\/\/api.w.org\/{rel}","templated":true}]}}