{"id":21783,"date":"2024-11-25T11:03:04","date_gmt":"2024-11-25T08:03:04","guid":{"rendered":"http:\/\/labostera.lt\/?post_type=product&#038;p=21783"},"modified":"2024-11-28T16:27:40","modified_gmt":"2024-11-28T13:27:40","slug":"lipdukai-tracheostomai","status":"publish","type":"product","link":"https:\/\/labostera.lt\/lv\/priemones-ir-iranga\/medicinines-priemones-ir-iranga\/priemones-laringektomijai\/lipdukai-tracheostomai\/","title":{"rendered":"Provox\u00ae traheostomijas uzl\u012bmes"},"content":{"rendered":"<p><strong>Traheostomijas uzl\u012bmes<\/strong><\/p>\n<p>Uzl\u012bmes ir paredz\u0113tas traheostomijas caurules nostiprin\u0101\u0161anai, nodro\u0161inot \u0101das aizsardz\u012bbu, elpo\u0161anas komfortu un atbilsto\u0161u gaisa caurlaid\u012bbu. T\u0101s ir piem\u0113rotas da\u017e\u0101d\u0101m situ\u0101cij\u0101m \u2013 s\u0101kot ar jut\u012bgas \u0101das aizsardz\u012bbu p\u0113c oper\u0101cijas un beidzot ar stabilit\u0101tes nodro\u0161in\u0101\u0161anu akt\u012bvu aktivit\u0101\u0161u laik\u0101. Izv\u0113lieties pareizo formu un \u012bpa\u0161\u012bbas atbilsto\u0161i traheostomijas caurules dzi\u013cumam, \u0101das st\u0101voklim un ikdienas vajadz\u012bb\u0101m. \u0160\u012bs uzl\u012bmes nodro\u0161ina komfortu un dro\u0161\u012bbu katru dienu.<\/p>\n<p>K\u0101 pan\u0101kt labu uzl\u012bmes herm\u0113tiskumu<\/p>\n<p>\u0160ie uzga\u013ci ir paredz\u0113ti Provox\u00ae FlexiDerm\u2122, XtraBase\u00ae, StabiliBase\u2122 vai OptiDerm\u2122 uzl\u012bm\u0113m. S\u012bk\u0101ku inform\u0101ciju skatiet \u0161o ier\u012b\u010du lieto\u0161anas instrukcij\u0101s.<\/p>\n<p>1. T\u012aR\u012a\u0160ANA<br \/>\n\u2022 Not\u012briet peristomas \u0101du ar ziep\u0113m un \u016bdeni un\/vai Pro vox\u00ae t\u012br\u012b\u0161anas dvieli un \u013caujiet tai piln\u012bb\u0101 no\u017e\u016bt.<\/p>\n<p>2. SAGATAVO\u0160ANA<br \/>\n\u2022 Uzkl\u0101jiet Provox\u00ae \u0101das aizsargkr\u0113mu un pagaidiet 1\u20132 min\u016btes, lai tas no\u017e\u016btu.<br \/>\n\u2022 Ja nepiecie\u0161ama sp\u0113c\u012bg\u0101ka l\u012bmes saite, uzkl\u0101jiet Provox\u00ae silikona l\u012bmi un pagaidiet 4 min\u016btes, l\u012bdz t\u0101 no\u017e\u016bst.<\/p>\n<p>3. PIETEIKUMS<br \/>\n\u2022 Sasildiet uzl\u012bmi, berz\u0113jot to starp rok\u0101m 1\u20132 min\u016btes.<br \/>\n\u2022 No\u0146emiet uzl\u012bmes l\u012bm\u0113jo\u0161o da\u013cu no nel\u012bpo\u0161\u0101s pamatnes.<br \/>\n\u2022 Salociet uzl\u012bmi, k\u0101 par\u0101d\u012bts fotoatt\u0113l\u0101.<br \/>\n\u2022 Turiet iek\u0161\u0113j\u0101 uzl\u012bmes gredzena apak\u0161\u0113jo da\u013cu pret stomas apak\u0161\u0113jo malu.<br \/>\n\u2022 Piel\u012bm\u0113jiet uzl\u012bmi un t\u0101s korpusu t\u0101, lai t\u0101 p\u0113c iesp\u0113jas vair\u0101k saskartos ar \u0101du.<br \/>\n\u2022 Izl\u012bdziniet grumbas\/no\u0146emiet burbu\u013cus, uzman\u012bgi virzot pirkstus ap uzl\u012bmes centru un prom no t\u0101 \u2013 maksim\u0101li palielinot saskari ar \u0101du un maigi no\u0146emot grumbas.<br \/>\n\u2022 Ja jums ir iesp\u0113ja, pirms run\u0101\u0161anas \u013caujiet uzl\u012bmes l\u012bmei saciet\u0113t apm\u0113ram 20\u201330 min\u016btes.<br \/>\n\u2022 Ja pl\u0101ksteri nevarat valk\u0101t ilg\u0101k par 8 stund\u0101m, konsult\u0113jieties ar \u0101rstu. Jums var b\u016bt nepiecie\u0161ams cita veida pl\u0101ksteris, nevis tas, ko lietojat pa\u0161laik.<\/p>\n<p>Tiem, kas lieto balss prot\u0113zi, ir svar\u012bgi nov\u0113rst gaisa izpl\u016b\u0161anu no stomas zem uzl\u012bmes. \u0160ie padomi pal\u012bdz\u0113s pagarin\u0101t uzl\u012bmes kalpo\u0161anas laiku:<br \/>\n\u2022 Centieties nerun\u0101t p\u0101r\u0101k ska\u013ci.<br \/>\n\u2022 No\u0146emiet FILTRU no UZL\u012aMES, kad j\u016btat klepus tuvo\u0161anos vai s\u0101kat klepot.<br \/>\n\u2022 No\u0146emot filtru, turiet uzl\u012bmi ar diviem pirkstiem.<br \/>\n\u2022 P\u0113c klepo\u0161anas uzman\u012bgi no\u0146emiet g\u013cotas starp pl\u0101ksteri un \u0101du.<\/p>\n<p>4. NO\u0145EM\u0160ANA<br \/>\nLai uzl\u012bmes ilgtermi\u0146\u0101 veiksm\u012bgi lietotu, ir svar\u012bgi pien\u0101c\u012bgi kopt \u0101du. Ja jums ir jut\u012bga vai kairin\u0101ta \u0101da,<br \/>\nJa jums ir sausa \u0101da, jums var\u0113tu noder\u0113t \u0161ie padomi:<br \/>\n\u2022 Uzl\u012bme ir j\u0101no\u0146em uzman\u012bgi.<br \/>\n\u2022 Lai no\u0146emtu Provox OptiDerm pl\u0101ksteri no \u0101das, izmantojiet Provox l\u012bmes no\u0146em\u0161anas salveti. Samitriniet pl\u0101kstera malas ar salveti. P\u0113c tam not\u012briet virsmu zem nolob\u012bt\u0101s pl\u0101kstera da\u013cas un l\u0113n\u0101m nolobiet pl\u0101ksteri no \u0101das.<br \/>\n\u2022 Ja izmantojat Provox FlexiDerm, XtraBase uzl\u012bmes vai StabiliBase l\u012bmi, vispirms not\u012briet uzl\u012bmes virsmu ar Provox Adhesive Remover salveti (jo \u0161\u012bm uzl\u012bm\u0113m ir poras, kas \u013cauj \u0161\u0137idrumam iziet cauri), un p\u0113c tam, t\u012brot zem uzl\u012bmes nolob\u012bt\u0101s da\u013cas, pak\u0101peniski nolobiet uzl\u012bmi no \u0101das.<br \/>\n\u2022 Da\u017eiem pacientiem ar \u013coti jut\u012bgu \u0101du \u0101das aizsargl\u012bdzek\u013ci vai l\u012bmes no\u0146\u0113m\u0113ji var izrais\u012bt \u0101das kairin\u0101jumu. \u0160\u0101d\u0101 gad\u012bjum\u0101 p\u0101rtrauciet \u0161o l\u012bdzek\u013cu lieto\u0161anu un konsult\u0113jieties ar \u0101rstu vai dermatologu.<\/p>","protected":false},"excerpt":{"rendered":"<p><strong>Traheostomijas uzl\u012bmes<\/strong><\/p>\n<p>Uzl\u012bmes ir paredz\u0113tas traheostomijas caurules nostiprin\u0101\u0161anai, nodro\u0161inot komfortu, \u0101das aizsardz\u012bbu un atbilsto\u0161u gaisa caurlaid\u012bbu. Izv\u0113lieties no da\u017e\u0101d\u0101m form\u0101m \u2013 apa\u013cas, ov\u0101las vai ov\u0101las ar pagarin\u0101jumu \u2013 atkar\u012bb\u0101 no traheostomijas veida un j\u016bsu vajadz\u012bb\u0101m.<\/p>\n<ul>\n<li><strong>FlexiDerm\u2122<\/strong>Elast\u012bgs, labi piel\u0101gojas \u0101dai, piem\u0113rots sekl\u0101m, regul\u0101ras formas traheostomij\u0101m. Nodro\u0161ina augstu gaisa caurlaid\u012bbu.<\/li>\n<li><strong>XtraBase\u2122<\/strong>Dzi\u013c\u0101k\u0101m vai neparastas formas traheostom\u0101m aizsarg\u0101jiet \u0101du ar hidrokolo\u012bdu p\u0101rkl\u0101jumu. Nodro\u0161ina augstu gaisa caurlaid\u012bbu.<\/li>\n<li><strong>StabiliBase\u2122<\/strong>Stabils, ide\u0101li piem\u0113rots lieto\u0161anai br\u012bvroku re\u017e\u012bm\u0101 vai sarun\u0101m. Pieejams ar augstu vai zemu gaisa pl\u016bsmas l\u012bmeni.<\/li>\n<li><strong>OptiDerm\u2122<\/strong>Maigs, \u0101dai draudz\u012bgs p\u0101rkl\u0101jums, kas piem\u0113rots jut\u012bgai \u0101dai vai p\u0113c oper\u0101cijas. Nodro\u0161ina minim\u0101lu gaisa caurlaid\u012bbu un augstu komfortu.<\/li>\n<\/ul>\n<p>Izv\u0113lieties pareizo uzl\u012bmi, pamatojoties uz sav\u0101m individu\u0101laj\u0101m vajadz\u012bb\u0101m un aktivit\u0101t\u0113m.<\/p>","protected":false},"featured_media":21789,"template":"","meta":[],"product_cat":[77,1095],"product_tag":[],"class_list":{"0":"post-21783","1":"product","2":"type-product","3":"status-publish","4":"has-post-thumbnail","6":"product_brand-atos-medical","7":"product_cat-medicinines-priemones-ir-iranga","8":"product_cat-priemones-laringektomijai","10":"first","11":"instock","12":"shipping-taxable","13":"product-type-simple"},"_links":{"self":[{"href":"https:\/\/labostera.lt\/lv\/wp-json\/wp\/v2\/product\/21783","targetHints":{"allow":["GET"]}}],"collection":[{"href":"https:\/\/labostera.lt\/lv\/wp-json\/wp\/v2\/product"}],"about":[{"href":"https:\/\/labostera.lt\/lv\/wp-json\/wp\/v2\/types\/product"}],"wp:featuredmedia":[{"embeddable":true,"href":"https:\/\/labostera.lt\/lv\/wp-json\/wp\/v2\/media\/21789"}],"wp:attachment":[{"href":"https:\/\/labostera.lt\/lv\/wp-json\/wp\/v2\/media?parent=21783"}],"wp:term":[{"taxonomy":"product_cat","embeddable":true,"href":"https:\/\/labostera.lt\/lv\/wp-json\/wp\/v2\/product_cat?post=21783"},{"taxonomy":"product_tag","embeddable":true,"href":"https:\/\/labostera.lt\/lv\/wp-json\/wp\/v2\/product_tag?post=21783"}],"curies":[{"name":"wp","href":"https:\/\/api.w.org\/{rel}","templated":true}]}}