{"id":21774,"date":"2024-11-22T16:44:55","date_gmt":"2024-11-22T13:44:55","guid":{"rendered":"http:\/\/labostera.lt\/?post_type=product&#038;p=21774"},"modified":"2024-11-28T16:27:41","modified_gmt":"2024-11-28T13:27:41","slug":"filtrai-tracheostomai","status":"publish","type":"product","link":"https:\/\/labostera.lt\/lv\/priemones-ir-iranga\/medicinines-priemones-ir-iranga\/priemones-laringektomijai\/filtrai-tracheostomai\/","title":{"rendered":"Provox\u00ae traheostomijas filtri"},"content":{"rendered":"<ul>\n<li><strong>Provox XtraMoist<\/strong> \u2013 uzlabots mitrin\u0101\u0161anas filtrs, kas paredz\u0113ts klepus un g\u013cotu veido\u0161an\u0101s mazin\u0101\u0161anai un kairin\u0101tu elpce\u013cu atsvaidzin\u0101\u0161anai. Ieteicams atp\u016btai un atvese\u013co\u0161anai p\u0113c oper\u0101cijas.<\/li>\n<li><strong>Provox XtraFlow<\/strong> \u2013 zemas elpo\u0161anas pretest\u012bbas filtrs, piem\u0113rots akt\u012bvai atp\u016btai un fizisk\u0101m aktivit\u0101t\u0113m.<\/li>\n<li><strong>Provox Luna<\/strong> \u2013 nakts gaisa mitrin\u0101\u0161anas filtrs ar hidrogela l\u012bmi, kas samazina \u0101das kairin\u0101jumu. Pateicoties filtram, ieelpotais gaiss tiek mitrin\u0101ts, t\u0101p\u0113c epit\u0113lija mati\u0146i ats\u0101k savu aktivit\u0101ti un g\u013cotu kust\u012bba elpce\u013cos normaliz\u0113jas. Kad filtrs<br \/>\nIeelpojot gaisu ar atbilsto\u0161u temperat\u016bru un mitrumu, j\u016bsu \u0137ermenis s\u0101k ra\u017eot maz\u0101k g\u013cotu nek\u0101 tad, kad nen\u0113s\u0101j\u0101t filtru. S\u0101kot lietot filtru, s\u0101kotn\u0113ji varat just samazin\u0101tu gaisa pl\u016bsmu, pastiprin\u0101tu klepu un g\u013cotu veido\u0161anos. Tas ir t\u0101p\u0113c, ka j\u016bsu plau\u0161as att\u012bra uzkr\u0101t\u0101s g\u013cotas. Lietojot filtru 24 stundas diennakt\u012b, \u0161ie aizlikta gaisa, elpce\u013cu kairin\u0101juma un p\u0101rm\u0113r\u012bgas g\u013cotu veido\u0161an\u0101s simptomi parasti izz\u016bd 2 ned\u0113\u013cu laik\u0101. T\u0101tad j\u016bs atkal pierodat elpot t\u0101, k\u0101 agr\u0101k, caur degunu. Siltuma un mitruma filtram b\u016bs b\u016btiska ietekme uz j\u016bsu ikdienas dz\u012bvi. Tas sasild\u012bs un mitrin\u0101s gaisu, ko ieelpojat, t\u0101pat k\u0101 j\u016bsu degunu. Filtra lietot\u0101ji zi\u0146o par maz\u0101ku klepu, uzlabotu miega kvalit\u0101ti, maz\u0101ku g\u013cotu veido\u0161anos un ret\u0101kiem traheostomijas apmekl\u0113jumiem. Lai maksim\u0101li uzlabotu elpce\u013cu vesel\u012bbu, jums vajadz\u0113tu lietot filtru dien\u0101 un nakt\u012b. Atcerieties, ka \u0161is ir j\u016bsu jaunais deguns.<\/li>\n<\/ul>","protected":false},"excerpt":{"rendered":"<p><strong>Siltuma un mitruma apmai\u0146as filtri traheostomijai<\/strong><\/p>\n<p>\u0160ie filtri nodro\u0161ina elpce\u013cu aizsardz\u012bbu, mitrina ieelpoto gaisu un samazina elpo\u0161anas pretest\u012bbu. Tie pal\u012bdz mazin\u0101t klepu, g\u013cotu uzkr\u0101\u0161anos un nomierina kairin\u0101tus elpce\u013cus. Da\u017e\u0101di mode\u013ci ir piem\u0113roti gan atp\u016btai, gan akt\u012bv\u0101m aktivit\u0101t\u0113m, gan lieto\u0161anai nakt\u012b. Filtri ir \u0113rti, dro\u0161i un nodro\u0161ina vieglu elpo\u0161anu un sazi\u0146u, padarot tos piem\u0113rotus ikdienas lieto\u0161anai da\u017e\u0101d\u0101s situ\u0101cij\u0101s.<\/p>","protected":false},"featured_media":21778,"template":"","meta":[],"product_cat":[77,1095],"product_tag":[],"class_list":{"0":"post-21774","1":"product","2":"type-product","3":"status-publish","4":"has-post-thumbnail","6":"product_brand-atos-medical","7":"product_cat-medicinines-priemones-ir-iranga","8":"product_cat-priemones-laringektomijai","10":"first","11":"instock","12":"shipping-taxable","13":"product-type-simple"},"_links":{"self":[{"href":"https:\/\/labostera.lt\/lv\/wp-json\/wp\/v2\/product\/21774","targetHints":{"allow":["GET"]}}],"collection":[{"href":"https:\/\/labostera.lt\/lv\/wp-json\/wp\/v2\/product"}],"about":[{"href":"https:\/\/labostera.lt\/lv\/wp-json\/wp\/v2\/types\/product"}],"wp:featuredmedia":[{"embeddable":true,"href":"https:\/\/labostera.lt\/lv\/wp-json\/wp\/v2\/media\/21778"}],"wp:attachment":[{"href":"https:\/\/labostera.lt\/lv\/wp-json\/wp\/v2\/media?parent=21774"}],"wp:term":[{"taxonomy":"product_cat","embeddable":true,"href":"https:\/\/labostera.lt\/lv\/wp-json\/wp\/v2\/product_cat?post=21774"},{"taxonomy":"product_tag","embeddable":true,"href":"https:\/\/labostera.lt\/lv\/wp-json\/wp\/v2\/product_tag?post=21774"}],"curies":[{"name":"wp","href":"https:\/\/api.w.org\/{rel}","templated":true}]}}