{"id":21760,"date":"2024-11-20T14:46:07","date_gmt":"2024-11-20T11:46:07","guid":{"rendered":"http:\/\/labostera.lt\/?post_type=product&#038;p=21760"},"modified":"2024-11-20T15:51:00","modified_gmt":"2024-11-20T12:51:00","slug":"perfuzinis-tirpalas-inskstams-kps-1","status":"publish","type":"product","link":"https:\/\/labostera.lt\/lv\/priemones-ir-iranga\/medicinines-priemones-ir-iranga\/perfuzinis-tirpalas-inskstams-kps-1\/","title":{"rendered":"Nieru perf\u016bzijas \u0161\u0137\u012bdums KPS-1\u00ae"},"content":{"rendered":"<p>KPS-1\u00ae nieru perf\u016bzijas \u0161\u0137\u012bdums ir atz\u012bts par nep\u0101rtrauktas hipotermiskas meh\u0101nisk\u0101s perf\u016bzijas zelta standartu. Tas ir balst\u012bts uz UW ma\u0161\u012bnas perf\u016bzijas \u0161\u0137\u012bdumu, ko izstr\u0101d\u0101jusi F.O. Belzera un D\u017eeimsa Sautarda projekts, kas tika \u012bpa\u0161i izstr\u0101d\u0101ts, lai nodro\u0161in\u0101tu nieru dz\u012bvotsp\u0113ju no to ieguves br\u012b\u017ea l\u012bdz transplant\u0101cijai.<\/p>\n<p>\u0160is \u0161\u0137\u012bdums ir paredz\u0113ts nieru skalo\u0161anai un nep\u0101rtrauktai hipotermiskai perf\u016bzijai, nodro\u0161inot to optim\u0101lu sagatavo\u0161anu transport\u0113\u0161anai un transplant\u0101cijai. <strong>KPS-1<\/strong> tiek ra\u017eots saska\u0146\u0101 ar FDA cGMP un ISO 13485 standartiem ASV, kas garant\u0113 t\u0101 dro\u0161\u012bbu un kvalit\u0101ti.<\/p>\n<p>Galven\u0101s produkta priek\u0161roc\u012bbas:<\/p>\n<ul>\n<li><strong>Iepakojuma izm\u0113rs:<\/strong> 1 litra maisi\u0146i ar \u0113rt\u0101m m\u0113r\u012b\u0161anas atz\u012bm\u0113m.<\/li>\n<li><strong>Der\u012bguma termi\u0146\u0161:<\/strong> 2 gadi.<\/li>\n<li><strong>Uzglab\u0101\u0161anas apst\u0101k\u013ci:<\/strong> Uzglab\u0101t istabas temperat\u016br\u0101, bet pirms lieto\u0161anas atdzes\u0113t.<\/li>\n<li><strong>Lieto\u0161anas \u0113rtums:<\/strong> Maisiem nav nepiecie\u0161ami papildu filtri.<\/li>\n<li><strong>Lietojums:<\/strong> nieru skalo\u0161anai un nep\u0101rtrauktai meh\u0101niskai perf\u016bzijai no to sav\u0101k\u0161anas no donora l\u012bdz transplant\u0101cijai.<\/li>\n<\/ul>\n<p>\u0160is risin\u0101jums atbilst stingr\u0101m kvalit\u0101tes pras\u012bb\u0101m, padarot to piem\u0113rotu lieto\u0161anai sare\u017e\u0123\u012bt\u0101s transplant\u0101cijas proced\u016br\u0101s, lai samazin\u0101tu org\u0101nu boj\u0101jumus un uzlabotu recipienta \u0101rst\u0113\u0161anas rezult\u0101tus.<\/p>\n<table>\n<thead>\n<tr>\n<th><strong>Sast\u0101vda\u013cas<\/strong><\/th>\n<th><strong>Daudzums \/ 1000 ml<\/strong><\/th>\n<\/tr>\n<\/thead>\n<tbody>\n<tr>\n<td>Kalcija hlor\u012bds (dihidr\u0101ts)<\/td>\n<td>0,068 grami<\/td>\n<\/tr>\n<tr>\n<td>N\u0101trija hidroks\u012bds<\/td>\n<td>0,70 grami<\/td>\n<\/tr>\n<tr>\n<td>HEPES (br\u012bv\u0101 sk\u0101be)<\/td>\n<td>2,38 grami<\/td>\n<\/tr>\n<tr>\n<td>K\u0101lija fosf\u0101ts (vienv\u0113rt\u012bgs)<\/td>\n<td>3,4 grami<\/td>\n<\/tr>\n<tr>\n<td>Mann\u012bts (ASV patents)<\/td>\n<td>5,4 grami<\/td>\n<\/tr>\n<tr>\n<td>Glikoze, beta D (+)<\/td>\n<td>1,80 grami<\/td>\n<\/tr>\n<tr>\n<td>N\u0101trija glikon\u0101ts<\/td>\n<td>17,45 grami<\/td>\n<\/tr>\n<tr>\n<td>Magnija glikon\u0101ts D(-) glikonsk\u0101be, hemimagnija s\u0101ls<\/td>\n<td>1,13 grami<\/td>\n<\/tr>\n<tr>\n<td>Riboze, D (-)<\/td>\n<td>0,75 grami<\/td>\n<\/tr>\n<tr>\n<td>Hidroksietilciete (HES)<\/td>\n<td>50,0 g<\/td>\n<\/tr>\n<tr>\n<td>Glutations (reduc\u0113t\u0101 forma)<\/td>\n<td>0,92 grami<\/td>\n<\/tr>\n<tr>\n<td>Aden\u012bns (br\u012bv\u0101 b\u0101ze)<\/td>\n<td>0,68 grami<\/td>\n<\/tr>\n<\/tbody>\n<\/table>","protected":false},"excerpt":{"rendered":"<p>Nieru perf\u016bzijas \u0161\u0137\u012bdums KPS-1\u00ae ir augst\u0101k\u0101s kvalit\u0101tes \u0161\u0137\u012bdums nep\u0101rtrauktai hipotermiskai nieru perf\u016bzijai. \u0160is \u0161\u0137\u012bdums, kas izstr\u0101d\u0101ts, pamatojoties uz UW ma\u0161\u012bnas perf\u016bzijas \u0161\u0137\u012bduma formulu, nodro\u0161ina nieru sagatavo\u0161anu transplant\u0101cijai, saglab\u0101jot to dz\u012bvotsp\u0113ju un funkcionalit\u0101ti.<\/p>","protected":false},"featured_media":21761,"template":"","meta":[],"product_cat":[77,89],"product_tag":[],"class_list":{"0":"post-21760","1":"product","2":"type-product","3":"status-publish","4":"has-post-thumbnail","6":"product_cat-medicinines-priemones-ir-iranga","7":"product_cat-transplantologija","9":"first","10":"instock","11":"shipping-taxable","12":"product-type-simple"},"_links":{"self":[{"href":"https:\/\/labostera.lt\/lv\/wp-json\/wp\/v2\/product\/21760","targetHints":{"allow":["GET"]}}],"collection":[{"href":"https:\/\/labostera.lt\/lv\/wp-json\/wp\/v2\/product"}],"about":[{"href":"https:\/\/labostera.lt\/lv\/wp-json\/wp\/v2\/types\/product"}],"wp:featuredmedia":[{"embeddable":true,"href":"https:\/\/labostera.lt\/lv\/wp-json\/wp\/v2\/media\/21761"}],"wp:attachment":[{"href":"https:\/\/labostera.lt\/lv\/wp-json\/wp\/v2\/media?parent=21760"}],"wp:term":[{"taxonomy":"product_cat","embeddable":true,"href":"https:\/\/labostera.lt\/lv\/wp-json\/wp\/v2\/product_cat?post=21760"},{"taxonomy":"product_tag","embeddable":true,"href":"https:\/\/labostera.lt\/lv\/wp-json\/wp\/v2\/product_tag?post=21760"}],"curies":[{"name":"wp","href":"https:\/\/api.w.org\/{rel}","templated":true}]}}