{"id":21757,"date":"2024-11-20T14:43:08","date_gmt":"2024-11-20T11:43:08","guid":{"rendered":"http:\/\/labostera.lt\/?post_type=product&#038;p=21757"},"modified":"2024-11-20T15:44:39","modified_gmt":"2024-11-20T12:44:39","slug":"kepenu-perfuzijos-aparatas-lifeport","status":"publish","type":"product","link":"https:\/\/labostera.lt\/lv\/priemones-ir-iranga\/medicinines-priemones-ir-iranga\/kepenu-perfuzijos-aparatas-lifeport\/","title":{"rendered":"Aknu perf\u016bzijas apar\u0101ts LifePort"},"content":{"rendered":"<p>LifePort aknu perf\u016bzijas ier\u012bce ir inovat\u012bva aknu perf\u016bzijas un transplant\u0101cijas tehnolo\u0123ija. T\u0101 ir balst\u012bta uz veiksm\u012bgo LifePort nieru transport\u0113\u0161anas platformu, ko transplant\u0101cijas \u0137irurgi ir izmantoju\u0161i vair\u0101k nek\u0101 200\u00a0000 proced\u016br\u0101s vis\u0101 pasaul\u0113. Sist\u0113ma ir izstr\u0101d\u0101ta, lai saglab\u0101tu aknu dz\u012bvotsp\u0113ju, nodro\u0161in\u0101tu dro\u0161\u012bbu un uzlabotu kl\u012bniskos rezult\u0101tus.<\/p>\n<h5>Galven\u0101s iez\u012bmes:<\/h5>\n<ul>\n<li><strong>Divk\u0101r\u0161a perf\u016bzija:<\/strong> Prec\u012bza aknu art\u0113rijas un port\u0101l\u0101s v\u0113nas perf\u016bzija.<\/li>\n<li><strong>Programm\u0113jams displejs:<\/strong> Re\u0101llaika dati par org\u0101nu ID, asinsgrupu, perf\u016bzijas laiku, temperat\u016bru, pl\u016bsmu un spiedienu.<\/li>\n<li><strong>Dro\u0161\u012bbas sist\u0113ma:<\/strong> Rezerves sist\u0113ma apvieno dinamisko perf\u016bziju un statisko dzes\u0113\u0161anu, nodro\u0161inot maksim\u0101lu org\u0101nu dro\u0161\u012bbu.<\/li>\n<\/ul>\n<h5>Kl\u012bniskie p\u0113t\u012bjumi:<\/h5>\n<ul>\n<li><strong>PILOT\u2122 p\u0113t\u012bjums:<\/strong> Sal\u012bdzinot aukstuma uzglab\u0101\u0161anu un hipotermisku apar\u0101tperf\u016bziju, tika konstat\u0113ts, ka pacientiem, kuriem tika veikta aknu perfuzija, bija maz\u0101k komplik\u0101ciju un \u012bs\u0101ks hospitaliz\u0101cijas periods (13,6 pret 21,1 dienu).<\/li>\n<li><strong>PILOT_CA p\u0113t\u012bjums:<\/strong> Apstiprin\u0101ja perf\u016bzijas priek\u0161roc\u012bbas, izmantojot papla\u0161in\u0101tus krit\u0113rijus akn\u0101m, kuras citos transplant\u0101cijas centros bie\u017ei tiek noraid\u012btas.<\/li>\n<\/ul>\n<h5>Tehnolo\u0123ijas priek\u0161roc\u012bbas:<\/h5>\n<ul>\n<li>Samazina komplik\u0101ciju risku: Hipotermiska perf\u016bzija samazina agr\u012bnas transplant\u0101ta disfunkcijas un \u017eultsce\u013cu komplik\u0101ciju bie\u017eumu.<\/li>\n<li>Palielina donoru aknu pieejam\u012bbu: Izmantojot perf\u016bziju, org\u0101nus, kas iepriek\u0161 tika uzskat\u012bti par nepiem\u0113rotiem, var pien\u0101c\u012bgi sagatavot transplant\u0101cijai.<\/li>\n<li>Sa\u012bsina hospitaliz\u0101cijas laiku: p\u0113t\u012bjumi liecina, ka pacienti, kuriem tiek veikta aknu perfuzija, atvese\u013cojas un tiek \u0101tr\u0101k izrakst\u012bti no slimn\u012bcas.<\/li>\n<\/ul>","protected":false},"excerpt":{"rendered":"<p>LifePort aknu perf\u016bzijas ier\u012bce ir balst\u012bta uz veiksm\u012bgu nieru transport\u0113\u0161anas tehnolo\u0123iju un ir paredz\u0113ta prec\u012bzai aknu perf\u016bzijai. \u0160\u012b sist\u0113ma var samazin\u0101t p\u0113coper\u0101cijas komplik\u0101cijas, sa\u012bsin\u0101t hospitaliz\u0101cijas laiku un palielin\u0101t piem\u0113rotu donoru aknu skaitu.<\/p>","protected":false},"featured_media":21758,"template":"","meta":[],"product_cat":[77,89],"product_tag":[],"class_list":{"0":"post-21757","1":"product","2":"type-product","3":"status-publish","4":"has-post-thumbnail","6":"product_cat-medicinines-priemones-ir-iranga","7":"product_cat-transplantologija","9":"first","10":"instock","11":"shipping-taxable","12":"product-type-simple"},"_links":{"self":[{"href":"https:\/\/labostera.lt\/lv\/wp-json\/wp\/v2\/product\/21757","targetHints":{"allow":["GET"]}}],"collection":[{"href":"https:\/\/labostera.lt\/lv\/wp-json\/wp\/v2\/product"}],"about":[{"href":"https:\/\/labostera.lt\/lv\/wp-json\/wp\/v2\/types\/product"}],"wp:featuredmedia":[{"embeddable":true,"href":"https:\/\/labostera.lt\/lv\/wp-json\/wp\/v2\/media\/21758"}],"wp:attachment":[{"href":"https:\/\/labostera.lt\/lv\/wp-json\/wp\/v2\/media?parent=21757"}],"wp:term":[{"taxonomy":"product_cat","embeddable":true,"href":"https:\/\/labostera.lt\/lv\/wp-json\/wp\/v2\/product_cat?post=21757"},{"taxonomy":"product_tag","embeddable":true,"href":"https:\/\/labostera.lt\/lv\/wp-json\/wp\/v2\/product_tag?post=21757"}],"curies":[{"name":"wp","href":"https:\/\/api.w.org\/{rel}","templated":true}]}}