{"id":21754,"date":"2024-11-20T14:38:13","date_gmt":"2024-11-20T11:38:13","guid":{"rendered":"http:\/\/labostera.lt\/?post_type=product&#038;p=21754"},"modified":"2024-11-20T15:38:57","modified_gmt":"2024-11-20T12:38:57","slug":"inkstu-perfuzijos-aparatas-lifeport","status":"publish","type":"product","link":"https:\/\/labostera.lt\/lv\/priemones-ir-iranga\/medicinines-priemones-ir-iranga\/inkstu-perfuzijos-aparatas-lifeport\/","title":{"rendered":"LifePort nieru perf\u016bzijas apar\u0101ts"},"content":{"rendered":"<p>LifePort nieru perf\u016bzijas apar\u0101ts ir m\u016bsdien\u012bgs org\u0101nu transplant\u0101cijas risin\u0101jums, kas nodro\u0161ina visaugst\u0101ko dro\u0161\u012bbu un efektivit\u0101ti. Sist\u0113ma ir izstr\u0101d\u0101ta \u0101trai un vienk\u0101r\u0161ai lieto\u0161anai, lai saglab\u0101tu org\u0101nu dz\u012bvotsp\u0113ju no ieguves br\u012b\u017ea l\u012bdz transplant\u0101cijai.<\/p>\n<h5>Galven\u0101s iez\u012bmes:<\/h5>\n<ul>\n<li><strong>Dro\u0161\u012bba:<\/strong> Ultraska\u0146as burbu\u013cu detektori nov\u0113r\u0161 gaisa burbu\u013cu iek\u013c\u016b\u0161anu asinsvados, un spiediena kontrol\u0113ts s\u016bknis ne\u013cauj p\u0101rm\u0113r\u012bgam spiedienam saboj\u0101t audus.<\/li>\n<li><strong>Datu monitorings:<\/strong> Re\u0101llaika dati (spiediens, temperat\u016bra, pl\u016bsma, nieru pretest\u012bba) \u013cauj pie\u0146emt prec\u012bzus kl\u012bniskos l\u0113mumus.<\/li>\n<li><strong>Mobilit\u0101te:<\/strong> Sist\u0113ma sver tikai 20,4 kg un to var izmantot oper\u0101ciju z\u0101l\u0113 vai transport\u0113\u0161anas laik\u0101, neprasot atsevi\u0161\u0137u aukstuma glab\u0101\u0161anu.<\/li>\n<li><strong>Uzticam\u012bba:<\/strong> Tradicion\u0101l\u0101 aukstuma uzglab\u0101\u0161anas funkcija nodro\u0161ina dro\u0161\u012bbu pat neparedz\u0113tos gad\u012bjumos.<\/li>\n<\/ul>","protected":false},"excerpt":{"rendered":"<p>LifePort nieru perf\u016bzijas iek\u0101rta nodro\u0161ina donora nieres dro\u0161u transport\u0113\u0161anu un saglab\u0101\u0161anu. Izmantojot t\u0101das uzlabotas funkcijas k\u0101 ultraska\u0146as burbu\u013cu detektori, spiediena kontrole un datu uzraudz\u012bba re\u0101llaik\u0101, \u0161\u012b sist\u0113ma \u013cauj efekt\u012bvi saglab\u0101t org\u0101nu dz\u012bvotsp\u0113ju.<\/p>","protected":false},"featured_media":21762,"template":"","meta":[],"product_cat":[77,89],"product_tag":[],"class_list":{"0":"post-21754","1":"product","2":"type-product","3":"status-publish","4":"has-post-thumbnail","6":"product_brand-lifeport-organ-recovery-systems","7":"product_cat-medicinines-priemones-ir-iranga","8":"product_cat-transplantologija","10":"first","11":"instock","12":"shipping-taxable","13":"product-type-simple"},"_links":{"self":[{"href":"https:\/\/labostera.lt\/lv\/wp-json\/wp\/v2\/product\/21754","targetHints":{"allow":["GET"]}}],"collection":[{"href":"https:\/\/labostera.lt\/lv\/wp-json\/wp\/v2\/product"}],"about":[{"href":"https:\/\/labostera.lt\/lv\/wp-json\/wp\/v2\/types\/product"}],"wp:featuredmedia":[{"embeddable":true,"href":"https:\/\/labostera.lt\/lv\/wp-json\/wp\/v2\/media\/21762"}],"wp:attachment":[{"href":"https:\/\/labostera.lt\/lv\/wp-json\/wp\/v2\/media?parent=21754"}],"wp:term":[{"taxonomy":"product_cat","embeddable":true,"href":"https:\/\/labostera.lt\/lv\/wp-json\/wp\/v2\/product_cat?post=21754"},{"taxonomy":"product_tag","embeddable":true,"href":"https:\/\/labostera.lt\/lv\/wp-json\/wp\/v2\/product_tag?post=21754"}],"curies":[{"name":"wp","href":"https:\/\/api.w.org\/{rel}","templated":true}]}}