{"id":21731,"date":"2024-10-30T09:49:00","date_gmt":"2024-10-30T06:49:00","guid":{"rendered":"http:\/\/labostera.lt\/?post_type=product&#038;p=21731"},"modified":"2024-10-30T15:23:37","modified_gmt":"2024-10-30T12:23:37","slug":"vakuuminis-stalas-vs-labostera","status":"publish","type":"product","link":"https:\/\/labostera.lt\/lv\/priemones-ir-iranga\/laboratorine-iranga\/vakuuminis-stalas-vs-labostera\/","title":{"rendered":"Vakuuma galds VS Labostera"},"content":{"rendered":"<p>Vakuuma galds VS, ra\u017eot\u0101js UAB &quot;Labostera&quot;.<\/p>\n<table>\n<thead>\n<tr>\n<th>TEHNISK\u0100S RAKSTUROJUMS<\/th>\n<th><\/th>\n<\/tr>\n<\/thead>\n<tbody>\n<tr>\n<td>Izm\u0113ri, mm<\/td>\n<td>665 x 1340 x (min. 890 - maks. 1200)<\/td>\n<\/tr>\n<tr>\n<td>Elektrisk\u0101 baro\u0161ana<\/td>\n<td>230 V, 50 Hz<\/td>\n<\/tr>\n<tr>\n<td>S\u016bk\u0146a jauda<\/td>\n<td>1000 W<\/td>\n<\/tr>\n<\/tbody>\n<\/table>\n<p>VS vakuuma galds ir uzlabota ier\u012bce pap\u012bra restauratoriem, kas piem\u0113rota lieto\u0161anai da\u017e\u0101dos restaur\u0101cijas posmos. \u0160is galds \u013cauj efekt\u012bvi kontrol\u0113t restaur\u0101cijas procesu, nodro\u0161inot darba precizit\u0101ti un kvalit\u0101ti.<\/p>\n<p><strong>Galven\u0101s iez\u012bmes:<\/strong><\/p>\n<ul>\n<li>Elektriski regul\u0113jamais augstuma r\u0101mis \u013cauj piel\u0101got darba vietu individu\u0101laj\u0101m vajadz\u012bb\u0101m.<\/li>\n<li>Galda virsma ar regul\u0113jamu apgaismojumu, kas nodro\u0161ina optim\u0101lus apgaismojuma apst\u0101k\u013cus.<\/li>\n<li>Efekt\u012bvai putek\u013cu nos\u016bk\u0161anai paredz\u0113ts vakuums\u016bknis nodro\u0161ina t\u012br\u012bbu un dro\u0161\u012bbu darba laik\u0101.<\/li>\n<\/ul>\n<p>\u0160o ier\u012bci ra\u017eo Lietuv\u0101, UAB Labostera, lai nodro\u0161in\u0101tu kvalit\u0101ti un iztur\u012bbu.<\/p>","protected":false},"excerpt":{"rendered":"<p>VS vakuuma galds ir uzlabota ier\u012bce pap\u012bra restauratoriem, kas piem\u0113rota lieto\u0161anai da\u017e\u0101dos restaur\u0101cijas posmos. \u0160is galds \u013cauj efekt\u012bvi kontrol\u0113t restaur\u0101cijas procesu, nodro\u0161inot darba precizit\u0101ti un kvalit\u0101ti.<\/p>","protected":false},"featured_media":21735,"template":"","meta":[],"product_cat":[76],"product_tag":[],"class_list":{"0":"post-21731","1":"product","2":"type-product","3":"status-publish","4":"has-post-thumbnail","6":"product_brand-labostera","7":"product_cat-laboratorine-iranga","9":"first","10":"instock","11":"shipping-taxable","12":"product-type-simple"},"_links":{"self":[{"href":"https:\/\/labostera.lt\/lv\/wp-json\/wp\/v2\/product\/21731","targetHints":{"allow":["GET"]}}],"collection":[{"href":"https:\/\/labostera.lt\/lv\/wp-json\/wp\/v2\/product"}],"about":[{"href":"https:\/\/labostera.lt\/lv\/wp-json\/wp\/v2\/types\/product"}],"wp:featuredmedia":[{"embeddable":true,"href":"https:\/\/labostera.lt\/lv\/wp-json\/wp\/v2\/media\/21735"}],"wp:attachment":[{"href":"https:\/\/labostera.lt\/lv\/wp-json\/wp\/v2\/media?parent=21731"}],"wp:term":[{"taxonomy":"product_cat","embeddable":true,"href":"https:\/\/labostera.lt\/lv\/wp-json\/wp\/v2\/product_cat?post=21731"},{"taxonomy":"product_tag","embeddable":true,"href":"https:\/\/labostera.lt\/lv\/wp-json\/wp\/v2\/product_tag?post=21731"}],"curies":[{"name":"wp","href":"https:\/\/api.w.org\/{rel}","templated":true}]}}