{"id":21730,"date":"2024-10-30T11:48:57","date_gmt":"2024-10-30T08:48:57","guid":{"rendered":"http:\/\/labostera.lt\/?post_type=product&#038;p=21730"},"modified":"2024-10-30T15:23:34","modified_gmt":"2024-10-30T12:23:34","slug":"popieriaus-liejimo-masina-plm-labostera","status":"publish","type":"product","link":"https:\/\/labostera.lt\/lv\/priemones-ir-iranga\/laboratorine-iranga\/popieriaus-liejimo-masina-plm-labostera\/","title":{"rendered":"Pap\u012bra form\u0113\u0161anas ma\u0161\u012bna PLM Labostera"},"content":{"rendered":"<p>UAB &quot;Labostera&quot; ra\u017eot\u0101 PLM pap\u012bra lie\u0161anas iek\u0101rta ir paredz\u0113ta iespieddarbu dokumentu, gr\u0101matu, av\u012b\u017eu un m\u0101kslas darbu uz pap\u012bra restaur\u0101cijai un konserv\u0101cijai.<\/p>\n<p><strong>Tehnisk\u0101s specifik\u0101cijas:<\/strong><\/p>\n<table>\n<thead>\n<tr>\n<th>ELEKTROAPG\u0100DE<\/th>\n<th>230 V, 50 Hz<\/th>\n<\/tr>\n<\/thead>\n<tbody>\n<tr>\n<td>SAVIENOJUMI<\/td>\n<td>Dren\u0101\u017ea: 50 mm<br \/>\n\u016adens padeve: \u00bd collas\u201d<br \/>\nSaspiests gaiss: 6 b\u0101ri<\/td>\n<\/tr>\n<tr>\n<td><\/td>\n<td>Darba virsma, mm: 500 x 1100<\/td>\n<\/tr>\n<tr>\n<td>IZM\u0112RI<\/td>\n<td>Iesmidzin\u0101\u0161anas form\u0113\u0161anas ma\u0161\u012bna, mm: 940 x 1560 x 810<\/td>\n<\/tr>\n<tr>\n<td><\/td>\n<td>Atsevi\u0161\u0137i novietota \u016bdens tvertne, mm: 620 x 850 x 650<\/td>\n<\/tr>\n<\/tbody>\n<\/table>\n<p><strong>Funkcijas:<\/strong><\/p>\n<ul>\n<li>\u016adensiztur\u012bgas virsmas, kur\u0101m nav nepiecie\u0161ama \u012bpa\u0161a kop\u0161ana; t\u012br\u012bt ar ziep\u0113m un \u016bdeni.<\/li>\n<li>Dizains ietver plastmasas trauku uz alum\u012bnija r\u0101mja, plastmasas sietu lie\u0161anai, PE pl\u0113vi lie\u0161anas laukuma samazin\u0101\u0161anai un plastmasas re\u017e\u0123i ar rokturi.<\/li>\n<li>Papildu apr\u012bkojums: cauru\u013cvads, atsevi\u0161\u0137i novietota plastmasas \u016bdens tvertne, na\u017ea tipa v\u0101rsts ar pneimatisko piedzi\u0146u, PLC un vad\u012bbas panelis.<\/li>\n<li>Gaisa kompresors tiek pas\u016bt\u012bts atsevi\u0161\u0137i.<\/li>\n<\/ul>","protected":false},"excerpt":{"rendered":"<p>Pap\u012bra lie\u0161anas iek\u0101rta PLM \u2013 paredz\u0113ta iespieddarbu, gr\u0101matu, av\u012b\u017eu un m\u0101kslas darbu uz pap\u012bra restaur\u0101cijai un konserv\u0101cijai. \u0160\u012b iek\u0101rta \u013cauj efekt\u012bvi restaur\u0113t un aizsarg\u0101t pap\u012bra artefaktus, nodro\u0161inot restaur\u0101cijas procesu kvalit\u0101ti un uzticam\u012bbu.<\/p>\n<p>&nbsp;<\/p>","protected":false},"featured_media":21733,"template":"","meta":[],"product_cat":[76],"product_tag":[],"class_list":{"0":"post-21730","1":"product","2":"type-product","3":"status-publish","4":"has-post-thumbnail","6":"product_brand-labostera","7":"product_cat-laboratorine-iranga","9":"first","10":"instock","11":"shipping-taxable","12":"product-type-simple"},"_links":{"self":[{"href":"https:\/\/labostera.lt\/lv\/wp-json\/wp\/v2\/product\/21730","targetHints":{"allow":["GET"]}}],"collection":[{"href":"https:\/\/labostera.lt\/lv\/wp-json\/wp\/v2\/product"}],"about":[{"href":"https:\/\/labostera.lt\/lv\/wp-json\/wp\/v2\/types\/product"}],"wp:featuredmedia":[{"embeddable":true,"href":"https:\/\/labostera.lt\/lv\/wp-json\/wp\/v2\/media\/21733"}],"wp:attachment":[{"href":"https:\/\/labostera.lt\/lv\/wp-json\/wp\/v2\/media?parent=21730"}],"wp:term":[{"taxonomy":"product_cat","embeddable":true,"href":"https:\/\/labostera.lt\/lv\/wp-json\/wp\/v2\/product_cat?post=21730"},{"taxonomy":"product_tag","embeddable":true,"href":"https:\/\/labostera.lt\/lv\/wp-json\/wp\/v2\/product_tag?post=21730"}],"curies":[{"name":"wp","href":"https:\/\/api.w.org\/{rel}","templated":true}]}}