{"id":21723,"date":"2024-10-30T11:55:29","date_gmt":"2024-10-30T08:55:29","guid":{"rendered":"http:\/\/labostera.lt\/?post_type=product&#038;p=21723"},"modified":"2024-10-30T15:23:28","modified_gmt":"2024-10-30T12:23:28","slug":"vakuumine-prisotinimo-sistema-vps-labostera","status":"publish","type":"product","link":"https:\/\/labostera.lt\/lv\/priemones-ir-iranga\/laboratorine-iranga\/vakuumine-prisotinimo-sistema-vps-labostera\/","title":{"rendered":"Vakuuma pies\u0101tin\u0101\u0161anas sist\u0113ma VPS Labostera"},"content":{"rendered":"<p>Vakuuma pies\u0101tin\u0101\u0161anas sist\u0113ma VPS, ra\u017eot\u0101js UAB &quot;Labostera&quot;.<\/p>\n<p>L\u012bdz ar tehnolo\u0123iju straujo att\u012bst\u012bbu arheolo\u0123isko atradumu restaur\u0101cij\u0101 arvien vair\u0101k tiek izmantots vakuums. Vakuuma sist\u0113mu izmanto\u0161ana var iev\u0113rojami uzlabot arheolo\u0123isko atradumu konserv\u0101cijas kvalit\u0101ti un atvieglot restauratoru darbu. Pies\u0101tinot (vai nostiprinot) virsmas ar konsolid\u0113jo\u0161iem \u0161\u0137\u012bdumiem vakuuma vid\u0113, tiek nodro\u0161in\u0101ta \u0161o \u0161\u0137\u012bdumu iek\u013c\u016b\u0161ana arheolo\u0123isko atradumu viet\u0101s, kas nav pieejamas ot\u0101m. Vakuuma izmanto\u0161ana arheolo\u0123isko atradumu pies\u016bcin\u0101\u0161anai ar konserv\u0113jo\u0161iem \u0161\u0137\u012bdumiem, atradumu \u017e\u0101v\u0113\u0161anai p\u0113c mazg\u0101\u0161anas vai sasald\u0113\u0161anas var tikt piem\u0113rota atradumiem, kas izgatavoti no t\u0101diem materi\u0101liem k\u0101 dzelzs, var\u0161, koks, keramika, stikls, \u0101da un dzintars.<br \/>\n<strong><br \/>\nVPS tehniskie dati<\/strong><\/p>\n<table>\n<thead>\n<tr>\n<th>Parametrs<\/th>\n<th>m\u0113rvien\u012bbas<\/th>\n<th>specifik\u0101cija<\/th>\n<\/tr>\n<\/thead>\n<tbody>\n<tr>\n<td>Vakuuma kameras tilpums<\/td>\n<td>L<\/td>\n<td>8<\/td>\n<\/tr>\n<tr>\n<td>Maksim\u0101lais vakuuma l\u012bmenis<\/td>\n<td>mbar<\/td>\n<td>10\u207b\u00b2<\/td>\n<\/tr>\n<tr>\n<td>Borsilik\u0101ts, liesmas pul\u0113ts un piln\u012bb\u0101 atkv\u0113lin\u0101ts, caursp\u012bd\u012bgs, \u012bpa\u0161i paredz\u0113ts vakuuma iek\u0101rt\u0101m, zvanveida stikla v\u0101ks<\/td>\n<td>\u00d8 mm<\/td>\n<td>301x360<\/td>\n<\/tr>\n<tr>\n<td>Iek\u0161\u0113j\u0101s vakuuma kameras trauka izm\u0113ri<\/td>\n<td>\u00d8 mm<\/td>\n<td>180x180<\/td>\n<\/tr>\n<tr>\n<td>Galda izm\u0113ri (garums x platums x augstums)<\/td>\n<td>mm<\/td>\n<td>1200x600x790<\/td>\n<\/tr>\n<tr>\n<td>Ier\u012bces izm\u0113ri (garums x platums x augstums ar nolaistu stikla p\u0101rsegu)<\/td>\n<td>mm<\/td>\n<td>1200x600x1475<\/td>\n<\/tr>\n<tr>\n<td>Iek\u0101rtas augstums ar stikla p\u0101rsegu, kas pacelts maksim\u0101laj\u0101 augstum\u0101<\/td>\n<td>mm<\/td>\n<td>1925<\/td>\n<\/tr>\n<tr>\n<td>Galda rite\u0146u diametrs (divi no tiem ar bremz\u0113m)<\/td>\n<td>mm<\/td>\n<td>120<\/td>\n<\/tr>\n<tr>\n<td>Elektrisk\u0101 baro\u0161ana<\/td>\n<td>V, Hz<\/td>\n<td>230 V, 50 Hz<\/td>\n<\/tr>\n<\/tbody>\n<\/table>\n<p><strong>VPS priek\u0161roc\u012bbas:<\/strong><\/p>\n<ul>\n<li>Liels (\u00d8301 mm x 360 mm), caursp\u012bd\u012bga stikla vakuuma kameras p\u0101rsegs. Kamer\u0101 ir \u0113rti uzraudz\u012bt notieko\u0161os procesus.<\/li>\n<li>Visu procesu ietekm\u0113jo\u0161o parametru (vakuuma dzi\u013cuma, vakuuma dzi\u013cuma mai\u0146as \u0101truma, spiediena izl\u012bdzin\u0101\u0161anas \u0101truma kamer\u0101, pies\u016bcin\u0101\u0161anas \u0161\u0137\u012bduma iepl\u016bdes\/izpl\u016bdes \u0101truma) kontrole un regul\u0113\u0161ana. Operators kontrol\u0113 un br\u012bvi piel\u0101go \u0161os parametrus.<\/li>\n<li>Kompresors gaisa padevei kamerai, lai stikla v\u0101ku var\u0113tu atbr\u012bvot no pamatnes p\u0113c darba pabeig\u0161anas vakuuma vid\u0113. Tas aizsarg\u0101 kameras bl\u012bvi no meh\u0101niskiem boj\u0101jumiem un atvieglo operatora darbu.<\/li>\n<li>Plaukts konteineriem ar \u0161\u0137\u012bdumiem. Konteineri ir \u0113rti novietoti zem galda virsmas, operatoram tie nav j\u0101nes, tos var transport\u0113t kop\u0101 ar galdu.<\/li>\n<li>Stikla p\u0101rsega elektromeh\u0101niska pacel\u0161ana un nolai\u0161ana. Operatoram nav j\u0101pace\u013c smagais v\u0101ks, t\u0101d\u0113j\u0101di samazinot stikla v\u0101ka sapl\u012b\u0161anas iesp\u0113jam\u012bbu.<\/li>\n<li>Vienk\u0101r\u0161a un \u0113rta vad\u012bba. Visas vad\u012bbas un uzraudz\u012bbas ier\u012bces atrodas vien\u0101 galda pus\u0113. Operators var str\u0101d\u0101t gan st\u0101vus, gan s\u0113dus.<\/li>\n<li>\u013boti vienk\u0101r\u0161a sagatavo\u0161ana darbam: p\u0113c ier\u012bces novieto\u0161anas pareizaj\u0101 viet\u0101 pietiek ievietot kontaktdak\u0161u 230 V 50 Hz elektr\u012bbas kontaktligzd\u0101.<\/li>\n<li>Sist\u0113ma ir uzst\u0101d\u012bta uz mobil\u0101 galda. Galda ritenti\u0146iem ir bremzes, kas atvieglo ier\u012bces novieto\u0161anu un nofiks\u0113\u0161anu \u0113rt\u0101 darba poz\u012bcij\u0101.<\/li>\n<li>P\u0113c klienta piepras\u012bjuma tiek nodro\u0161in\u0101ti vair\u0101ki cauru\u013cvadu komplekti, kas tiek izmantoti konservantu sve\u0137u (\u0161\u0137\u012bduma) iesmidzin\u0101\u0161anai\/izvad\u012b\u0161anai vakuuma kamer\u0101. Tas \u013cauj izvair\u012bties no ilgsto\u0161as mazg\u0101\u0161anas proced\u016bras. Komplektu skaits \u2013 p\u0113c nepiecie\u0161am\u012bbas.<\/li>\n<li>P\u0113c klienta piepras\u012bjuma sist\u0113mu var apr\u012bkot ar 0,5 m augstu stikla apvalku, kas \u013cautu apstr\u0101d\u0101t liel\u0101kus atradumus.<\/li>\n<li>P\u0113c klienta piepras\u012bjuma varam izv\u0113l\u0113ties da\u017e\u0101du izm\u0113ru iek\u0161\u0113j\u0101s kameras konteineru vai konteineru komplektu, lai optimiz\u0113tu vakuuma kameras tilpuma izmanto\u0161anu.<\/li>\n<\/ul>","protected":false},"excerpt":{"rendered":"<p>VPS vakuuma pies\u0101tin\u0101\u0161anas sist\u0113ma ir lielisks instruments konserv\u0113\u0161anas kvalit\u0101tes un darba efektivit\u0101tes uzlabo\u0161anai. Izmanto arheolo\u0123isko atradumu pies\u016bcin\u0101\u0161anai ar konserv\u0113jo\u0161iem \u0161\u0137\u012bdumiem, atradumu \u017e\u0101v\u0113\u0161anai p\u0113c mazg\u0101\u0161anas vai sasald\u0113\u0161anas, un to var pielietot atradumiem, kas izgatavoti no t\u0101diem materi\u0101liem k\u0101 dzelzs, var\u0161, koks, keramika, stikls, \u0101da un dzintars.<\/p>","protected":false},"featured_media":21737,"template":"","meta":[],"product_cat":[76],"product_tag":[],"class_list":{"0":"post-21723","1":"product","2":"type-product","3":"status-publish","4":"has-post-thumbnail","6":"product_brand-labostera","7":"product_cat-laboratorine-iranga","9":"first","10":"instock","11":"shipping-taxable","12":"product-type-simple"},"_links":{"self":[{"href":"https:\/\/labostera.lt\/lv\/wp-json\/wp\/v2\/product\/21723","targetHints":{"allow":["GET"]}}],"collection":[{"href":"https:\/\/labostera.lt\/lv\/wp-json\/wp\/v2\/product"}],"about":[{"href":"https:\/\/labostera.lt\/lv\/wp-json\/wp\/v2\/types\/product"}],"wp:featuredmedia":[{"embeddable":true,"href":"https:\/\/labostera.lt\/lv\/wp-json\/wp\/v2\/media\/21737"}],"wp:attachment":[{"href":"https:\/\/labostera.lt\/lv\/wp-json\/wp\/v2\/media?parent=21723"}],"wp:term":[{"taxonomy":"product_cat","embeddable":true,"href":"https:\/\/labostera.lt\/lv\/wp-json\/wp\/v2\/product_cat?post=21723"},{"taxonomy":"product_tag","embeddable":true,"href":"https:\/\/labostera.lt\/lv\/wp-json\/wp\/v2\/product_tag?post=21723"}],"curies":[{"name":"wp","href":"https:\/\/api.w.org\/{rel}","templated":true}]}}