{"id":21719,"date":"2024-10-18T16:00:42","date_gmt":"2024-10-18T13:00:42","guid":{"rendered":"http:\/\/labostera.lt\/?post_type=product&#038;p=21719"},"modified":"2024-10-18T16:05:01","modified_gmt":"2024-10-18T13:05:01","slug":"daiginimo-kameros","status":"publish","type":"product","link":"https:\/\/labostera.lt\/lv\/priemones-ir-iranga\/laboratorine-iranga\/aplinkotyra\/augalu-tyrimo-iranga\/daiginimo-kameros\/","title":{"rendered":"D\u012bg\u0161anas kameras RUMED\u00ae"},"content":{"rendered":"<p>RUMED\u00ae diedz\u0113\u0161anas kameras ir \u012bpa\u0161i izstr\u0101d\u0101tas s\u0113klu d\u012bg\u0161anas testu veik\u0161anai saska\u0146\u0101 ar ISTA noteikumiem. Katra kameras funkcija \u013cauj nodro\u0161in\u0101t optim\u0101lu temperat\u016bru un apgaismojumu, k\u0101 ar\u012b kontrol\u0113t mitruma l\u012bmeni p\u0113c nepiecie\u0161am\u012bbas. Kamera ir apr\u012bkota ar jaud\u012bgu, klusu un ener\u0123iju taupo\u0161u kompresora sald\u0113\u0161anas sist\u0113mu, kas izmanto dab\u012bgus aukstuma\u0123entus. \u0160\u012b sist\u0113ma nodro\u0161ina \u0101tru temperat\u016bras atjauno\u0161anos p\u0113c durvju atv\u0113r\u0161anas.<\/p>\n<p>Control2015touch vad\u012bbas panelis nodro\u0161ina lietot\u0101jam draudz\u012bgu un intuit\u012bvu saskarni, kas \u013cauj \u0113rti uzraudz\u012bt un kontrol\u0113t d\u012bg\u0161anas programmu progresu. Programm\u0113jams LED apgaismojums, mitruma kontrole, k\u0101 ar\u012b USB un Ethernet savienojumi nodro\u0161ina \u0113rtu \u0101r\u0113ju datu nov\u0113rt\u0113\u0161anu.<\/p>\n<p>D\u012bg\u0161anas kameras ir pieejamas da\u017e\u0101dos izm\u0113ros, no 160 l\u012bdz 1700 litriem, un t\u0101s var piel\u0101got da\u017e\u0101du veidu s\u0113kl\u0101m. Turkl\u0101t D\u017eeikobsena metodes kamer\u0101m ir l\u012bdz pat 10 d\u012bgtsp\u0113jas l\u012bme\u0146iem, kas nodro\u0161ina efekt\u012bvu test\u0113\u0161anu un dokument\u0113\u0161anu.<\/p>\n<h4>Specifik\u0101ciju tabula<\/h4>\n<table>\n<thead>\n<tr>\n<th>Modelis<\/th>\n<th>Temperat\u016bras diapazons<\/th>\n<th>Ietilp\u012bba<\/th>\n<th>Papildu funkcijas<\/th>\n<\/tr>\n<\/thead>\n<tbody>\n<tr>\n<td><strong>GES-E160<\/strong><\/td>\n<td>0\u00b0C l\u012bdz +50\u00b0C<\/td>\n<td>160 litri<\/td>\n<td>Programm\u0113jams apgaismojums, USB\/Ethernet savienojumi<\/td>\n<\/tr>\n<tr>\n<td><strong>GES-E230<\/strong><\/td>\n<td>0\u00b0C l\u012bdz +50\u00b0C<\/td>\n<td>230 litri<\/td>\n<td>Papildu mitrums, USB\/Ethernet savienojumi<\/td>\n<\/tr>\n<tr>\n<td><strong>GES-E400<\/strong><\/td>\n<td>0\u00b0C l\u012bdz +50\u00b0C<\/td>\n<td>400 litri<\/td>\n<td>Papildu mitrums, USB\/Ethernet savienojumi<\/td>\n<\/tr>\n<tr>\n<td><strong>GES-P350<\/strong><\/td>\n<td>0\u00a0\u00b0C l\u012bdz +50\u00a0\u00b0C, l\u012bdz -30\u00a0\u00b0C<\/td>\n<td>350 litri<\/td>\n<td>Ner\u016bs\u0113jo\u0161\u0101 t\u0113rauda korpuss, programm\u0113jams apgaismojums<\/td>\n<\/tr>\n<tr>\n<td><strong>GES-P530<\/strong><\/td>\n<td>0\u00a0\u00b0C l\u012bdz +50\u00a0\u00b0C, l\u012bdz -30\u00a0\u00b0C<\/td>\n<td>530 litri<\/td>\n<td>Ner\u016bs\u0113jo\u0161\u0101 t\u0113rauda korpuss, papildu mitrums<\/td>\n<\/tr>\n<tr>\n<td><strong>GJS-P530<\/strong> (J\u0113kobsens)<\/td>\n<td>0\u00a0\u00b0C l\u012bdz +50\u00a0\u00b0C, l\u012bdz -30\u00a0\u00b0C<\/td>\n<td>530 litri<\/td>\n<td>D\u017eeikobsena metode, l\u012bdz 99% rh, 10 d\u012bgtsp\u0113jas l\u012bme\u0146i<\/td>\n<\/tr>\n<tr>\n<td><strong>GJS-P1060<\/strong> (J\u0113kobsens)<\/td>\n<td>0\u00a0\u00b0C l\u012bdz +50\u00a0\u00b0C, l\u012bdz -30\u00a0\u00b0C<\/td>\n<td>1060 litri<\/td>\n<td>D\u017eeikobsena metode, l\u012bdz 99% rh, 10 d\u012bgtsp\u0113jas l\u012bme\u0146i<\/td>\n<\/tr>\n<\/tbody>\n<\/table>\n<h3><\/h3>","protected":false},"excerpt":{"rendered":"<p>RUMED\u00ae diedz\u0113\u0161anas kameras ir paredz\u0113tas s\u0113klu d\u012bg\u0161anas testiem saska\u0146\u0101 ar ISTA noteikumiem. Kontaktdak\u0161as ir apr\u012bkotas ar modern\u0101m dzes\u0113\u0161anas un mitruma kontroles tehnolo\u0123ij\u0101m un intuit\u012bvu Control2015touch vad\u012bbas sist\u0113mu.<\/p>","protected":false},"featured_media":21707,"template":"","meta":[],"product_cat":[106,83,84,117],"product_tag":[],"class_list":{"0":"post-21719","1":"product","2":"type-product","3":"status-publish","4":"has-post-thumbnail","6":"product_cat-augalu-tyrimo-iranga","7":"product_cat-aplinkotyra","8":"product_cat-bendra-laboratorine-iranga","9":"product_cat-inkubatoriai-ir-klimatines-kameros","11":"first","12":"onbackorder","13":"shipping-taxable","14":"product-type-simple"},"_links":{"self":[{"href":"https:\/\/labostera.lt\/lv\/wp-json\/wp\/v2\/product\/21719","targetHints":{"allow":["GET"]}}],"collection":[{"href":"https:\/\/labostera.lt\/lv\/wp-json\/wp\/v2\/product"}],"about":[{"href":"https:\/\/labostera.lt\/lv\/wp-json\/wp\/v2\/types\/product"}],"wp:featuredmedia":[{"embeddable":true,"href":"https:\/\/labostera.lt\/lv\/wp-json\/wp\/v2\/media\/21707"}],"wp:attachment":[{"href":"https:\/\/labostera.lt\/lv\/wp-json\/wp\/v2\/media?parent=21719"}],"wp:term":[{"taxonomy":"product_cat","embeddable":true,"href":"https:\/\/labostera.lt\/lv\/wp-json\/wp\/v2\/product_cat?post=21719"},{"taxonomy":"product_tag","embeddable":true,"href":"https:\/\/labostera.lt\/lv\/wp-json\/wp\/v2\/product_tag?post=21719"}],"curies":[{"name":"wp","href":"https:\/\/api.w.org\/{rel}","templated":true}]}}