{"id":21715,"date":"2024-10-18T15:53:34","date_gmt":"2024-10-18T12:53:34","guid":{"rendered":"http:\/\/labostera.lt\/?post_type=product&#038;p=21715"},"modified":"2024-10-18T15:55:35","modified_gmt":"2024-10-18T12:55:35","slug":"klimatines-kameros","status":"publish","type":"product","link":"https:\/\/labostera.lt\/lv\/priemones-ir-iranga\/laboratorine-iranga\/aplinkotyra\/augalu-tyrimo-iranga\/klimatines-kameros\/","title":{"rendered":"Klimatisk\u0101s kameras RUMED\u00ae"},"content":{"rendered":"<p>Klimatisk\u0101s kameras RUMED\u00ae<\/p>\n<p>ir izstr\u0101d\u0101ti, lai simul\u0113tu da\u017e\u0101dus klimata veidus un vides apst\u0101k\u013cus, s\u0101kot no standarta l\u012bdz ekstrem\u0101liem, tostarp saus\u0101m, \u013coti mitr\u0101m vai aukst\u0101m vid\u0113m. Tas \u013cauj veikt visaptvero\u0161us materi\u0101lu iztur\u012bbas pret da\u017e\u0101diem vides apst\u0101k\u013ciem testus, padarot \u0161\u012bs skapjus par b\u016btisku elementu daudz\u0101s nozar\u0113s, tostarp farm\u0101cijas, \u0137\u012bmisk\u0101s r\u016bpniec\u012bbas un zin\u0101tnisk\u0101s p\u0113tniec\u012bbas jom\u0101.<\/p>\n<p>Klimata skapji ir apr\u012bkoti ar nep\u0101rtraukti regul\u0113jamu sild\u012bt\u0101ju, kas nodro\u0161ina vienm\u0113r\u012bgu temperat\u016bras sadal\u012bjumu, un klusu kompresoru, kas darbojas ar dab\u012bgiem aukstuma\u0123entiem, samazinot ietekmi uz vidi. Mitruma kontrole tiek veikta, izmantojot \u012bpa\u0161i zemas ener\u0123ijas ultraska\u0146as mitrin\u0101t\u0101ju, kas nodro\u0161ina \u0101tru un prec\u012bzu reakciju uz vides izmai\u0146\u0101m.<\/p>\n<p>Control2015touch kontrolieris nodro\u0161ina intuit\u012bvu skapja darb\u012bbu un procesa dokument\u0113\u0161anu. Tas pied\u0101v\u0101 ar\u012b lietot\u0101ju p\u0101rvald\u012bbu un datu re\u0123istr\u0113\u0161anu, kas atbilst augst\u0101m dro\u0161\u012bbas pras\u012bb\u0101m. Vis\u0101m klimata skap\u012bm ir USB un Ethernet piesl\u0113gvietas datu anal\u012bzei \u0101r\u0113j\u0101s ier\u012bc\u0113s. Tiek pied\u0101v\u0101tas ar\u012b papildu iesp\u0113jas, piem\u0113ram, apgaismojums vai mitrin\u0101\u0161ana, kas \u013cauj piel\u0101got skapjus konkr\u0113t\u0101m vajadz\u012bb\u0101m.<\/p>\n<h4>Specifik\u0101ciju tabula<\/h4>\n<table>\n<thead>\n<tr>\n<th>Modelis<\/th>\n<th>Temperat\u016bras diapazons<\/th>\n<th>Mitruma diapazons<\/th>\n<th>Tilpums (l)<\/th>\n<th>Papildu funkcijas<\/th>\n<th>Programmas kontrolieris<\/th>\n<\/tr>\n<\/thead>\n<tbody>\n<tr>\n<td><strong>CPS-P210<\/strong><\/td>\n<td>0\u00b0C l\u012bdz +50\u00b0C, -30\u00b0C l\u012bdz +80\u00b0C<\/td>\n<td>20% l\u012bdz 95% rh<\/td>\n<td>210 litri<\/td>\n<td>Ner\u016bs\u0113jo\u0161\u0101 t\u0113rauda iek\u0161puse<\/td>\n<td>Control2015touch<\/td>\n<\/tr>\n<tr>\n<td><strong>CPS-P350<\/strong><\/td>\n<td>0\u00b0C l\u012bdz +50\u00b0C, -30\u00b0C l\u012bdz +80\u00b0C<\/td>\n<td>20% l\u012bdz 95% rh<\/td>\n<td>350 litri<\/td>\n<td>Ner\u016bs\u0113jo\u0161\u0101 t\u0113rauda iek\u0161puse<\/td>\n<td>Control2015touch<\/td>\n<\/tr>\n<tr>\n<td><strong>CPS-P530<\/strong><\/td>\n<td>0\u00b0C l\u012bdz +50\u00b0C, -30\u00b0C l\u012bdz +80\u00b0C<\/td>\n<td>20% l\u012bdz 95% rh<\/td>\n<td>530 litri<\/td>\n<td>Ner\u016bs\u0113jo\u0161\u0101 t\u0113rauda iek\u0161puse<\/td>\n<td>Control2015touch<\/td>\n<\/tr>\n<tr>\n<td><strong>CPS-P850<\/strong><\/td>\n<td>0\u00b0C l\u012bdz +50\u00b0C, -30\u00b0C l\u012bdz +80\u00b0C<\/td>\n<td>20% l\u012bdz 95% rh<\/td>\n<td>850 litri<\/td>\n<td>Ner\u016bs\u0113jo\u0161\u0101 t\u0113rauda iek\u0161puse<\/td>\n<td>Control2015touch<\/td>\n<\/tr>\n<tr>\n<td><strong>CPS-P1060<\/strong><\/td>\n<td>0\u00b0C l\u012bdz +50\u00b0C, -30\u00b0C l\u012bdz +80\u00b0C<\/td>\n<td>20% l\u012bdz 95% rh<\/td>\n<td>1060 litri<\/td>\n<td>Ner\u016bs\u0113jo\u0161\u0101 t\u0113rauda iek\u0161puse<\/td>\n<td>Control2015touch<\/td>\n<\/tr>\n<tr>\n<td><strong>CPS-P1700<\/strong><\/td>\n<td>0\u00b0C l\u012bdz +50\u00b0C, -30\u00b0C l\u012bdz +80\u00b0C<\/td>\n<td>20% l\u012bdz 95% rh<\/td>\n<td>1700 litri<\/td>\n<td>Ner\u016bs\u0113jo\u0161\u0101 t\u0113rauda iek\u0161puse<\/td>\n<td>Control2015touch<\/td>\n<\/tr>\n<\/tbody>\n<\/table>\n<p>&nbsp;<\/p>","protected":false},"excerpt":{"rendered":"<p>RUMED\u00ae klimata kameras ir paredz\u0113tas, lai simul\u0113tu standarta klimata apst\u0101k\u013cus un ekstrem\u0101lus vides apst\u0101k\u013cus, piem\u0113ram, sausu karstumu, augstu mitrumu vai aukstumu. Skap\u012b\u0161i ir apr\u012bkoti ar klusu, videi draudz\u012bgu kompresora tehnolo\u0123iju un prec\u012bzu ultraska\u0146as mitrin\u0101t\u0101ju. Control2015touch kontrolieris nodro\u0161ina \u0113rtu lieto\u0161anu, savuk\u0101rt USB un Ethernet saskarnes \u013cauj veikt \u0101r\u0113ju datu anal\u012bzi.<\/p>","protected":false},"featured_media":21713,"template":"","meta":[],"product_cat":[106,83,84,117],"product_tag":[],"class_list":{"0":"post-21715","1":"product","2":"type-product","3":"status-publish","4":"has-post-thumbnail","6":"product_cat-augalu-tyrimo-iranga","7":"product_cat-aplinkotyra","8":"product_cat-bendra-laboratorine-iranga","9":"product_cat-inkubatoriai-ir-klimatines-kameros","11":"first","12":"onbackorder","13":"shipping-taxable","14":"product-type-simple"},"_links":{"self":[{"href":"https:\/\/labostera.lt\/lv\/wp-json\/wp\/v2\/product\/21715","targetHints":{"allow":["GET"]}}],"collection":[{"href":"https:\/\/labostera.lt\/lv\/wp-json\/wp\/v2\/product"}],"about":[{"href":"https:\/\/labostera.lt\/lv\/wp-json\/wp\/v2\/types\/product"}],"wp:featuredmedia":[{"embeddable":true,"href":"https:\/\/labostera.lt\/lv\/wp-json\/wp\/v2\/media\/21713"}],"wp:attachment":[{"href":"https:\/\/labostera.lt\/lv\/wp-json\/wp\/v2\/media?parent=21715"}],"wp:term":[{"taxonomy":"product_cat","embeddable":true,"href":"https:\/\/labostera.lt\/lv\/wp-json\/wp\/v2\/product_cat?post=21715"},{"taxonomy":"product_tag","embeddable":true,"href":"https:\/\/labostera.lt\/lv\/wp-json\/wp\/v2\/product_tag?post=21715"}],"curies":[{"name":"wp","href":"https:\/\/api.w.org\/{rel}","templated":true}]}}