{"id":21710,"date":"2024-10-18T15:48:31","date_gmt":"2024-10-18T12:48:31","guid":{"rendered":"http:\/\/labostera.lt\/?post_type=product&#038;p=21710"},"modified":"2024-10-18T15:52:09","modified_gmt":"2024-10-18T12:52:09","slug":"stabilumo-testavimo-spinta","status":"publish","type":"product","link":"https:\/\/labostera.lt\/lv\/priemones-ir-iranga\/laboratorine-iranga\/aplinkotyra\/augalu-tyrimo-iranga\/stabilumo-testavimo-spinta\/","title":{"rendered":"Stabilit\u0101tes p\u0101rbaudes skapis RUMED\u00ae"},"content":{"rendered":"<p>RUMED\u00ae stabilit\u0101tes test\u0113\u0161anas skapji ir izstr\u0101d\u0101ti, lai nodro\u0161in\u0101tu atbilst\u012bbu starptautiskajiem standartiem (ICH Q1B(2R)) iztur\u012bbas test\u0113\u0161anai un stabilit\u0101tes p\u0113t\u012bjumiem. \u0160ie skapji ir paredz\u0113ti ilgsto\u0161ai uzglab\u0101\u0161anai da\u017e\u0101dos klimatiskajos apst\u0101k\u013cos, tostarp m\u0113ren\u0101, subtropu, karst\u0101 un saus\u0101, k\u0101 ar\u012b karst\u0101 un mitr\u0101 klimatiskajos apst\u0101k\u013cos. Turkl\u0101t skapji \u013cauj veikt pa\u0101trin\u0101tus stabilit\u0101tes testus 40\u00b0C temperat\u016br\u0101 un 75% relat\u012bvaj\u0101 mitrum\u0101, kas ir \u012bpa\u0161i svar\u012bgi produktu iztur\u012bbas anal\u012bzei.<\/p>\n<p>Visi skapji ir apr\u012bkoti ar Control2015touch kontrolieri ar lietot\u0101ja vad\u012bbas funkcionalit\u0101ti, tostarp displeju, datu re\u0123istr\u0113t\u0101ju un \u017eurn\u0101lu, kas atbilst 21CFR 11. da\u013cai. \u0160is kontrolieris nodro\u0161ina efekt\u012bvu ier\u012bces procesu kontroli un dro\u0161u datu glab\u0101\u0161anu ar digit\u0101lo parakstu. Skapjiem ir ar\u012b USB un Ethernet savienojumi \u0113rtai datu anal\u012bzei \u0101r\u0113j\u0101s sist\u0113m\u0101s.<\/p>\n<p>RUMED\u00ae temperat\u016bras un mitruma kontroles stabilit\u0101tes skapji ir piem\u0113roti lieto\u0161anai farm\u0101cijas, \u0137\u012bmijas un p\u0101rtikas r\u016bpniec\u012bb\u0101. Katram modelim ir \u013coti uzticama temperat\u016bras un mitruma kontrole, kas ir b\u016btiska ticamu p\u0113t\u012bjumu rezult\u0101tu ieg\u016b\u0161anai.<\/p>\n<h4>Specifik\u0101ciju tabula<\/h4>\n<table>\n<thead>\n<tr>\n<th>Modelis<\/th>\n<th>Temperat\u016bras diapazons<\/th>\n<th>Mitruma diapazons<\/th>\n<th>Tilpums (l)<\/th>\n<th>ICH vadl\u012bnijas<\/th>\n<th>Programmas kontrolieris<\/th>\n<th>Papildu funkcijas<\/th>\n<\/tr>\n<\/thead>\n<tbody>\n<tr>\n<td><strong>SPS-P210<\/strong><\/td>\n<td>0\u00b0C l\u012bdz +50\u00b0C<\/td>\n<td>20% l\u012bdz 95% rh<\/td>\n<td>210 litri<\/td>\n<td>J\u0101<\/td>\n<td>Control2015touch<\/td>\n<td>Ekr\u0101na ierakst\u012bt\u0101js, 21CFR 11 paraksts<\/td>\n<\/tr>\n<tr>\n<td><strong>SPS-P350<\/strong><\/td>\n<td>0\u00b0C l\u012bdz +50\u00b0C<\/td>\n<td>20% l\u012bdz 95% rh<\/td>\n<td>350 litri<\/td>\n<td>J\u0101<\/td>\n<td>Control2015touch<\/td>\n<td>Ekr\u0101na ierakst\u012bt\u0101js, 21CFR 11 paraksts<\/td>\n<\/tr>\n<tr>\n<td><strong>SPS-P530<\/strong><\/td>\n<td>0\u00b0C l\u012bdz +50\u00b0C<\/td>\n<td>20% l\u012bdz 95% rh<\/td>\n<td>530 litri<\/td>\n<td>J\u0101<\/td>\n<td>Control2015touch<\/td>\n<td>Ekr\u0101na ierakst\u012bt\u0101js, 21CFR 11 paraksts<\/td>\n<\/tr>\n<tr>\n<td><strong>SPS-P850<\/strong><\/td>\n<td>0\u00b0C l\u012bdz +50\u00b0C<\/td>\n<td>20% l\u012bdz 95% rh<\/td>\n<td>850 litri<\/td>\n<td>J\u0101<\/td>\n<td>Control2015touch<\/td>\n<td>Ekr\u0101na ierakst\u012bt\u0101js, 21CFR 11 paraksts<\/td>\n<\/tr>\n<tr>\n<td><strong>SPS-P1060<\/strong><\/td>\n<td>0\u00b0C l\u012bdz +50\u00b0C<\/td>\n<td>20% l\u012bdz 95% rh<\/td>\n<td>1060 litri<\/td>\n<td>J\u0101<\/td>\n<td>Control2015touch<\/td>\n<td>Ekr\u0101na ierakst\u012bt\u0101js, 21CFR 11 paraksts<\/td>\n<\/tr>\n<tr>\n<td><strong>SPS-P1700<\/strong><\/td>\n<td>0\u00b0C l\u012bdz +50\u00b0C<\/td>\n<td>20% l\u012bdz 95% rh<\/td>\n<td>1700 litri<\/td>\n<td>J\u0101<\/td>\n<td>Control2015touch<\/td>\n<td>Ekr\u0101na ierakst\u012bt\u0101js, 21CFR 11 paraksts<\/td>\n<\/tr>\n<\/tbody>\n<\/table>","protected":false},"excerpt":{"rendered":"<p>RUMED\u00ae stabilit\u0101tes test\u0113\u0161anas skapji \u013cauj veikt iztur\u012bbas testus saska\u0146\u0101 ar ICH Q1B(2R) vadl\u012bnij\u0101m, simul\u0113jot da\u017e\u0101dus klimata tipus: m\u0113renu (I), subtropu (II), karstu un sausu (III), karstu un mitru (IVa), karstu un \u013coti mitru (IVb). Skapji ar Control2015touch kontrolieri nodro\u0161ina intuit\u012bvu darb\u012bbu, un to datus var dro\u0161i re\u0123istr\u0113t, izmantojot USB vai Ethernet savienojumus.<\/p>","protected":false},"featured_media":21713,"template":"","meta":[],"product_cat":[83,106,84,117],"product_tag":[],"class_list":{"0":"post-21710","1":"product","2":"type-product","3":"status-publish","4":"has-post-thumbnail","6":"product_cat-aplinkotyra","7":"product_cat-augalu-tyrimo-iranga","8":"product_cat-bendra-laboratorine-iranga","9":"product_cat-inkubatoriai-ir-klimatines-kameros","11":"first","12":"onbackorder","13":"shipping-taxable","14":"product-type-simple"},"_links":{"self":[{"href":"https:\/\/labostera.lt\/lv\/wp-json\/wp\/v2\/product\/21710","targetHints":{"allow":["GET"]}}],"collection":[{"href":"https:\/\/labostera.lt\/lv\/wp-json\/wp\/v2\/product"}],"about":[{"href":"https:\/\/labostera.lt\/lv\/wp-json\/wp\/v2\/types\/product"}],"wp:featuredmedia":[{"embeddable":true,"href":"https:\/\/labostera.lt\/lv\/wp-json\/wp\/v2\/media\/21713"}],"wp:attachment":[{"href":"https:\/\/labostera.lt\/lv\/wp-json\/wp\/v2\/media?parent=21710"}],"wp:term":[{"taxonomy":"product_cat","embeddable":true,"href":"https:\/\/labostera.lt\/lv\/wp-json\/wp\/v2\/product_cat?post=21710"},{"taxonomy":"product_tag","embeddable":true,"href":"https:\/\/labostera.lt\/lv\/wp-json\/wp\/v2\/product_tag?post=21710"}],"curies":[{"name":"wp","href":"https:\/\/api.w.org\/{rel}","templated":true}]}}