{"id":21703,"date":"2024-10-16T11:41:58","date_gmt":"2024-10-16T08:41:58","guid":{"rendered":"http:\/\/labostera.lt\/?post_type=product&#038;p=21703"},"modified":"2024-10-16T11:49:48","modified_gmt":"2024-10-16T08:49:48","slug":"universali-testavimo-masina-up-h-serija","status":"publish","type":"product","link":"https:\/\/labostera.lt\/lv\/priemones-ir-iranga\/laboratorine-iranga\/medziagotyra\/mechaniniu-savybiu-tyrimo-iranga\/universali-testavimo-masina-up-h-serija\/","title":{"rendered":"Univers\u0101la test\u0113\u0161anas iek\u0101rta UP-H s\u0113rijai"},"content":{"rendered":"<p>UP-H s\u0113rijas univers\u0101l\u0101 test\u0113\u0161anas iek\u0101rta ir \u012bpa\u0161i izstr\u0101d\u0101ta gan statisko, gan dinamisko testu veik\u0161anai, kas ietver stiepes, spiedes un lieces testus da\u017e\u0101diem materi\u0101liem. Pateicoties to elast\u012bbai un progres\u012bvajam dizainam, \u0161\u012bs iek\u0101rtas ir piem\u0113rotas gan zin\u0101tniskiem p\u0113t\u012bjumiem, gan r\u016bpnieciskiem testiem, kuriem nepiecie\u0161ama precizit\u0101te un uzticam\u012bba. Ier\u012bces jauda var sasniegt pat 3000 kN.<\/p>\n<p>Ma\u0161\u012bn\u0101m ir hidrauliska piedzi\u0146a, kas nodro\u0161ina stabilu un vienm\u0113r\u012bgu sp\u0113ka padevi test\u0113\u0161anas laik\u0101. Ma\u0161\u012bnas vad\u012bbas sist\u0113ma \u013cauj prec\u012bzi piel\u0101got testa parametrus un uzraudz\u012bt rezult\u0101tus re\u0101llaik\u0101, t\u0101d\u0113j\u0101di garant\u0113jot augstu testa atk\u0101rtojam\u012bbu. Turkl\u0101t \u0161\u012b s\u0113rija atbilst augst\u0101kajiem starptautiskajiem standartiem, padarot to piem\u0113rotu kvalit\u0101tes kontroles proced\u016br\u0101m da\u017e\u0101d\u0101s nozar\u0113s.<\/p>\n<p>UP-H s\u0113rijas specifisk\u0101 ietilp\u012bba un tehnisk\u0101s iesp\u0113jas ir atkar\u012bgas no konkr\u0113t\u0101 mode\u013ca, \u013caujot jums izv\u0113l\u0113ties optim\u0101lu risin\u0101jumu atbilsto\u0161i j\u016bsu \u012bpa\u0161aj\u0101m vajadz\u012bb\u0101m. Tas nodro\u0161ina maksim\u0101lu veiktsp\u0113ju un darb\u012bbas efektivit\u0101ti pat vispras\u012bg\u0101kajos testos.<\/p>\n<p>&nbsp;<\/p>\n<p>&nbsp;<\/p>","protected":false},"excerpt":{"rendered":"<p>Univers\u0101l\u0101 UP-H s\u0113rijas test\u0113\u0161anas iek\u0101rta ir paredz\u0113ta statiskiem un dinamiskiem stiepes, spiedes un lieces testiem. \u0160\u012bs iek\u0101rtas ir paredz\u0113tas maksim\u0101lai prec\u012bzai materi\u0101lu anal\u012bzei, atbilstot augstiem r\u016bpniec\u012bbas standartiem. Tie ir piem\u0113roti gan laboratorijas, gan r\u016bpniecisk\u0101s p\u0113tniec\u012bbas jom\u0101m, nodro\u0161inot uzticamus un reproduc\u0113jamus rezult\u0101tus. Ier\u012bces jauda var sasniegt pat 3000 kN.<\/p>","protected":false},"featured_media":21701,"template":"","meta":[],"product_cat":[138,86],"product_tag":[],"class_list":{"0":"post-21703","1":"product","2":"type-product","3":"status-publish","4":"has-post-thumbnail","6":"product_cat-mechaniniu-savybiu-tyrimo-iranga","7":"product_cat-medziagotyra","9":"first","10":"instock","11":"shipping-taxable","12":"product-type-simple"},"_links":{"self":[{"href":"https:\/\/labostera.lt\/lv\/wp-json\/wp\/v2\/product\/21703","targetHints":{"allow":["GET"]}}],"collection":[{"href":"https:\/\/labostera.lt\/lv\/wp-json\/wp\/v2\/product"}],"about":[{"href":"https:\/\/labostera.lt\/lv\/wp-json\/wp\/v2\/types\/product"}],"wp:featuredmedia":[{"embeddable":true,"href":"https:\/\/labostera.lt\/lv\/wp-json\/wp\/v2\/media\/21701"}],"wp:attachment":[{"href":"https:\/\/labostera.lt\/lv\/wp-json\/wp\/v2\/media?parent=21703"}],"wp:term":[{"taxonomy":"product_cat","embeddable":true,"href":"https:\/\/labostera.lt\/lv\/wp-json\/wp\/v2\/product_cat?post=21703"},{"taxonomy":"product_tag","embeddable":true,"href":"https:\/\/labostera.lt\/lv\/wp-json\/wp\/v2\/product_tag?post=21703"}],"curies":[{"name":"wp","href":"https:\/\/api.w.org\/{rel}","templated":true}]}}