{"id":21700,"date":"2024-10-16T11:37:24","date_gmt":"2024-10-16T08:37:24","guid":{"rendered":"http:\/\/labostera.lt\/?post_type=product&#038;p=21700"},"modified":"2024-10-16T11:50:11","modified_gmt":"2024-10-16T08:50:11","slug":"universali-testavimo-masina-up-e-serija","status":"publish","type":"product","link":"https:\/\/labostera.lt\/lv\/priemones-ir-iranga\/laboratorine-iranga\/medziagotyra\/mechaniniu-savybiu-tyrimo-iranga\/universali-testavimo-masina-up-e-serija\/","title":{"rendered":"Univers\u0101la test\u0113\u0161anas iek\u0101rta UP-E s\u0113rijai"},"content":{"rendered":"<p>Formtest UP-E s\u0113rijas univers\u0101l\u0101 test\u0113\u0161anas iek\u0101rta ir augstas kvalit\u0101tes laboratorijas un r\u016bpniecisk\u0101 iek\u0101rta da\u017e\u0101du materi\u0101lu meh\u0101niskai test\u0113\u0161anai. UP-E s\u0113rijas iek\u0101rtas \u013cauj veikt gan stiepes, gan spiedes testus ar da\u017e\u0101d\u0101m sp\u0113ka pras\u012bb\u0101m. Ier\u012bces jauda var sasniegt l\u012bdz 50 kN.<\/p>\n<p>\u0160\u012b s\u0113rija pied\u0101v\u0101 uzticamu un viegli lietojamu hidraulisko sist\u0113mu, kas test\u0113\u0161anas laik\u0101 nodro\u0161ina nemain\u012bgu spiedienu. Iek\u0101rtas konstrukcija ir izstr\u0101d\u0101ta, lai atvieglotu da\u017e\u0101du veidu testu veik\u0161anu ar t\u0101diem materi\u0101liem k\u0101 met\u0101li, plastmasa un kompoz\u012btmateri\u0101li. Turkl\u0101t UP-E s\u0113rijas ier\u012bces ir viegli piel\u0101gojamas specifisk\u0101m p\u0113t\u012bjumu vajadz\u012bb\u0101m, pateicoties pla\u0161ajam modifik\u0101ciju kl\u0101stam.<\/p>\n<p>Moderna vad\u012bbas sist\u0113ma ar intuit\u012bvu lietot\u0101ja saskarni \u013cauj prec\u012bzi piel\u0101got parametrus un uzraudz\u012bt testa rezult\u0101tus re\u0101llaik\u0101. Ier\u012bcei ir ar\u012b augsts dro\u0161\u012bbas l\u012bmenis un t\u0101 atbilst starptautiskajiem kvalit\u0101tes un test\u0113\u0161anas standartiem.<\/p>","protected":false},"excerpt":{"rendered":"<p>Univers\u0101l\u0101 UP-E s\u0113rijas test\u0113\u0161anas iek\u0101rta ir paredz\u0113ta prec\u012bzi kontrol\u0113tai stiepes un spiedes test\u0113\u0161anai. \u0160\u012b iek\u0101rta ir \u013coti elast\u012bga, ar da\u017e\u0101d\u0101m mode\u013cu konfigur\u0101cij\u0101m, kas nodro\u0161ina pres\u0113\u0161anas jaudu l\u012bdz 50 kN. Ide\u0101li piem\u0113rota gan laboratorijas, gan r\u016bpnieciskai test\u0113\u0161anai, UP-E s\u0113rija pied\u0101v\u0101 \u0113rtu lieto\u0161anu un augstu uzticam\u012bbu.<\/p>","protected":false},"featured_media":21702,"template":"","meta":[],"product_cat":[138,86],"product_tag":[],"class_list":{"0":"post-21700","1":"product","2":"type-product","3":"status-publish","4":"has-post-thumbnail","6":"product_cat-mechaniniu-savybiu-tyrimo-iranga","7":"product_cat-medziagotyra","9":"first","10":"instock","11":"shipping-taxable","12":"product-type-simple"},"_links":{"self":[{"href":"https:\/\/labostera.lt\/lv\/wp-json\/wp\/v2\/product\/21700","targetHints":{"allow":["GET"]}}],"collection":[{"href":"https:\/\/labostera.lt\/lv\/wp-json\/wp\/v2\/product"}],"about":[{"href":"https:\/\/labostera.lt\/lv\/wp-json\/wp\/v2\/types\/product"}],"wp:featuredmedia":[{"embeddable":true,"href":"https:\/\/labostera.lt\/lv\/wp-json\/wp\/v2\/media\/21702"}],"wp:attachment":[{"href":"https:\/\/labostera.lt\/lv\/wp-json\/wp\/v2\/media?parent=21700"}],"wp:term":[{"taxonomy":"product_cat","embeddable":true,"href":"https:\/\/labostera.lt\/lv\/wp-json\/wp\/v2\/product_cat?post=21700"},{"taxonomy":"product_tag","embeddable":true,"href":"https:\/\/labostera.lt\/lv\/wp-json\/wp\/v2\/product_tag?post=21700"}],"curies":[{"name":"wp","href":"https:\/\/api.w.org\/{rel}","templated":true}]}}