{"id":21696,"date":"2024-10-16T11:11:56","date_gmt":"2024-10-16T08:11:56","guid":{"rendered":"http:\/\/labostera.lt\/?post_type=product&#038;p=21696"},"modified":"2024-10-16T11:14:38","modified_gmt":"2024-10-16T08:14:38","slug":"universali-testavimo-masina-up-6300-fk-4dh","status":"publish","type":"product","link":"https:\/\/labostera.lt\/lv\/priemones-ir-iranga\/laboratorine-iranga\/medziagotyra\/mechaniniu-savybiu-tyrimo-iranga\/universali-testavimo-masina-up-6300-fk-4dh\/","title":{"rendered":"Univers\u0101la test\u0113\u0161anas iek\u0101rta UP-6300-FK-4DH"},"content":{"rendered":"<p>Univers\u0101l\u0101 test\u0113\u0161anas iek\u0101rta UP-6300-FK-4DH ir \u0101rk\u0101rt\u012bgi lielas ietilp\u012bbas ier\u012bce stiepes un spiedes test\u0113\u0161anai, sasniedzot sp\u0113ku l\u012bdz 6300 kN. Pateicoties \u0161im \u0101rk\u0101rt\u012bgi jaud\u012bgajam risin\u0101jumam, iek\u0101rta var veikt testus ar da\u017e\u0101diem materi\u0101liem, tostarp met\u0101lu, plastmasu un kompoz\u012btmateri\u0101liem, kuriem nepiecie\u0161ams liels sp\u0113ks.<\/p>\n<p>\u0160\u012b ier\u012bce ir apr\u012bkota ar \u010detr\u0101m testa stacij\u0101m (4DH), kas \u013cauj vienlaikus veikt vair\u0101kus testus, kas ir \u012bpa\u0161i noder\u012bgi laboratorij\u0101s ar lielu caurlaidsp\u0113ju. Hidraulisk\u0101 piedzi\u0146a un modern\u0101 vad\u012bbas sist\u0113ma nodro\u0161ina vienm\u0113r\u012bgu sp\u0113ka sadal\u012bjumu un past\u0101v\u012bgu kontroli testa laik\u0101, garant\u0113jot precizit\u0101ti un atk\u0101rtojam\u012bbu.<\/p>\n<p>UP-6300-FK-4DH ir \u012bpa\u0161i izstr\u0101d\u0101ts laboratorij\u0101m un nozar\u0113m, kur\u0101m nepiecie\u0161ama \u0101rk\u0101rt\u012bgi liela meh\u0101nisk\u0101s test\u0113\u0161anas jauda. Iek\u0101rta ir uzticama, ergonomiska un viegli piel\u0101gojama da\u017e\u0101d\u0101m test\u0113\u0161anas pras\u012bb\u0101m.<\/p>\n<h4>Specifik\u0101ciju tabula<\/h4>\n<table>\n<thead>\n<tr>\n<th>Parametrs<\/th>\n<th>V\u0113rt\u012bba<\/th>\n<\/tr>\n<\/thead>\n<tbody>\n<tr>\n<td>Maksim\u0101l\u0101 ietilp\u012bba<\/td>\n<td>6300 kN<\/td>\n<\/tr>\n<tr>\n<td>Test\u0113\u0161anas staciju skaits<\/td>\n<td>4<\/td>\n<\/tr>\n<tr>\n<td>Testu veidi<\/td>\n<td>Stiepes, saspie\u0161anas<\/td>\n<\/tr>\n<tr>\n<td>Apr\u012bkojums<\/td>\n<td>Hidraulisk\u0101<\/td>\n<\/tr>\n<tr>\n<td>Pielietojuma jomas<\/td>\n<td>Laboratorijas un r\u016bpnieciskie p\u0113t\u012bjumi<\/td>\n<\/tr>\n<\/tbody>\n<\/table>\n<p>&nbsp;<\/p>","protected":false},"excerpt":{"rendered":"<p>Univers\u0101l\u0101 test\u0113\u0161anas iek\u0101rta UP-6300-FK-4DH ir paredz\u0113ta \u0101rk\u0101rt\u012bgi jaud\u012bgiem stiepes un spiedes testiem, sasniedzot jaudu l\u012bdz 6300 kN. \u0160\u012b iek\u0101rta ir piel\u0101gota da\u017e\u0101du materi\u0101lu test\u0113\u0161anai, nodro\u0161inot prec\u012bzu kontroli un rezult\u0101tu atk\u0101rtojam\u012bbu. \u010cetru staciju test\u0113\u0161anas sist\u0113ma nodro\u0161ina liel\u0101ku elast\u012bbu laboratorijas un r\u016bpnieciskajiem testiem.<\/p>","protected":false},"featured_media":21697,"template":"","meta":[],"product_cat":[138,86],"product_tag":[],"class_list":{"0":"post-21696","1":"product","2":"type-product","3":"status-publish","4":"has-post-thumbnail","6":"product_cat-mechaniniu-savybiu-tyrimo-iranga","7":"product_cat-medziagotyra","9":"first","10":"instock","11":"shipping-taxable","12":"product-type-simple"},"_links":{"self":[{"href":"https:\/\/labostera.lt\/lv\/wp-json\/wp\/v2\/product\/21696","targetHints":{"allow":["GET"]}}],"collection":[{"href":"https:\/\/labostera.lt\/lv\/wp-json\/wp\/v2\/product"}],"about":[{"href":"https:\/\/labostera.lt\/lv\/wp-json\/wp\/v2\/types\/product"}],"wp:featuredmedia":[{"embeddable":true,"href":"https:\/\/labostera.lt\/lv\/wp-json\/wp\/v2\/media\/21697"}],"wp:attachment":[{"href":"https:\/\/labostera.lt\/lv\/wp-json\/wp\/v2\/media?parent=21696"}],"wp:term":[{"taxonomy":"product_cat","embeddable":true,"href":"https:\/\/labostera.lt\/lv\/wp-json\/wp\/v2\/product_cat?post=21696"},{"taxonomy":"product_tag","embeddable":true,"href":"https:\/\/labostera.lt\/lv\/wp-json\/wp\/v2\/product_tag?post=21696"}],"curies":[{"name":"wp","href":"https:\/\/api.w.org\/{rel}","templated":true}]}}