{"id":21688,"date":"2024-10-02T16:14:44","date_gmt":"2024-10-02T13:14:44","guid":{"rendered":"http:\/\/labostera.lt\/?post_type=product&#038;p=21688"},"modified":"2024-10-16T11:11:29","modified_gmt":"2024-10-16T08:11:29","slug":"universali-testavimo-masina-up-400","status":"publish","type":"product","link":"https:\/\/labostera.lt\/lv\/priemones-ir-iranga\/laboratorine-iranga\/medziagotyra\/mechaniniu-savybiu-tyrimo-iranga\/universali-testavimo-masina-up-400\/","title":{"rendered":"Univers\u0101l\u0101 test\u0113\u0161anas iek\u0101rta UP-400"},"content":{"rendered":"<p>Formtest univers\u0101l\u0101 test\u0113\u0161anas iek\u0101rta UP-400 ir augstas kvalit\u0101tes iek\u0101rta gan stiepes, gan spiedes test\u0113\u0161anai. Ar maksim\u0101lo sp\u0113ku 400 kN \u0161\u012b iek\u0101rta nodro\u0161ina lieliskas iesp\u0113jas da\u017e\u0101du meh\u0101nisko testu veik\u0161anai. Ier\u012bce ir paredz\u0113ta laboratorijas un r\u016bpnieciskiem p\u0113t\u012bjumiem, nodro\u0161inot precizit\u0101ti un atk\u0101rtojam\u012bbu.<\/p>\n<p>Ma\u0161\u012bna ir apr\u012bkota ar hidraulisko piedzi\u0146u, kas nodro\u0161ina past\u0101v\u012bgu spiediena padevi un nemain\u012bgu \u0101trumu. Visus testa parametrus var prec\u012bzi piel\u0101got, un datu uzraudz\u012bba un p\u0101rvald\u012bba tiek veikta, izmantojot vienk\u0101r\u0161u un intuit\u012bvu vad\u012bbas saskarni.<\/p>\n<p>UP-400 ir daudzpus\u012bgs un to var piel\u0101got da\u017e\u0101du materi\u0101lu, piem\u0113ram, met\u0101lu, kompoz\u012btmateri\u0101lu un plastmasu, meh\u0101niskai p\u0101rbaudei. \u0160\u012b ier\u012bce atbilst starptautiskajiem kvalit\u0101tes standartiem, padarot to ide\u0101li piem\u0113rotu gan zin\u0101tniskiem p\u0113t\u012bjumiem, gan ra\u017eo\u0161anas kvalit\u0101tes kontrolei.<\/p>\n<h4>Specifik\u0101ciju tabula<\/h4>\n<table>\n<thead>\n<tr>\n<th>Parametrs<\/th>\n<th>V\u0113rt\u012bba<\/th>\n<\/tr>\n<\/thead>\n<tbody>\n<tr>\n<td>Maksim\u0101l\u0101 ietilp\u012bba<\/td>\n<td>400 kN<\/td>\n<\/tr>\n<tr>\n<td>Testu veidi<\/td>\n<td>Stiepes, saspie\u0161anas<\/td>\n<\/tr>\n<tr>\n<td>Apr\u012bkojums<\/td>\n<td>Hidraulisk\u0101<\/td>\n<\/tr>\n<tr>\n<td>Pielietojuma jomas<\/td>\n<td>Laboratorijas un r\u016bpnieciskie p\u0113t\u012bjumi<\/td>\n<\/tr>\n<\/tbody>\n<\/table>","protected":false},"excerpt":{"rendered":"<p>Univers\u0101l\u0101 test\u0113\u0161anas iek\u0101rta UP-400 ir paredz\u0113ta da\u017e\u0101du materi\u0101lu stiepes un spiedes test\u0113\u0161anai. Ier\u012bcei ir liela jauda \u2014 400 kN, kas padara to piem\u0113rotu laboratorijas un r\u016bpnieciskiem p\u0113t\u012bjumiem. Uzticama hidraulisk\u0101 sist\u0113ma un vienk\u0101r\u0161a vad\u012bbas saskarne \u013cauj prec\u012bzi un \u0101tri piel\u0101got testa parametrus.<\/p>","protected":false},"featured_media":21694,"template":"","meta":[],"product_cat":[138,86],"product_tag":[],"class_list":{"0":"post-21688","1":"product","2":"type-product","3":"status-publish","4":"has-post-thumbnail","6":"product_cat-mechaniniu-savybiu-tyrimo-iranga","7":"product_cat-medziagotyra","9":"first","10":"instock","11":"shipping-taxable","12":"product-type-simple"},"_links":{"self":[{"href":"https:\/\/labostera.lt\/lv\/wp-json\/wp\/v2\/product\/21688","targetHints":{"allow":["GET"]}}],"collection":[{"href":"https:\/\/labostera.lt\/lv\/wp-json\/wp\/v2\/product"}],"about":[{"href":"https:\/\/labostera.lt\/lv\/wp-json\/wp\/v2\/types\/product"}],"wp:featuredmedia":[{"embeddable":true,"href":"https:\/\/labostera.lt\/lv\/wp-json\/wp\/v2\/media\/21694"}],"wp:attachment":[{"href":"https:\/\/labostera.lt\/lv\/wp-json\/wp\/v2\/media?parent=21688"}],"wp:term":[{"taxonomy":"product_cat","embeddable":true,"href":"https:\/\/labostera.lt\/lv\/wp-json\/wp\/v2\/product_cat?post=21688"},{"taxonomy":"product_tag","embeddable":true,"href":"https:\/\/labostera.lt\/lv\/wp-json\/wp\/v2\/product_tag?post=21688"}],"curies":[{"name":"wp","href":"https:\/\/api.w.org\/{rel}","templated":true}]}}