{"id":21684,"date":"2024-10-02T16:12:11","date_gmt":"2024-10-02T13:12:11","guid":{"rendered":"http:\/\/labostera.lt\/?post_type=product&#038;p=21684"},"modified":"2024-10-02T16:13:59","modified_gmt":"2024-10-02T13:13:59","slug":"lenkimo-testavimo-masina-up-200-hk-2","status":"publish","type":"product","link":"https:\/\/labostera.lt\/lv\/priemones-ir-iranga\/laboratorine-iranga\/medziagotyra\/mechaniniu-savybiu-tyrimo-iranga\/lenkimo-testavimo-masina-up-200-hk-2\/","title":{"rendered":"Liek\u0161anas p\u0101rbaudes iek\u0101rta UP-200-HK-2"},"content":{"rendered":"<p>Formtest ra\u017eot\u0101 UP-200-HK-2 lieces p\u0101rbaudes iek\u0101rta ir paredz\u0113ta prec\u012bzai lieces p\u0101rbau\u017eu veik\u0161anai laboratorijas apst\u0101k\u013cos. Maksim\u0101l\u0101 pres\u0113\u0161anas jauda 200 kN \u013cauj prec\u012bzi kontrol\u0113t spiedienu test\u0113\u0161anas laik\u0101, nodro\u0161inot augstas kvalit\u0101tes un atk\u0101rtojamus rezult\u0101tus. Iek\u0101rtai ir divas test\u0113\u0161anas stacijas, kas \u013cauj vienlaikus test\u0113t da\u017e\u0101dus paraugus, palielinot darba efektivit\u0101ti.<\/p>\n<p>Automatiz\u0113t\u0101 hidraulisk\u0101 sist\u0113ma nodro\u0161ina, ka pres\u0113\u0161anas process norit stabili un bez p\u0101rtraukumiem. Ergonomisks dizains un vienk\u0101r\u0161s lietot\u0101ja interfeiss nodro\u0161ina \u0113rtu un dro\u0161u iek\u0101rtas lieto\u0161anu. UP-200-HK-2 ir ide\u0101li piem\u0113rots laboratorij\u0101m, kur\u0101m nepiecie\u0161ama augsta pres\u0113\u0161anas jauda un precizit\u0101te materi\u0101lu lieces testos.<\/p>\n<h4>Specifik\u0101ciju tabula<\/h4>\n<table>\n<thead>\n<tr>\n<th>Parametrs<\/th>\n<th>V\u0113rt\u012bba<\/th>\n<\/tr>\n<\/thead>\n<tbody>\n<tr>\n<td>Test\u0113\u0161anas vietu skaits<\/td>\n<td>2<\/td>\n<\/tr>\n<tr>\n<td>Maksim\u0101l\u0101 pres\u0113\u0161anas jauda<\/td>\n<td>200 kN<\/td>\n<\/tr>\n<tr>\n<td>Spiediena kontroles sist\u0113ma<\/td>\n<td>Hidraulisk\u0101<\/td>\n<\/tr>\n<\/tbody>\n<\/table>\n<p>&nbsp;<\/p>","protected":false},"excerpt":{"rendered":"<p>UP-200-HK-2 lieces p\u0101rbaudes iek\u0101rta nodro\u0161ina prec\u012bzus un uzticamus materi\u0101lu lieces testus. \u0160ai iek\u0101rtai ir augsta pres\u0113\u0161anas jauda \u2014 200 kN, un t\u0101 \u013cauj efekt\u012bvi p\u0101rbaud\u012bt divus paraugus vienlaikus. Automatiz\u0113t\u0101 hidraulisk\u0101 sist\u0113ma nodro\u0161ina stabilu un prec\u012bzu pres\u0113\u0161anu test\u0113\u0161anas laik\u0101.<\/p>","protected":false},"featured_media":21685,"template":"","meta":[],"product_cat":[138,86],"product_tag":[],"class_list":{"0":"post-21684","1":"product","2":"type-product","3":"status-publish","4":"has-post-thumbnail","6":"product_cat-mechaniniu-savybiu-tyrimo-iranga","7":"product_cat-medziagotyra","9":"first","10":"instock","11":"shipping-taxable","12":"product-type-simple"},"_links":{"self":[{"href":"https:\/\/labostera.lt\/lv\/wp-json\/wp\/v2\/product\/21684","targetHints":{"allow":["GET"]}}],"collection":[{"href":"https:\/\/labostera.lt\/lv\/wp-json\/wp\/v2\/product"}],"about":[{"href":"https:\/\/labostera.lt\/lv\/wp-json\/wp\/v2\/types\/product"}],"wp:featuredmedia":[{"embeddable":true,"href":"https:\/\/labostera.lt\/lv\/wp-json\/wp\/v2\/media\/21685"}],"wp:attachment":[{"href":"https:\/\/labostera.lt\/lv\/wp-json\/wp\/v2\/media?parent=21684"}],"wp:term":[{"taxonomy":"product_cat","embeddable":true,"href":"https:\/\/labostera.lt\/lv\/wp-json\/wp\/v2\/product_cat?post=21684"},{"taxonomy":"product_tag","embeddable":true,"href":"https:\/\/labostera.lt\/lv\/wp-json\/wp\/v2\/product_tag?post=21684"}],"curies":[{"name":"wp","href":"https:\/\/api.w.org\/{rel}","templated":true}]}}