{"id":21680,"date":"2024-10-02T15:35:37","date_gmt":"2024-10-02T12:35:37","guid":{"rendered":"http:\/\/labostera.lt\/?post_type=product&#038;p=21680"},"modified":"2024-10-02T16:00:26","modified_gmt":"2024-10-02T13:00:26","slug":"universali-testavimo-masina-up-50-hk-2dh","status":"publish","type":"product","link":"https:\/\/labostera.lt\/lv\/priemones-ir-iranga\/laboratorine-iranga\/medziagotyra\/mechaniniu-savybiu-tyrimo-iranga\/universali-testavimo-masina-up-50-hk-2dh\/","title":{"rendered":"Univers\u0101la test\u0113\u0161anas iek\u0101rta UP-50-HK-2DH"},"content":{"rendered":"<p>Formtest laboratorijas hidraulisk\u0101 prese UP-50-HK-2DH ir paredz\u0113ta prec\u012bzai spiediena p\u0101rbaudei da\u017e\u0101dos laboratorijas p\u0113t\u012bjumos. \u0160\u012b ier\u012bce ir paredz\u0113ta laboratorij\u0101m, kur\u0101s nepiecie\u0161ama uzticama un prec\u012bza spiediena kontrole materi\u0101lu test\u0113\u0161anas laik\u0101. UP-50-HK-2DH pied\u0101v\u0101 automatiz\u0113tu divu test\u0113\u0161anas staciju risin\u0101jumu, kas \u013cauj vienlaikus str\u0101d\u0101t ar da\u017e\u0101diem paraugiem.<\/p>\n<p>Iek\u0101rta ir apr\u012bkota ar modernu hidraulisko sist\u0113mu, kas \u013cauj stabili kontrol\u0113t pres\u0113\u0161anas procesus un nodro\u0161ina prec\u012bzu un vienm\u0113r\u012bgu spiediena sadal\u012bjumu. Ergonomiskais dizains ar skaidri saprotamu lietot\u0101ja saskarni padara ier\u012bci \u0113rti lietojamu. Pateicoties t\u0101s tehniskajiem parametriem un dizainam, \u0161\u012b iek\u0101rta ir lieliski piem\u0113rota p\u0113tniec\u012bbas laboratorij\u0101m, kur ir svar\u012bgi pan\u0101kt precizit\u0101ti un atk\u0101rtojam\u012bbu.<\/p>\n<h4>Specifik\u0101ciju tabula<\/h4>\n<table>\n<thead>\n<tr>\n<th>Parametrs<\/th>\n<th>V\u0113rt\u012bba<\/th>\n<\/tr>\n<\/thead>\n<tbody>\n<tr>\n<td>Test\u0113\u0161anas vietu skaits<\/td>\n<td>2<\/td>\n<\/tr>\n<tr>\n<td>Testa jauda<\/td>\n<td>50 kN<\/td>\n<\/tr>\n<tr>\n<td>Spiediena kontroles sist\u0113ma<\/td>\n<td>Hidraulisk\u0101<\/td>\n<\/tr>\n<\/tbody>\n<\/table>","protected":false},"excerpt":{"rendered":"<p>Univers\u0101l\u0101 test\u0113\u0161anas iek\u0101rta UP-50-HK-2DH ir paredz\u0113ta prec\u012bzai un uzticamai materi\u0101lu test\u0113\u0161anai. \u0160\u012b ier\u012bce tiek izmantota medic\u012bnas un r\u016bpniec\u012bbas laboratorij\u0101s, kur nepiecie\u0161ama prec\u012bza spiediena kontrole. Iek\u0101rta nodro\u0161ina atk\u0101rtojam\u012bbu un stabilit\u0101ti da\u017e\u0101dos testos, izmantojot automatiz\u0113tu hidraulisko sist\u0113mu.<\/p>","protected":false},"featured_media":21681,"template":"","meta":[],"product_cat":[138,86],"product_tag":[],"class_list":{"0":"post-21680","1":"product","2":"type-product","3":"status-publish","4":"has-post-thumbnail","6":"product_cat-mechaniniu-savybiu-tyrimo-iranga","7":"product_cat-medziagotyra","9":"first","10":"instock","11":"shipping-taxable","12":"product-type-simple"},"_links":{"self":[{"href":"https:\/\/labostera.lt\/lv\/wp-json\/wp\/v2\/product\/21680","targetHints":{"allow":["GET"]}}],"collection":[{"href":"https:\/\/labostera.lt\/lv\/wp-json\/wp\/v2\/product"}],"about":[{"href":"https:\/\/labostera.lt\/lv\/wp-json\/wp\/v2\/types\/product"}],"wp:featuredmedia":[{"embeddable":true,"href":"https:\/\/labostera.lt\/lv\/wp-json\/wp\/v2\/media\/21681"}],"wp:attachment":[{"href":"https:\/\/labostera.lt\/lv\/wp-json\/wp\/v2\/media?parent=21680"}],"wp:term":[{"taxonomy":"product_cat","embeddable":true,"href":"https:\/\/labostera.lt\/lv\/wp-json\/wp\/v2\/product_cat?post=21680"},{"taxonomy":"product_tag","embeddable":true,"href":"https:\/\/labostera.lt\/lv\/wp-json\/wp\/v2\/product_tag?post=21680"}],"curies":[{"name":"wp","href":"https:\/\/api.w.org\/{rel}","templated":true}]}}