{"id":21666,"date":"2024-09-27T11:15:37","date_gmt":"2024-09-27T08:15:37","guid":{"rendered":"http:\/\/labostera.lt\/?post_type=product&#038;p=21666"},"modified":"2024-09-27T11:43:06","modified_gmt":"2024-09-27T08:43:06","slug":"universalios-testavimo-masinos-ttm-serija","status":"publish","type":"product","link":"https:\/\/labostera.lt\/lv\/priemones-ir-iranga\/laboratorine-iranga\/medziagotyra\/mechaniniu-savybiu-tyrimo-iranga\/universalios-testavimo-masinos-ttm-serija\/","title":{"rendered":"Univers\u0101l\u0101 test\u0113\u0161anas iek\u0101rta TTM s\u0113rija"},"content":{"rendered":"<p><strong>Univers\u0101l\u0101 test\u0113\u0161anas iek\u0101rta TTM s\u0113rija<\/strong> ir \u012bpa\u0161i izstr\u0101d\u0101ti, lai veiktu da\u017e\u0101dus materi\u0101lu meh\u0101niskos testus saska\u0146\u0101 ar starptautiskajiem standartiem. Ma\u0161\u012bn\u0101m ir servohidraulisk\u0101 sist\u0113ma, kas nodro\u0161ina nevainojamu precizit\u0101ti stiepes, spiedes, lieces un citos sp\u0113ka testos.<\/p>\n<p>\u0160\u012bs iek\u0101rtas ir lieliski piem\u0113rotas lieto\u0161anai p\u0113tniec\u012bbas un att\u012bst\u012bbas laboratorij\u0101s, akad\u0113miskaj\u0101s iest\u0101d\u0113s un r\u016bpniecisk\u0101s ra\u017eo\u0161anas vid\u0113. <strong>TTM s\u0113rija<\/strong> Ier\u012bces \u013cauj veikt ne tikai standarta, bet ar\u012b nestandarta testus, un to modul\u0101r\u0101 strukt\u016bra \u013cauj iek\u0101rtu viegli piel\u0101got konkr\u0113t\u0101m vajadz\u012bb\u0101m.<\/p>\n<p>Viens no galvenajiem <strong>TTM s\u0113rija<\/strong> Viena no priek\u0161roc\u012bb\u0101m ir sp\u0113ja veikt testus ar lieliem un \u013coti iztur\u012bgiem materi\u0101liem. Izmantojot hidraulisko sp\u0113ka p\u0101rvades sist\u0113mu, \u0161\u012b ma\u0161\u012bnu s\u0113rija \u013cauj prec\u012bzi kontrol\u0113t sp\u0113ku, vienlaikus saglab\u0101jot augstu precizit\u0101ti un test\u0113\u0161anas procesa stabilit\u0101ti. <strong>Veidlapa + tests<\/strong> Programmat\u016bra nodro\u0161ina vienk\u0101r\u0161u un intuit\u012bvu kontroli un testa rezult\u0101tu uzraudz\u012bbu re\u0101llaik\u0101.<\/p>\n<p><strong>TTM s\u0113rija<\/strong> Ier\u012bces ir piel\u0101gojamas konkr\u0113tiem testiem saska\u0146\u0101 ar starptautiskajiem standartiem un pied\u0101v\u0101 da\u017e\u0101das sp\u0113ka diapazona iesp\u0113jas. Liel\u0101kajai da\u013cai iek\u0101rtu ir modul\u0101ra konstrukcija, kas \u013cauj integr\u0113t papildu piederumus un piel\u0101got da\u017e\u0101du izm\u0113ru un formu testa paraugus. \u0160\u012bs iek\u0101rtas izce\u013cas ar\u012b ar savu uzticam\u012bbu un augsto precizit\u0101ti, kas ir \u013coti svar\u012bgi testu veik\u0161anai, kuriem nepiecie\u0161ama augsta precizit\u0101te.<\/p>\n<p><strong>Galven\u0101s iez\u012bmes:<\/strong><\/p>\n<ul>\n<li><strong>Precizit\u0101te un uzticam\u012bba:<\/strong> Servohidraulisk\u0101 sist\u0113ma nodro\u0161ina augstu precizit\u0101ti un uzticam\u012bbu test\u0113\u0161an\u0101.<\/li>\n<li><strong>Pla\u0161s pielietojums:<\/strong> Var izmantot stiepes, spiedes, lieces un citiem testiem da\u017e\u0101diem materi\u0101liem.<\/li>\n<li><strong>Modul\u0101ra strukt\u016bra:<\/strong> Viegli piel\u0101gojams da\u017e\u0101diem test\u0113\u0161anas apst\u0101k\u013ciem un pras\u012bb\u0101m.<\/li>\n<li><strong>Ergonomisks dizains:<\/strong> Intuit\u012bva vad\u012bba un vienk\u0101r\u0161a piel\u0101go\u0161ana ar <strong>Veidlapa + tests<\/strong> programmat\u016bra.<\/li>\n<li><strong>Augstas kvalit\u0101tes konstrukcija:<\/strong> Iztur\u012bgi materi\u0101li nodro\u0161ina ilgsto\u0161u lieto\u0161anu un uzticam\u012bbu pat sare\u017e\u0123\u012btos apst\u0101k\u013cos.<\/li>\n<\/ul>\n<hr \/>\n<h4>Pieejamie mode\u013ci:<\/h4>\n<table>\n<thead>\n<tr>\n<td><strong>Modelis<\/strong><\/td>\n<\/tr>\n<\/thead>\n<tbody>\n<tr>\n<td><strong>TTM 250 PK-2<\/strong><\/td>\n<\/tr>\n<tr>\n<td><strong>TTM 250 HK-2<\/strong><\/td>\n<\/tr>\n<tr>\n<td><strong>TTM 600<\/strong><\/td>\n<\/tr>\n<tr>\n<td><strong>TTM 600-2<\/strong><\/td>\n<\/tr>\n<tr>\n<td><strong>UP 600 PK-2<\/strong><\/td>\n<\/tr>\n<tr>\n<td><strong>TTM 1000 HK-4<\/strong><\/td>\n<\/tr>\n<tr>\n<td><strong>TTM 1200<\/strong><\/td>\n<\/tr>\n<tr>\n<td><strong>TTM 2000<\/strong><\/td>\n<\/tr>\n<tr>\n<td><strong>TTM 2000 PK-4<\/strong><\/td>\n<\/tr>\n<tr>\n<td><strong>TTM 3000 PK-4<\/strong><\/td>\n<\/tr>\n<tr>\n<td><strong>TTM 2500-4<\/strong><\/td>\n<\/tr>\n<tr>\n<td><strong>TTM 3000 HK-4<\/strong><\/td>\n<\/tr>\n<\/tbody>\n<\/table>\n<p><strong>Programmat\u016bra un p\u0101rvald\u012bba:<\/strong><\/p>\n<p><strong>Veidlapa + tests<\/strong> izmantot\u0101 programmat\u016bra <strong>TTM s\u0113rija<\/strong> ma\u0161\u012bnas, \u013cauj veikt anal\u012bzi re\u0101llaik\u0101, uzraudz\u012bt test\u0113\u0161anas progresu un \u0123ener\u0113t prec\u012bzus p\u0101rskatus. Tas \u013cauj efekt\u012bvi uzraudz\u012bt testa rezult\u0101tus un piel\u0101got parametrus test\u0113\u0161anas laik\u0101.<\/p>\n<p><strong>Lieto\u0161anas jomas:<\/strong><\/p>\n<ul>\n<li><strong>B\u016bvmateri\u0101li:<\/strong> Betona, t\u0113rauda un citu materi\u0101lu test\u0113\u0161anai.<\/li>\n<li><strong>Automobi\u013cu r\u016bpniec\u012bba:<\/strong> Komponentu iztur\u012bbas un ilgm\u016b\u017e\u012bbas p\u0101rbaude.<\/li>\n<li><strong>Avi\u0101cija:<\/strong> Augstas iztur\u012bbas materi\u0101lu p\u0101rbaude sare\u017e\u0123\u012btos apst\u0101k\u013cos.<\/li>\n<li><strong>Akad\u0113miskaj\u0101s iest\u0101d\u0113s:<\/strong> Zin\u0101tnisk\u0101 p\u0113tniec\u012bba un izgl\u012btojo\u0161as aktivit\u0101tes.<\/li>\n<\/ul>","protected":false},"excerpt":{"rendered":"<p><strong>Univers\u0101l\u0101 test\u0113\u0161anas iek\u0101rta TTM s\u0113rija<\/strong> ir augstas kvalit\u0101tes servohidraulisk\u0101s test\u0113\u0161anas iek\u0101rtas, kas paredz\u0113tas prec\u012bzai un uzticamai da\u017e\u0101du materi\u0101lu meh\u0101nisko testu veik\u0161anai. \u0160\u012b s\u0113rija ir paredz\u0113ta stiepes, spiedes, lieces un citiem stipr\u012bbas testiem. Ma\u0161\u012bnas ir piel\u0101gotas pla\u0161a nozaru kl\u0101sta vajadz\u012bb\u0101m \u2014 s\u0101kot no b\u016bvniec\u012bbas l\u012bdz pat autob\u016bves un avi\u0101cijas r\u016bpniec\u012bbai. <strong>TTM s\u0113rija<\/strong> nodro\u0161ina augstu precizit\u0101ti un konsekventu datu v\u0101k\u0161anu, kas paredz\u0113ta da\u017e\u0101du piederumu un sensoru vienk\u0101r\u0161ai integr\u0113\u0161anai. \u0160ai test\u0113\u0161anas iek\u0101rtai ir ergonomisks dizains, automatiz\u0113tas funkcijas un augstas kvalit\u0101tes servohidraulisk\u0101 sist\u0113ma, kas nodro\u0161ina izcilu veiktsp\u0113ju un uzticam\u012bbu.<\/p>","protected":false},"featured_media":21670,"template":"","meta":[],"product_cat":[138,86],"product_tag":[],"class_list":{"0":"post-21666","1":"product","2":"type-product","3":"status-publish","4":"has-post-thumbnail","6":"product_cat-mechaniniu-savybiu-tyrimo-iranga","7":"product_cat-medziagotyra","9":"first","10":"instock","11":"shipping-taxable","12":"product-type-simple"},"_links":{"self":[{"href":"https:\/\/labostera.lt\/lv\/wp-json\/wp\/v2\/product\/21666","targetHints":{"allow":["GET"]}}],"collection":[{"href":"https:\/\/labostera.lt\/lv\/wp-json\/wp\/v2\/product"}],"about":[{"href":"https:\/\/labostera.lt\/lv\/wp-json\/wp\/v2\/types\/product"}],"wp:featuredmedia":[{"embeddable":true,"href":"https:\/\/labostera.lt\/lv\/wp-json\/wp\/v2\/media\/21670"}],"wp:attachment":[{"href":"https:\/\/labostera.lt\/lv\/wp-json\/wp\/v2\/media?parent=21666"}],"wp:term":[{"taxonomy":"product_cat","embeddable":true,"href":"https:\/\/labostera.lt\/lv\/wp-json\/wp\/v2\/product_cat?post=21666"},{"taxonomy":"product_tag","embeddable":true,"href":"https:\/\/labostera.lt\/lv\/wp-json\/wp\/v2\/product_tag?post=21666"}],"curies":[{"name":"wp","href":"https:\/\/api.w.org\/{rel}","templated":true}]}}