{"id":21570,"date":"2024-09-25T14:29:51","date_gmt":"2024-09-25T11:29:51","guid":{"rendered":"http:\/\/labostera.lt\/?post_type=product&#038;p=21570"},"modified":"2024-09-26T14:13:58","modified_gmt":"2024-09-26T11:13:58","slug":"elektromechanine-medziagu-testavimo-masina-lfm-l-serija","status":"publish","type":"product","link":"https:\/\/labostera.lt\/lv\/priemones-ir-iranga\/laboratorine-iranga\/medziagotyra\/mechaniniu-savybiu-tyrimo-iranga\/elektromechanine-medziagu-testavimo-masina-lfm-l-serija\/","title":{"rendered":"Elektromeh\u0101nisk\u0101 materi\u0101lu p\u0101rbaudes iek\u0101rta LFM-L s\u0113rija"},"content":{"rendered":"<p>Elektromeh\u0101nisk\u0101 materi\u0101lu p\u0101rbaudes iek\u0101rta LFM-L s\u0113rija<strong>\u00a0(l\u012bdz 25 kN)<\/strong> no <strong>Valters+Bai<\/strong> ir specializ\u0113ta maza sp\u0113ka elektromeh\u0101nisk\u0101 materi\u0101lu test\u0113\u0161anas iek\u0101rta, kas paredz\u0113ta pla\u0161a spektra materi\u0101lu test\u0113\u0161anai. T\u0101s galven\u0101s funkcijas ietver stiepes, spiedes, lieces un citus mazsp\u0113ka statisk\u0101s slodzes testus. Pateicoties t\u0101s precizit\u0101tei un uzticam\u012bbai, \u0161\u012b iek\u0101rta tiek pla\u0161i izmantota p\u0113tniec\u012bbas laboratorij\u0101s un r\u016bpniecisk\u0101s kvalit\u0101tes kontroles vid\u0113.<\/p>\n<p><strong>LFM-L s\u0113rija<\/strong> pied\u0101v\u0101 augstu precizit\u0101ti sp\u0113ka diapazon\u0101 l\u012bdz 25 kN un to var izmantot da\u017e\u0101diem materi\u0101liem, tostarp met\u0101liem, plastmasai, kompoz\u012btmateri\u0101liem, tekstilizstr\u0101d\u0101jumiem, gumijai un citiem. \u0160\u012b iek\u0101rta ir paredz\u0113ta maza sp\u0113ka p\u0101rbaudei, piem\u0113ram, elast\u012bgu un m\u012bkstu materi\u0101lu p\u0101rbaudei.<\/p>\n<p><strong>LFM-L s\u0113rijas galven\u0101s iez\u012bmes:<\/strong><\/p>\n<ul>\n<li><strong>Precizit\u0101te pie zem\u0101m slodz\u0113m:<\/strong> Sist\u0113ma ir \u013coti prec\u012bza, \u012bpa\u0161i pie zem\u0101m slodz\u0113m, un t\u0101s precizit\u0101te sasniedz \u00b10,5 %, nodro\u0161inot ticamus rezult\u0101tus.<\/li>\n<li><strong>Digit\u0101l\u0101 vad\u012bbas sist\u0113ma:<\/strong> LFM-L s\u0113rija ir apr\u012bkota ar digit\u0101lo displeju un intuit\u012bvu vad\u012bbas sist\u0113mu, kas \u013cauj \u0101tri iestat\u012bt testa parametrus un uzraudz\u012bt rezult\u0101tu datus re\u0101llaik\u0101.<\/li>\n<li><strong>Pla\u0161s pielietojumu kl\u0101sts:<\/strong> Iek\u0101rta ir piel\u0101gota lieto\u0161anai ar da\u017e\u0101diem satv\u0113r\u0113jiem un piederumiem, kas paredz\u0113ti \u012bpa\u0161u testu veik\u0161anai ar da\u017e\u0101diem materi\u0101liem.<\/li>\n<li><strong>Uzticam\u012bba:<\/strong> Iek\u0101rta ir izgatavota no augstas kvalit\u0101tes komponentiem, kas nodro\u0161ina ilgsto\u0161u un stabilu darb\u012bbu.<\/li>\n<\/ul>\n<p><strong>Tehnisk\u0101s specifik\u0101cijas:<\/strong><\/p>\n<table>\n<thead>\n<tr>\n<th>Specifik\u0101cija<\/th>\n<th>V\u0113rt\u012bba<\/th>\n<\/tr>\n<\/thead>\n<tbody>\n<tr>\n<td>Maksim\u0101lais sp\u0113ks<\/td>\n<td>L\u012bdz 25 kN<\/td>\n<\/tr>\n<tr>\n<td>Testu veidi<\/td>\n<td>Stiep\u0161an\u0101s, saspie\u0161ana, liek\u0161an\u0101s<\/td>\n<\/tr>\n<tr>\n<td>Jaudas precizit\u0101te<\/td>\n<td>\u00b1 0,5 %<\/td>\n<\/tr>\n<tr>\n<td>\u0100truma diapazons<\/td>\n<td>0,001\u2013500 mm\/min<\/td>\n<\/tr>\n<tr>\n<td>Darbpl\u016bsma<\/td>\n<td>L\u012bdz 800 mm<\/td>\n<\/tr>\n<tr>\n<td>Ekr\u0101na tips<\/td>\n<td>Digit\u0101ls ar vad\u012bbas saskarni<\/td>\n<\/tr>\n<tr>\n<td>Vad\u012bbas sist\u0113ma<\/td>\n<td>Programm\u0113jams ar digit\u0101lo vad\u012bbu<\/td>\n<\/tr>\n<tr>\n<td>Programmat\u016bras atbalsts<\/td>\n<td>Windows ar ieb\u016bv\u0113tu datu anal\u012bzes r\u012bku<\/td>\n<\/tr>\n<tr>\n<td>Piederumi<\/td>\n<td>Satv\u0113r\u0113ji, skavas, tenzometrs<\/td>\n<\/tr>\n<tr>\n<td>Svars<\/td>\n<td>Atkar\u012bgs no izv\u0113l\u0113t\u0101s konfigur\u0101cijas<\/td>\n<\/tr>\n<\/tbody>\n<\/table>\n<p>LFM-L s\u0113rija atbalsta ar\u012b uzlabotu programmat\u016bru, kas \u013cauj veikt testu anal\u012bzi, datu p\u0101rvald\u012bbu un arhiv\u0113\u0161anu. Iek\u0101rtas modul\u0101rais dizains \u013cauj to piel\u0101got individu\u0101l\u0101m lietot\u0101ju vajadz\u012bb\u0101m, nodro\u0161inot lielu elast\u012bbu test\u0113\u0161anas laik\u0101.<\/p>\n<p><strong>Lieto\u0161anas jomas:<\/strong><\/p>\n<ul>\n<li>T\u0113rauda un met\u0101la p\u0101rbaude<\/li>\n<li>Elast\u012bgo materi\u0101lu (gumijas, tekstilizstr\u0101d\u0101jumu) p\u0113t\u012bjumi<\/li>\n<li>Plastmasas, gumijas un kompoz\u012btmateri\u0101lu test\u0113\u0161ana<\/li>\n<li>Kvalit\u0101tes kontrole r\u016bpniec\u012bb\u0101<\/li>\n<\/ul>\n<p><strong>LFM-L s\u0113rija<\/strong> no <strong>Valters+Bai<\/strong> ir lielisks risin\u0101jums laboratorij\u0101m un p\u0113tniec\u012bbas centriem, kur, test\u0113jot materi\u0101lus ar mazu slodzi, ir nepiecie\u0161ama augsta precizit\u0101te un uzticam\u012bba.<\/p>","protected":false},"excerpt":{"rendered":"<p>Elektromeh\u0101nisk\u0101 materi\u0101lu p\u0101rbaudes iek\u0101rta LFM-L s\u0113rija <strong>(l\u012bdz 25 kN)<\/strong> ir elektromeh\u0101niska materi\u0101lu test\u0113\u0161anas iek\u0101rta, kas paredz\u0113ta meh\u0101nisku testu veik\u0161anai ar mazu sp\u0113ku, piem\u0113ram, stiepes, spiedes un lieces testu veik\u0161anai. \u0160\u012b s\u0113rija ir ide\u0101li piem\u0113rota laboratorij\u0101m un p\u0113tniec\u012bbas iest\u0101d\u0113m, kur nepiecie\u0161ama augsta precizit\u0101te pie zem\u0101m slodz\u0113m. Ar viegli lietojamu digit\u0101lo vad\u012bbas saskarni LFM-L iek\u0101rta \u013cauj \u0101tri iestat\u012bt testa parametrus un prec\u012bzi uzraudz\u012bt rezult\u0101tus. Iek\u0101rta ir piel\u0101gojama da\u017e\u0101diem materi\u0101liem, tostarp met\u0101liem, plastmasai, gumijai un tekstilizstr\u0101d\u0101jumiem, padarot to par \u0101rk\u0101rt\u012bgi daudzpus\u012bgu un uzticamu test\u0113\u0161anas sist\u0113mu.<\/p>","protected":false},"featured_media":21583,"template":"","meta":[],"product_cat":[138,86],"product_tag":[],"class_list":{"0":"post-21570","1":"product","2":"type-product","3":"status-publish","4":"has-post-thumbnail","6":"product_brand-walter-bai-ag","7":"product_cat-mechaniniu-savybiu-tyrimo-iranga","8":"product_cat-medziagotyra","10":"first","11":"instock","12":"shipping-taxable","13":"product-type-simple"},"_links":{"self":[{"href":"https:\/\/labostera.lt\/lv\/wp-json\/wp\/v2\/product\/21570","targetHints":{"allow":["GET"]}}],"collection":[{"href":"https:\/\/labostera.lt\/lv\/wp-json\/wp\/v2\/product"}],"about":[{"href":"https:\/\/labostera.lt\/lv\/wp-json\/wp\/v2\/types\/product"}],"wp:featuredmedia":[{"embeddable":true,"href":"https:\/\/labostera.lt\/lv\/wp-json\/wp\/v2\/media\/21583"}],"wp:attachment":[{"href":"https:\/\/labostera.lt\/lv\/wp-json\/wp\/v2\/media?parent=21570"}],"wp:term":[{"taxonomy":"product_cat","embeddable":true,"href":"https:\/\/labostera.lt\/lv\/wp-json\/wp\/v2\/product_cat?post=21570"},{"taxonomy":"product_tag","embeddable":true,"href":"https:\/\/labostera.lt\/lv\/wp-json\/wp\/v2\/product_tag?post=21570"}],"curies":[{"name":"wp","href":"https:\/\/api.w.org\/{rel}","templated":true}]}}