{"id":21557,"date":"2024-09-25T12:47:10","date_gmt":"2024-09-25T09:47:10","guid":{"rendered":"http:\/\/labostera.lt\/?post_type=product&#038;p=21557"},"modified":"2024-09-26T14:13:59","modified_gmt":"2024-09-26T11:13:59","slug":"elektromechanine-medziagu-testavimo-masina-lfm","status":"publish","type":"product","link":"https:\/\/labostera.lt\/lv\/priemones-ir-iranga\/laboratorine-iranga\/medziagotyra\/mechaniniu-savybiu-tyrimo-iranga\/elektromechanine-medziagu-testavimo-masina-lfm\/","title":{"rendered":"Elektromeh\u0101nisk\u0101 materi\u0101lu p\u0101rbaudes iek\u0101rta LFM"},"content":{"rendered":"<p>Elektromeh\u0101nisk\u0101 materi\u0101lu p\u0101rbaudes iek\u0101rta LFM no <strong>Valters+Bai<\/strong> ir uzlabota materi\u0101lu test\u0113\u0161anas sist\u0113ma, kas piel\u0101gota da\u017e\u0101d\u0101m nozar\u0113m un zin\u0101tniskajiem p\u0113t\u012bjumiem. \u0160\u012b sist\u0113ma ir izstr\u0101d\u0101ta, lai atbilstu augst\u0101m precizit\u0101tes, uzticam\u012bbas un elast\u012bbas pras\u012bb\u0101m, \u013caujot veikt pla\u0161u testu kl\u0101stu, tostarp stiepes, spiedes, lieces un citus statiskos testus.<\/p>\n<p>LFM s\u0113rija ir paredz\u0113ta gan smalkai, gan rupjai meh\u0101niskai p\u0101rbaudei, un t\u0101s pla\u0161ais sp\u0113ka diapazons \u2013 no 150 kN l\u012bdz 400 kN \u2013 padara to piem\u0113rotu da\u017e\u0101diem materi\u0101liem, piem\u0113ram, met\u0101liem, plastmasai, kompoz\u012btmateri\u0101liem utt. \u0160\u012bs test\u0113\u0161anas iek\u0101rtas ir optimiz\u0113tas laboratorij\u0101m un r\u016bpniecisk\u0101s ra\u017eo\u0161anas uz\u0146\u0113mumiem, kas v\u0113las nodro\u0161in\u0101t augstu produktu kvalit\u0101ti.<\/p>\n<p><strong>LFM s\u0113rijas galven\u0101s iez\u012bmes:<\/strong><\/p>\n<ul>\n<li><strong>Precizit\u0101te un atk\u0101rtojam\u012bba:<\/strong> LFM s\u0113rija nodro\u0161ina \u00b10,5 % sp\u0113ka precizit\u0101ti pat pie maksim\u0101l\u0101m slodz\u0113m, \u013caujot prec\u012bzi izm\u0113r\u012bt materi\u0101la uzved\u012bbu.<\/li>\n<li><strong>Pla\u0161s pielietojumu kl\u0101sts:<\/strong> Iek\u0101rta ir piel\u0101gojama da\u017e\u0101du r\u016bpniec\u012bbas jomu vajadz\u012bb\u0101m, s\u0101kot no met\u0101lu test\u0113\u0161anas l\u012bdz sare\u017e\u0123\u012btu kompoz\u012btmateri\u0101lu izp\u0113tei.<\/li>\n<li><strong>Intuit\u012bva vad\u012bbas sist\u0113ma:<\/strong> Digit\u0101l\u0101 vad\u012bbas saskarne \u013cauj viegli iestat\u012bt testa parametrus un uzraudz\u012bt rezult\u0101tu datus re\u0101llaik\u0101.<\/li>\n<li><strong>Modul\u0101rs dizains:<\/strong> Ma\u0161\u012bnu var piel\u0101got ar da\u017e\u0101diem satv\u0113r\u0113jiem un piederumiem, lai apmierin\u0101tu \u012bpa\u0161as test\u0113\u0161anas vajadz\u012bbas.<\/li>\n<li><strong>Uzticam\u012bba:<\/strong> Iztur\u012bga konstrukcija un augstas kvalit\u0101tes komponenti nodro\u0161ina ilgsto\u0161u lieto\u0161anu intens\u012bvos apst\u0101k\u013cos.<\/li>\n<\/ul>\n<p><strong>Tehnisk\u0101s specifik\u0101cijas:<\/strong><\/p>\n<table>\n<thead>\n<tr>\n<th>Specifik\u0101cija<\/th>\n<th>V\u0113rt\u012bba<\/th>\n<\/tr>\n<\/thead>\n<tbody>\n<tr>\n<td>Maksim\u0101lais sp\u0113ks<\/td>\n<td>150\u00a0kN\u2013400\u00a0kN<\/td>\n<\/tr>\n<tr>\n<td>Testu veidi<\/td>\n<td>Stiep\u0161an\u0101s, saspie\u0161ana, liek\u0161an\u0101s<\/td>\n<\/tr>\n<tr>\n<td>Jaudas precizit\u0101te<\/td>\n<td>\u00b1 0,5 %<\/td>\n<\/tr>\n<tr>\n<td>\u0100truma diapazons<\/td>\n<td>0,001\u2013500 mm\/min<\/td>\n<\/tr>\n<tr>\n<td>Darbpl\u016bsma<\/td>\n<td>L\u012bdz 1500 mm<\/td>\n<\/tr>\n<tr>\n<td>Ekr\u0101na tips<\/td>\n<td>Digit\u0101ls ar vad\u012bbas saskarni<\/td>\n<\/tr>\n<tr>\n<td>Vad\u012bbas sist\u0113ma<\/td>\n<td>Programm\u0113jams ar digit\u0101lo vad\u012bbu<\/td>\n<\/tr>\n<tr>\n<td>Programmat\u016bras atbalsts<\/td>\n<td>Windows platforma, integr\u0113ta datu anal\u012bze<\/td>\n<\/tr>\n<tr>\n<td>Piederumi<\/td>\n<td>Satv\u0113r\u0113ji, skavas, tenzometrs<\/td>\n<\/tr>\n<tr>\n<td>Svars<\/td>\n<td>Atkar\u012bgs no izv\u0113l\u0113t\u0101s konfigur\u0101cijas<\/td>\n<\/tr>\n<\/tbody>\n<\/table>\n<p>LFM s\u0113rija atbalsta ar\u012b programmat\u016bru, kas \u013cauj veikt testu anal\u012bzi un datu apstr\u0101des kontroli. Izmantojot \u0161o sist\u0113mu, testu rezult\u0101tus var viegli arhiv\u0113t un izmantot kvalit\u0101tes kontrolei.<\/p>\n<p><strong>Lieto\u0161anas jomas:<\/strong><\/p>\n<ul>\n<li>Met\u0101lu un sakaus\u0113jumu p\u0101rbaude<\/li>\n<li>Plastmasas, gumijas un polim\u0113ru p\u0113t\u012bjumi<\/li>\n<li>B\u016bvmateri\u0101lu meh\u0101nisko \u012bpa\u0161\u012bbu nov\u0113rt\u0113\u0161ana<\/li>\n<li>Kompoz\u012btmateri\u0101lu test\u0113\u0161ana<\/li>\n<\/ul>\n<p><strong>LFM s\u0113rija<\/strong> no <strong>Valters+Bai<\/strong> ir ide\u0101ls risin\u0101jums gan r\u016bpnieciskai kvalit\u0101tes kontrolei, gan zin\u0101tniskajai p\u0113tniec\u012bbai, nodro\u0161inot augstu precizit\u0101ti un uzticam\u012bbu. T\u0101 modul\u0101r\u0101 strukt\u016bra un pla\u0161ais piederumu kl\u0101sts nodro\u0161ina lielu elast\u012bbu da\u017e\u0101d\u0101m test\u0113\u0161anas vajadz\u012bb\u0101m.<\/p>","protected":false},"excerpt":{"rendered":"<p>Elektromeh\u0101nisk\u0101 materi\u0101lu p\u0101rbaudes iek\u0101rta LFM ir paredz\u0113ta da\u017e\u0101du meh\u0101nisko testu, piem\u0113ram, stiepes, spiedes un lieces, veik\u0161anai. \u0160\u012b s\u0113rija ir paredz\u0113ta prec\u012bzai met\u0101lu, kompoz\u012btmateri\u0101lu, plastmasas un citu materi\u0101lu test\u0113\u0161anai, nodro\u0161inot elast\u012bbu, precizit\u0101ti un augstu veiktsp\u0113ju laboratorijas un r\u016bpnieciskiem lietojumiem. Iek\u0101rta pied\u0101v\u0101 augstu precizit\u0101ti sp\u0113ka diapazon\u0101 l\u012bdz 400 kN un ir sader\u012bga ar da\u017e\u0101diem test\u0113\u0161anas piederumiem, nodro\u0161inot vienk\u0101r\u0161u konfigur\u0113\u0161anu un rezult\u0101tu uzraudz\u012bbu re\u0101llaik\u0101, izmantojot intuit\u012bvu vad\u012bbas sist\u0113mu.<\/p>","protected":false},"featured_media":21560,"template":"","meta":[],"product_cat":[138,86],"product_tag":[],"class_list":{"0":"post-21557","1":"product","2":"type-product","3":"status-publish","4":"has-post-thumbnail","6":"product_brand-walter-bai-ag","7":"product_cat-mechaniniu-savybiu-tyrimo-iranga","8":"product_cat-medziagotyra","10":"first","11":"instock","12":"shipping-taxable","13":"product-type-simple"},"_links":{"self":[{"href":"https:\/\/labostera.lt\/lv\/wp-json\/wp\/v2\/product\/21557","targetHints":{"allow":["GET"]}}],"collection":[{"href":"https:\/\/labostera.lt\/lv\/wp-json\/wp\/v2\/product"}],"about":[{"href":"https:\/\/labostera.lt\/lv\/wp-json\/wp\/v2\/types\/product"}],"wp:featuredmedia":[{"embeddable":true,"href":"https:\/\/labostera.lt\/lv\/wp-json\/wp\/v2\/media\/21560"}],"wp:attachment":[{"href":"https:\/\/labostera.lt\/lv\/wp-json\/wp\/v2\/media?parent=21557"}],"wp:term":[{"taxonomy":"product_cat","embeddable":true,"href":"https:\/\/labostera.lt\/lv\/wp-json\/wp\/v2\/product_cat?post=21557"},{"taxonomy":"product_tag","embeddable":true,"href":"https:\/\/labostera.lt\/lv\/wp-json\/wp\/v2\/product_tag?post=21557"}],"curies":[{"name":"wp","href":"https:\/\/api.w.org\/{rel}","templated":true}]}}