{"id":21490,"date":"2024-09-23T14:18:31","date_gmt":"2024-09-23T11:18:31","guid":{"rendered":"http:\/\/labostera.lt\/?post_type=product&#038;p=21490"},"modified":"2024-09-23T15:42:34","modified_gmt":"2024-09-23T12:42:34","slug":"plastikine-forma-betono-meginiu-tyrimams","status":"publish","type":"product","link":"https:\/\/labostera.lt\/lv\/priemones-ir-iranga\/laboratorine-iranga\/medziagotyra\/bandiniu-paruosimo-iranga\/plastikine-forma-betono-meginiu-tyrimams\/","title":{"rendered":"Plastmasas veidne betona paraugu test\u0113\u0161anai"},"content":{"rendered":"<p><strong>Plastmasas veidne betona paraugu test\u0113\u0161anai<\/strong><\/p>\n<p>\u0160\u012b plastmasas paraugu veidne ir b\u016btisks instruments betona paraugu lie\u0161anai laboratorij\u0101s. Veidne ir izgatavota no pastiprin\u0101tas plastmasas, t\u0101 ir viegla un iztur\u012bga, t\u0101p\u0113c to ir viegli lietot un transport\u0113t. Plastmasas konstrukcija ir ar\u012b iztur\u012bga pret \u0137\u012bmisku iedarb\u012bbu, nodro\u0161inot ilgsto\u0161u lieto\u0161anu intens\u012bvos darba apst\u0101k\u013cos.<\/p>\n<p>Veidne ir cilindriska un piem\u0113rota cilindrisku betona paraugu sagatavo\u0161anai meh\u0101niskiem testiem, piem\u0113ram, spiedes vai stiepes testiem. \u0160\u012b veidne ir ide\u0101li piem\u0113rota laboratorij\u0101m, kas veic testus ar da\u017e\u0101du veidu b\u016bvmateri\u0101liem. T\u0101s konstrukcija \u013cauj viegli un \u0101tri liet paraugus, kas pal\u012bdz ietaup\u012bt laiku test\u0113\u0161anas laik\u0101.<\/p>\n<p>Plastmasas veidne atbilst ar\u012b vair\u0101kiem svar\u012bgiem starptautiskiem standartiem, tostarp ISO un ASTM pras\u012bb\u0101m. Veidne nodro\u0161ina, ka katrs betona paraugs b\u016bs identisks, t\u0101d\u0113j\u0101di garant\u0113jot uzticamus un konsekventus testa rezult\u0101tus.<\/p>\n<p><strong>Specifik\u0101cijas<\/strong>:<\/p>\n<ul>\n<li><strong>Materi\u0101ls<\/strong>Pastiprin\u0101ta plastmasa<\/li>\n<li><strong>Cilindra izm\u0113rs<\/strong>150 \u00d7 300 mm<\/li>\n<li><strong>Standarti<\/strong>ISO, ASTM<\/li>\n<\/ul>\n<p>\u0160\u012b plastmasas veidne ir neaizst\u0101jama laboratorijas testiem, kur cilindriskiem betona paraugiem ir j\u0101pie\u0161\u0137ir prec\u012bza forma. T\u0101s konstrukcija nodro\u0161ina uzticam\u012bbu un iztur\u012bbu test\u0113\u0161anas laik\u0101, garant\u0113jot augstas kvalit\u0101tes rezult\u0101tus.<\/p>","protected":false},"excerpt":{"rendered":"<p><strong>Plastmasas veidne betona paraugu test\u0113\u0161anai<\/strong><br \/>\nPlastmasas paraugu veidne, kas paredz\u0113ta prec\u012bzai betona paraugu sagatavo\u0161anai stipr\u012bbas p\u0101rbaudei. Pastiprin\u0101ta plastmasas konstrukcija nodro\u0161ina iztur\u012bbu un ilgm\u016b\u017e\u012bbu, savuk\u0101rt veidne ir viegla un \u0113rti lietojama laboratorij\u0101s. Piem\u0113rota betona cilindrisku paraugu lie\u0161anai atbilsto\u0161i starptautiskajiem standartiem.ai.<\/p>","protected":false},"featured_media":21494,"template":"","meta":[],"product_cat":[137],"product_tag":[],"class_list":{"0":"post-21490","1":"product","2":"type-product","3":"status-publish","4":"has-post-thumbnail","6":"product_cat-bandiniu-paruosimo-iranga","8":"first","9":"instock","10":"shipping-taxable","11":"product-type-simple"},"_links":{"self":[{"href":"https:\/\/labostera.lt\/lv\/wp-json\/wp\/v2\/product\/21490","targetHints":{"allow":["GET"]}}],"collection":[{"href":"https:\/\/labostera.lt\/lv\/wp-json\/wp\/v2\/product"}],"about":[{"href":"https:\/\/labostera.lt\/lv\/wp-json\/wp\/v2\/types\/product"}],"wp:featuredmedia":[{"embeddable":true,"href":"https:\/\/labostera.lt\/lv\/wp-json\/wp\/v2\/media\/21494"}],"wp:attachment":[{"href":"https:\/\/labostera.lt\/lv\/wp-json\/wp\/v2\/media?parent=21490"}],"wp:term":[{"taxonomy":"product_cat","embeddable":true,"href":"https:\/\/labostera.lt\/lv\/wp-json\/wp\/v2\/product_cat?post=21490"},{"taxonomy":"product_tag","embeddable":true,"href":"https:\/\/labostera.lt\/lv\/wp-json\/wp\/v2\/product_tag?post=21490"}],"curies":[{"name":"wp","href":"https:\/\/api.w.org\/{rel}","templated":true}]}}