{"id":21471,"date":"2024-06-14T15:27:52","date_gmt":"2024-06-14T12:27:52","guid":{"rendered":"http:\/\/labostera.lt\/?post_type=product&#038;p=21471"},"modified":"2024-06-14T15:36:07","modified_gmt":"2024-06-14T12:36:07","slug":"mobilus-vandens-srauto-matuoklis-teledyne-rd-instruments-streampro-adcp","status":"publish","type":"product","link":"https:\/\/labostera.lt\/lv\/priemones-ir-iranga\/laboratorine-iranga\/aplinkotyra\/hidrologine-meteorologine-iranga\/mobilus-vandens-srauto-matuoklis-teledyne-rd-instruments-streampro-adcp\/","title":{"rendered":"Mobilais \u016bdens pl\u016bsmas m\u0113r\u012bt\u0101js Teledyne RD Instruments StreamPro ADCP"},"content":{"rendered":"<p>StreamPro ADCP ir mobilais \u016bdens pl\u016bsmas m\u0113r\u012bt\u0101js, kas paredz\u0113ts prec\u012bziem un \u0101triem pl\u016bsmas m\u0113r\u012bjumiem sekl\u0101 \u016bden\u012b no 0,1 m l\u012bdz 6 m dzi\u013cumam. Izmantojot kust\u012bga ku\u0123a metodi, ier\u012bci var vad\u012bt ar virv\u0113m vai gumijas laivu, m\u0113rot vid\u0113jo pl\u016bsmas \u0101trumu \u0161\u016bn\u0101s da\u017e\u0101dos dzi\u013cumos. StreamPro autom\u0101tiski konfigur\u0113jas, \u013caujot lietot\u0101jam s\u0101kt m\u0113r\u012bjumus, ievadot \u016bdens dzi\u013cumu un att\u0101lumu no krasta. Ier\u012bcei ir Bluetooth saskarne bezvadu datu p\u0101rs\u016bt\u012b\u0161anai uz plan\u0161etdatoru vai kl\u0113pjdatoru.<\/p>\n<p>Galven\u0101s iez\u012bmes:<\/p>\n<ul>\n<li>M\u0113ra pl\u016bsmas \u0101trumu l\u012bdz 2 m\/s (ar standarta stiprin\u0101jumu) vai l\u012bdz 3,5 m\/s (ar RiverBoatSP stiprin\u0101jumu)<\/li>\n<li>Autom\u0101tiska konfigur\u0101cija un vienk\u0101r\u0161a lieto\u0161ana<\/li>\n<li>Augstas iz\u0161\u0137irtsp\u0113jas pl\u016bsmas profil\u0113\u0161ana<\/li>\n<li>Piem\u0113rots m\u0113r\u012bjumiem ar zemu suspend\u0113to cietvielu daudzumu<\/li>\n<\/ul>\n<p>Tehniskie dati:<\/p>\n<ul>\n<li>M\u0113r\u012b\u0161anas frekvence: 2 MHz<\/li>\n<li>Precizit\u0101te: \u00b11 % \u016bdens \u0101trums, \u00b10,20 cm\/s<\/li>\n<li>M\u0113r\u012b\u0161anas diapazons: no -5 l\u012bdz +5 m\/s<\/li>\n<li>Darba temperat\u016bra: no -5\u00b0C l\u012bdz +45\u00b0C<\/li>\n<li>Baro\u0161ana: 8 x 1,5 V AA baterijas<\/li>\n<\/ul>","protected":false},"excerpt":{"rendered":"<p>StreamPro ADCP \u2013 mobilais \u016bdens pl\u016bsmas m\u0113r\u012bt\u0101js, kas paredz\u0113ts prec\u012bziem un \u0101triem pl\u016bsmas m\u0113r\u012bjumiem sekl\u0101 \u016bden\u012b, ar autom\u0101tisku konfigur\u0101ciju un Bluetooth saskarni.<\/p>\n<div id=\"gtx-trans\" style=\"position: absolute; left: -143px; top: -9.27841px;\">\n<div class=\"gtx-trans-icon\"><\/div>\n<\/div>","protected":false},"featured_media":21474,"template":"","meta":[],"product_cat":[83,108,76],"product_tag":[395,427,428],"class_list":{"0":"post-21471","1":"product","2":"type-product","3":"status-publish","4":"has-post-thumbnail","6":"product_cat-aplinkotyra","7":"product_cat-hidrologine-meteorologine-iranga","8":"product_cat-laboratorine-iranga","9":"product_tag-seba-hydrometrie-gmbh-co-kg","10":"product_tag-vandens-sroves-matuokliai","11":"product_tag-water-current-meters","13":"first","14":"onbackorder","15":"shipping-taxable","16":"product-type-simple"},"_links":{"self":[{"href":"https:\/\/labostera.lt\/lv\/wp-json\/wp\/v2\/product\/21471","targetHints":{"allow":["GET"]}}],"collection":[{"href":"https:\/\/labostera.lt\/lv\/wp-json\/wp\/v2\/product"}],"about":[{"href":"https:\/\/labostera.lt\/lv\/wp-json\/wp\/v2\/types\/product"}],"wp:featuredmedia":[{"embeddable":true,"href":"https:\/\/labostera.lt\/lv\/wp-json\/wp\/v2\/media\/21474"}],"wp:attachment":[{"href":"https:\/\/labostera.lt\/lv\/wp-json\/wp\/v2\/media?parent=21471"}],"wp:term":[{"taxonomy":"product_cat","embeddable":true,"href":"https:\/\/labostera.lt\/lv\/wp-json\/wp\/v2\/product_cat?post=21471"},{"taxonomy":"product_tag","embeddable":true,"href":"https:\/\/labostera.lt\/lv\/wp-json\/wp\/v2\/product_tag?post=21471"}],"curies":[{"name":"wp","href":"https:\/\/api.w.org\/{rel}","templated":true}]}}