{"id":21465,"date":"2024-06-13T16:29:05","date_gmt":"2024-06-13T13:29:05","guid":{"rendered":"http:\/\/labostera.lt\/?post_type=product&#038;p=21465"},"modified":"2024-06-13T16:35:08","modified_gmt":"2024-06-13T13:35:08","slug":"vandens-srauto-matuoklis-seba-flowflat","status":"publish","type":"product","link":"https:\/\/labostera.lt\/lv\/priemones-ir-iranga\/laboratorine-iranga\/aplinkotyra\/hidrologine-meteorologine-iranga\/vandens-srauto-matuoklis-seba-flowflat\/","title":{"rendered":"\u016adens pl\u016bsmas m\u0113r\u012bt\u0101js SEBA FlowFlat"},"content":{"rendered":"<p><strong>lowFlat \u2013 p\u0101rn\u0113s\u0101jams pl\u016bsmas m\u0113r\u012bt\u0101js ar magn\u0113tisk\u0101s indukcijas sensoru<\/strong><\/p>\n<p>FlowFlat ir daudzpus\u012bga ier\u012bce mobilai pl\u016bsmas m\u0113r\u012b\u0161anai ar magnetoindukt\u012bvu sensoru, kas piem\u0113rota lieto\u0161anai viet\u0101s, kur citas metodes nevar prec\u012bzi izm\u0113r\u012bt. T\u0101 ir piem\u0113rota lieto\u0161anai zem\u0101 pl\u016bsmas \u0101trum\u0101, \u016bde\u0146os ar bl\u012bvu ve\u0123et\u0101ciju un \u016bdenstilp\u0113s ar zemu suspend\u0113to cietvielu saturu.<\/p>\n<p>Galven\u0101s iez\u012bmes:<\/p>\n<ul>\n<li>Mobilie m\u0113r\u012bjumi up\u0113s, strautos, kan\u0101los un da\u013c\u0113ji piepild\u012bt\u0101s caurul\u0113s<\/li>\n<li>Integr\u0113ts LCD displejs ar fona apgaismojumu<\/li>\n<li>Akumulatora darb\u012bbas laiks: aptuveni 37 stundas<\/li>\n<\/ul>\n<p>Tehniskie dati:<\/p>\n<ul>\n<li>M\u0113r\u012b\u0161anas diapazons: no -5 l\u012bdz +5 m\/s<\/li>\n<li>Precizit\u0101te: \u00b10,5 %<\/li>\n<li>Minim\u0101lais dzi\u013cums: 5 cm<\/li>\n<li>Aizsardz\u012bbas klase: IP67<\/li>\n<\/ul>\n<p>Lieto\u0161anas jomas:<\/p>\n<ul>\n<li>Pl\u016bsmas m\u0113r\u012bjumi \u016bdenstilp\u0113s un caurul\u0113s<\/li>\n<li>\u016adenstilpju ar zemu suspend\u0113to cietvielu saturu m\u0113r\u012bjumi<\/li>\n<\/ul>","protected":false},"excerpt":{"rendered":"<p>FlowFlat ir univers\u0101ls p\u0101rn\u0113s\u0101jams pl\u016bsmas m\u0113r\u012bt\u0101js ar magnetoindukt\u012bvu sensoru, kas paredz\u0113ts prec\u012bzai pl\u016bsmas m\u0113r\u012b\u0161anai pie zema pl\u016bsmas \u0101truma un \u016bde\u0146os ar bl\u012bvu ve\u0123et\u0101ciju.<\/p>","protected":false},"featured_media":21468,"template":"","meta":[],"product_cat":[83,108,76],"product_tag":[395,427,428],"class_list":{"0":"post-21465","1":"product","2":"type-product","3":"status-publish","4":"has-post-thumbnail","6":"product_cat-aplinkotyra","7":"product_cat-hidrologine-meteorologine-iranga","8":"product_cat-laboratorine-iranga","9":"product_tag-seba-hydrometrie-gmbh-co-kg","10":"product_tag-vandens-sroves-matuokliai","11":"product_tag-water-current-meters","13":"first","14":"onbackorder","15":"shipping-taxable","16":"product-type-simple"},"_links":{"self":[{"href":"https:\/\/labostera.lt\/lv\/wp-json\/wp\/v2\/product\/21465","targetHints":{"allow":["GET"]}}],"collection":[{"href":"https:\/\/labostera.lt\/lv\/wp-json\/wp\/v2\/product"}],"about":[{"href":"https:\/\/labostera.lt\/lv\/wp-json\/wp\/v2\/types\/product"}],"wp:featuredmedia":[{"embeddable":true,"href":"https:\/\/labostera.lt\/lv\/wp-json\/wp\/v2\/media\/21468"}],"wp:attachment":[{"href":"https:\/\/labostera.lt\/lv\/wp-json\/wp\/v2\/media?parent=21465"}],"wp:term":[{"taxonomy":"product_cat","embeddable":true,"href":"https:\/\/labostera.lt\/lv\/wp-json\/wp\/v2\/product_cat?post=21465"},{"taxonomy":"product_tag","embeddable":true,"href":"https:\/\/labostera.lt\/lv\/wp-json\/wp\/v2\/product_tag?post=21465"}],"curies":[{"name":"wp","href":"https:\/\/api.w.org\/{rel}","templated":true}]}}